{"id":61398,"date":"2024-02-14T20:22:23","date_gmt":"2024-09-16T10:48:43","guid":{"rendered":"https:\/\/staging.nbg.eu\/product\/geissele-15-super-modular-rail-mk16-m-lok\/"},"modified":"2024-09-16T10:49:46","modified_gmt":"2024-09-16T10:49:46","slug":"geissele-15-super-modular-rail-mk16-m-lok","status":"publish","type":"product","link":"https:\/\/staging.nbg.eu\/sl\/izdelek\/geissele-15-super-modular-rail-mk16-m-lok\/","title":{"rendered":"Geissele 15&#8243; Super Modular Rail MK16 M-LOK\u00ae"},"content":{"rendered":"<h2 style=\"text-align: center\"><strong>15\u2033 Super modularno vodilo MK16 M-LOK\u00ae<\/strong><\/h2>\n<p>Geissele Super modularno vodilo MK16 se namesti na zgornji del pu\u0161ke AR-15 z uporabo posodobljene razli\u010dice Geissele matice cevi. Vodilo je enostavno za namestitev in vzdr\u017eevanje ter ponuja visoko togost. Jezi\u010dki proti rotaciji in nastavitveni vijaki zagotavljajo, da se vodilo ne bo vrtelo. Picatinny vodilo na vrhu in M-LOK\u2122 re\u017ee na vseh stranicah omogo\u010dajo namestitev dodatne opreme. Vodilo je natan\u010dno obdelano iz aluminija serije 7000 in obdelano s trdo anodizacijo tipa 3.<\/p>\n<p>Super modularno vodilo 13,5&#8243; (SMR) MK16 M-LOK\u00ae, NSN# 1005-01-672-4794 (13,5&#8243;), je bilo sprejeto s strani USASOC za program URG-I (izbolj\u0161ana skupina zgornjega sprejemnika).<\/p>\n<h2 style=\"text-align: center\"><strong>SPECIFIKACIJE<\/strong><\/h2>\n<hr \/>\n<table border=\"1\">\n<tbody>\n<tr>\n<td><strong>VI\u0160INA: <\/strong><\/td>\n<td> 2,39&#8243;<\/td>\n<\/tr>\n<tr>\n<td><strong>BARVA: <\/strong><\/td>\n<td> \u010crna, DDC, Siva, ODG<\/td>\n<\/tr>\n<tr>\n<td><strong>MATERIAL: <\/strong><\/td>\n<td> Aluminij serije 7000<\/td>\n<\/tr>\n<tr>\n<td><strong>KON\u010cNA OBDELAVA: <\/strong><\/td>\n<td> Trda anodizacija tipa 3<\/td>\n<\/tr>\n<tr>\n<td><strong>RAZPOLO\u017dLJIVE DOL\u017dINE: <\/strong><\/td>\n<td> 9,3&#8243;, 10,5&#8243;, 13,5&#8243;<\/td>\n<\/tr>\n<tr>\n<td><strong>NOTRANJI PREMER: <\/strong><\/td>\n<td> 1,26&#8243;<\/td>\n<\/tr>\n<tr>\n<td><strong>ZUNANJI PREMER (DAQ*): <\/strong><\/td>\n<td> 1,59&#8243;<\/td>\n<\/tr>\n<tr>\n<td><strong>TE\u017dA SMR MK16 9,3&#8243;: <\/strong><\/td>\n<td> 10,1 oz (11,74 oz z matico cevi)<\/td>\n<\/tr>\n<tr>\n<td><strong>TE\u017dA SMR MK16 10,5&#8243;: <\/strong><\/td>\n<td> 11 oz (12,6 oz z matico cevi)<\/td>\n<\/tr>\n<tr>\n<td><strong>TE\u017dA SMR MK16 13,5&#8243;: <\/strong><\/td>\n<td> 13,4 oz (14,9 oz z matico cevi)<\/td>\n<\/tr>\n<\/tbody>\n<\/table>\n<p><em>*DAQ &#8211; Razdalja med kvadranti<\/em><\/p>\n","protected":false},"excerpt":{"rendered":"<p><strong>Neprekosljiva zmogljivost za najzahtevnej\u0161e strelce<\/strong><\/p>\n","protected":false},"featured_media":61399,"template":"","meta":{"_acf_changed":false},"product_brand":[11389],"product_cat":[13480,13432,13483,13431],"product_tag":[],"class_list":{"0":"post-61398","1":"product","2":"type-product","3":"status-publish","4":"has-post-thumbnail","6":"product_brand-geissele","7":"product_cat-karabinke","8":"product_cat-nastavitve-puske","9":"product_cat-puska","10":"product_cat-tirnice","12":"first","13":"instock","14":"taxable","15":"shipping-taxable","16":"product-type-variable","17":"wvs-archive-product-wrapper"},"acf":[],"_links":{"self":[{"href":"https:\/\/staging.nbg.eu\/sl\/wp-json\/wp\/v2\/product\/61398","targetHints":{"allow":["GET"]}}],"collection":[{"href":"https:\/\/staging.nbg.eu\/sl\/wp-json\/wp\/v2\/product"}],"about":[{"href":"https:\/\/staging.nbg.eu\/sl\/wp-json\/wp\/v2\/types\/product"}],"wp:featuredmedia":[{"embeddable":true,"href":"https:\/\/staging.nbg.eu\/sl\/wp-json\/wp\/v2\/media\/61399"}],"wp:attachment":[{"href":"https:\/\/staging.nbg.eu\/sl\/wp-json\/wp\/v2\/media?parent=61398"}],"wp:term":[{"taxonomy":"product_brand","embeddable":true,"href":"https:\/\/staging.nbg.eu\/sl\/wp-json\/wp\/v2\/product_brand?post=61398"},{"taxonomy":"product_cat","embeddable":true,"href":"https:\/\/staging.nbg.eu\/sl\/wp-json\/wp\/v2\/product_cat?post=61398"},{"taxonomy":"product_tag","embeddable":true,"href":"https:\/\/staging.nbg.eu\/sl\/wp-json\/wp\/v2\/product_tag?post=61398"}],"curies":[{"name":"wp","href":"https:\/\/api.w.org\/{rel}","templated":true}]}}