{"id":61216,"date":"2024-02-14T20:33:29","date_gmt":"2024-09-16T10:40:36","guid":{"rendered":"https:\/\/staging.nbg.eu\/product\/geissele-16-super-modular-rail-mk18-m-lok\/"},"modified":"2024-09-16T10:41:41","modified_gmt":"2024-09-16T10:41:41","slug":"geissele-16-super-modular-rail-mk18-m-lok","status":"publish","type":"product","link":"https:\/\/staging.nbg.eu\/sl\/izdelek\/geissele-16-super-modular-rail-mk18-m-lok\/","title":{"rendered":"Geissele 16&#8243; Super Modular Rail MK18 M-LOK\u00ae"},"content":{"rendered":"<h2 style=\"text-align: center\"><b>16&#8243; Super modularno vodilo MK18 M-LOK\u00ae<\/b><\/h2>\n<p>MK18 je najnovej\u0161i v seriji Geissele super modularnih vodil in je posebej izdelan za uporabo s sistemom <b>Arca-Swiss za hitro sprostitev<\/b>. To novo prednje vodilo temelji na MK16 M-LOK super modularnem vodilu, z majhnim premerom in skupno vi\u0161ino. Ravna osnova MK18 ima 35 mm \u0161iroko obliko v &#8220;Arca slogu&#8221; s 45-stopinjskim utorom, ki omogo\u010da hitro pritrditev na Arca-Swiss osnovo za hitro sprostitev. MK18 vklju\u010duje Geissele <b>lastno 2,25&#8243; dolgo matico cevi<\/b>. 16&#8243; dolg MK18 je 3D precizno obdelan iz aluminija serije 7000.<\/p>\n<p>Z uporabo <b>Magpulove M-LOK tehnologije na treh glavnih kvadrantih<\/b> (levo, desno in spodaj) ter zgornjih 45\u00b0 MK18 omogo\u010da prilagodljivost. MK18 super modularno vodilo je <b>kon\u010dano s trpe\u017eno in dolgotrajno anodizacijo tipa 3<\/b>, na voljo v \u010drni ali Geissele DDC barvi.<\/p>\n<p>Geissele super modularno vodilo MK18 je <b>zdru\u017eljivo s pu\u0161kami AR15 voja\u0161ke specifikacije.<\/b><\/p>\n<h2 style=\"text-align: center\"><strong>SPECIFIKACIJE<\/strong><\/h2>\n<hr \/>\n<table border=\"1\">\n<tbody>\n<tr>\n<td><strong>VI\u0160INA: <\/strong><\/td>\n<td> 2,08<\/td>\n<\/tr>\n<tr>\n<td><strong>BARVA: <\/strong><\/td>\n<td> DDC \/ \u010crna<\/td>\n<\/tr>\n<tr>\n<td><strong>MATERIAL: <\/strong><\/td>\n<td> Aluminij serije 7000<\/td>\n<\/tr>\n<tr>\n<td><strong>KON\u010cNA OBDELAVA: <\/strong><\/td>\n<td> Anodizacija tipa 3<\/td>\n<\/tr>\n<tr>\n<td><strong>DOL\u017dINA: <\/strong><\/td>\n<td> 16,5&#8243;<\/td>\n<\/tr>\n<tr>\n<td><strong>NOTRANJI PREMER: <\/strong><\/td>\n<td> 1,26&#8243;<\/td>\n<\/tr>\n<tr>\n<td><strong>ZUNANJI PREMER (R\u010cK*): <\/strong><\/td>\n<td> 1,59&#8243;<\/td>\n<\/tr>\n<tr>\n<td><strong>TE\u017dA SMR MK18: <\/strong><\/td>\n<td> 17oz (18,4oz z matico cevi)<\/td>\n<\/tr>\n<\/tbody>\n<\/table>\n<p>&nbsp;<\/p>\n<p><em>*R\u010cK &#8211; Razdalja \u010dez kvadrante<\/em><\/p>\n","protected":false},"excerpt":{"rendered":"<p><strong>Izdelano za povezavo s sistemom hitrega sprostila Arca-Swiss<\/strong><\/p>\n","protected":false},"featured_media":61217,"template":"","meta":{"_acf_changed":false},"product_brand":[11389],"product_cat":[13480,13432,13483,13431],"product_tag":[],"class_list":{"0":"post-61216","1":"product","2":"type-product","3":"status-publish","4":"has-post-thumbnail","6":"product_brand-geissele","7":"product_cat-karabinke","8":"product_cat-nastavitve-puske","9":"product_cat-puska","10":"product_cat-tirnice","12":"first","13":"outofstock","14":"taxable","15":"shipping-taxable","16":"product-type-variable","17":"wvs-archive-product-wrapper"},"acf":[],"_links":{"self":[{"href":"https:\/\/staging.nbg.eu\/sl\/wp-json\/wp\/v2\/product\/61216","targetHints":{"allow":["GET"]}}],"collection":[{"href":"https:\/\/staging.nbg.eu\/sl\/wp-json\/wp\/v2\/product"}],"about":[{"href":"https:\/\/staging.nbg.eu\/sl\/wp-json\/wp\/v2\/types\/product"}],"wp:featuredmedia":[{"embeddable":true,"href":"https:\/\/staging.nbg.eu\/sl\/wp-json\/wp\/v2\/media\/61217"}],"wp:attachment":[{"href":"https:\/\/staging.nbg.eu\/sl\/wp-json\/wp\/v2\/media?parent=61216"}],"wp:term":[{"taxonomy":"product_brand","embeddable":true,"href":"https:\/\/staging.nbg.eu\/sl\/wp-json\/wp\/v2\/product_brand?post=61216"},{"taxonomy":"product_cat","embeddable":true,"href":"https:\/\/staging.nbg.eu\/sl\/wp-json\/wp\/v2\/product_cat?post=61216"},{"taxonomy":"product_tag","embeddable":true,"href":"https:\/\/staging.nbg.eu\/sl\/wp-json\/wp\/v2\/product_tag?post=61216"}],"curies":[{"name":"wp","href":"https:\/\/api.w.org\/{rel}","templated":true}]}}