{"id":60872,"date":"2024-02-14T20:38:31","date_gmt":"2024-09-16T10:32:25","guid":{"rendered":"https:\/\/staging.nbg.eu\/product\/alg-defense-emr-v3x-15-handguard-black\/"},"modified":"2024-09-16T10:33:22","modified_gmt":"2024-09-16T10:33:22","slug":"alg-defense-emr-v3x-15-scitnik-rok-crn","status":"publish","type":"product","link":"https:\/\/staging.nbg.eu\/sl\/izdelek\/alg-defense-emr-v3x-15-scitnik-rok-crn\/","title":{"rendered":"ALG Defense EMR V3X 15&#8243; \u0161\u010ditnik rok &#8211; \u010drn"},"content":{"rendered":"<p>ALG Defense EMR V3X 15&#8243; ro\u010daj za oro\u017eje v \u010drni barvi omogo\u010da prilagoditev z M-LOK sistemom. Dodatke lahko namestite na polo\u017eaje 2, 4, 6, 8 in 10 ur. Ima celotno dol\u017eino M1913 picatinny letev na polo\u017eaju 12 ur za pritrditev merilcev, laserjev, svetilk in druge optike. Primerno za prilagajanje oro\u017eja va\u0161im potrebam.<\/p>\n","protected":false},"excerpt":{"rendered":"<p>Vsestranski 15-pal\u010dni M-LOK ro\u010daj s Picatinny vodilom po celotni dol\u017eini.<\/p>\n","protected":false},"featured_media":60873,"template":"","meta":{"_acf_changed":false},"product_brand":[11389],"product_cat":[13432,13483,13431],"product_tag":[],"class_list":{"0":"post-60872","1":"product","2":"type-product","3":"status-publish","4":"has-post-thumbnail","6":"product_brand-geissele","7":"product_cat-nastavitve-puske","8":"product_cat-puska","9":"product_cat-tirnice","11":"first","12":"instock","13":"taxable","14":"shipping-taxable","15":"product-type-simple"},"acf":[],"_links":{"self":[{"href":"https:\/\/staging.nbg.eu\/sl\/wp-json\/wp\/v2\/product\/60872","targetHints":{"allow":["GET"]}}],"collection":[{"href":"https:\/\/staging.nbg.eu\/sl\/wp-json\/wp\/v2\/product"}],"about":[{"href":"https:\/\/staging.nbg.eu\/sl\/wp-json\/wp\/v2\/types\/product"}],"wp:featuredmedia":[{"embeddable":true,"href":"https:\/\/staging.nbg.eu\/sl\/wp-json\/wp\/v2\/media\/60873"}],"wp:attachment":[{"href":"https:\/\/staging.nbg.eu\/sl\/wp-json\/wp\/v2\/media?parent=60872"}],"wp:term":[{"taxonomy":"product_brand","embeddable":true,"href":"https:\/\/staging.nbg.eu\/sl\/wp-json\/wp\/v2\/product_brand?post=60872"},{"taxonomy":"product_cat","embeddable":true,"href":"https:\/\/staging.nbg.eu\/sl\/wp-json\/wp\/v2\/product_cat?post=60872"},{"taxonomy":"product_tag","embeddable":true,"href":"https:\/\/staging.nbg.eu\/sl\/wp-json\/wp\/v2\/product_tag?post=60872"}],"curies":[{"name":"wp","href":"https:\/\/api.w.org\/{rel}","templated":true}]}}