{"id":60454,"date":"2024-02-15T07:17:14","date_gmt":"2024-02-15T07:17:14","guid":{"rendered":"https:\/\/staging.nbg.eu\/product\/geissele-super-42-rifle-length-spring\/"},"modified":"2024-09-13T16:17:01","modified_gmt":"2024-09-13T16:17:01","slug":"geissele-super-42-vzmet-za-pusko-dolzine-rifle","status":"publish","type":"product","link":"https:\/\/staging.nbg.eu\/sl\/izdelek\/geissele-super-42-vzmet-za-pusko-dolzine-rifle\/","title":{"rendered":"Geissele Super 42 vzmet za pu\u0161ko dol\u017eine rifle"},"content":{"rendered":"<p>\nIzbolj\u0161ajte delovanje va\u0161e M-16\/AR-15 pu\u0161ke z Geissele Super 42 vzmetjo za pu\u0161ko. Njena zasnova s trojno \u017eico deluje kot harmoni\u010dni du\u0161ilec, ki absorbira energijo in zmanj\u0161uje mo\u017enost okvare vzmeti. Zagotavlja bolj\u0161o zanesljivost, zmanj\u0161an zvok &#8220;brnenja&#8221; in je zdru\u017eljiva s standardnimi pu\u0161kinimi bla\u017eilniki in cevmi. <\/p>\n","protected":false},"excerpt":{"rendered":"<p>Izbolj\u0161ajte delovanje AR-15 z inovativno 3-\u017eilno vzmetjo Geissele.<\/p>\n","protected":false},"featured_media":60455,"template":"","meta":{"_acf_changed":false},"product_brand":[11389],"product_cat":[13432,13483,13494],"product_tag":[],"class_list":{"0":"post-60454","1":"product","2":"type-product","3":"status-publish","4":"has-post-thumbnail","6":"product_brand-geissele","7":"product_cat-nastavitve-puske","8":"product_cat-puska","9":"product_cat-vzmeti","11":"first","12":"instock","13":"taxable","14":"shipping-taxable","15":"product-type-simple"},"acf":[],"_links":{"self":[{"href":"https:\/\/staging.nbg.eu\/sl\/wp-json\/wp\/v2\/product\/60454","targetHints":{"allow":["GET"]}}],"collection":[{"href":"https:\/\/staging.nbg.eu\/sl\/wp-json\/wp\/v2\/product"}],"about":[{"href":"https:\/\/staging.nbg.eu\/sl\/wp-json\/wp\/v2\/types\/product"}],"wp:featuredmedia":[{"embeddable":true,"href":"https:\/\/staging.nbg.eu\/sl\/wp-json\/wp\/v2\/media\/60455"}],"wp:attachment":[{"href":"https:\/\/staging.nbg.eu\/sl\/wp-json\/wp\/v2\/media?parent=60454"}],"wp:term":[{"taxonomy":"product_brand","embeddable":true,"href":"https:\/\/staging.nbg.eu\/sl\/wp-json\/wp\/v2\/product_brand?post=60454"},{"taxonomy":"product_cat","embeddable":true,"href":"https:\/\/staging.nbg.eu\/sl\/wp-json\/wp\/v2\/product_cat?post=60454"},{"taxonomy":"product_tag","embeddable":true,"href":"https:\/\/staging.nbg.eu\/sl\/wp-json\/wp\/v2\/product_tag?post=60454"}],"curies":[{"name":"wp","href":"https:\/\/api.w.org\/{rel}","templated":true}]}}