{"id":60351,"date":"2024-02-15T07:27:09","date_gmt":"2024-09-13T16:11:14","guid":{"rendered":"https:\/\/staging.nbg.eu\/product\/geissele-super-charging-handle-sch-5-56\/"},"modified":"2024-09-13T16:12:14","modified_gmt":"2024-09-13T16:12:14","slug":"geissele-super-polnilna-rocica-sch-556","status":"publish","type":"product","link":"https:\/\/staging.nbg.eu\/sl\/izdelek\/geissele-super-polnilna-rocica-sch-556\/","title":{"rendered":"Geissele Super Polnilna Ro\u010dica (SCH\u00ae) 5.56"},"content":{"rendered":"<div class=\"product-description\">\n<h2>Geissele ro\u010dica za polnjenje (SCH\u00ae) 5,56<\/h2>\n<p>Natan\u010dno izdelana iz aluminija 7075-T6, ta obojestranska ro\u010dica za polnjenje vklju\u010duje:<\/p>\n<ul>\n<li>Dvojno oblikovane vzvode z narebrenim oprijemom<\/li>\n<li>Izbolj\u0161ano bla\u017eenje plina za sisteme z du\u0161ilcem<\/li>\n<li>Anodiziran zaklju\u010dek tipa 3<\/li>\n<li>Na voljo v \u010drni in DDC barvi<\/li>\n<\/ul>\n<p>Izbolj\u0161ajte delovanje va\u0161ega AR-15 z bolj\u0161o ergonomijo in trpe\u017enostjo.<\/p>\n<\/div>\n","protected":false},"excerpt":{"rendered":"<p>Obojero\u010dna ro\u010dica za napenjanje iz aluminija 7075-T6. Zasnova za zmanj\u0161anje plinov.<\/p>\n","protected":false},"featured_media":60352,"template":"","meta":{"_acf_changed":false},"product_brand":[11389],"product_cat":[13432,13438,13483],"product_tag":[],"class_list":{"0":"post-60351","1":"product","2":"type-product","3":"status-publish","4":"has-post-thumbnail","6":"product_brand-geissele","7":"product_cat-nastavitve-puske","8":"product_cat-polnilne-rocice","9":"product_cat-puska","11":"first","12":"instock","13":"taxable","14":"shipping-taxable","15":"product-type-variable","16":"wvs-archive-product-wrapper"},"acf":[],"_links":{"self":[{"href":"https:\/\/staging.nbg.eu\/sl\/wp-json\/wp\/v2\/product\/60351","targetHints":{"allow":["GET"]}}],"collection":[{"href":"https:\/\/staging.nbg.eu\/sl\/wp-json\/wp\/v2\/product"}],"about":[{"href":"https:\/\/staging.nbg.eu\/sl\/wp-json\/wp\/v2\/types\/product"}],"wp:featuredmedia":[{"embeddable":true,"href":"https:\/\/staging.nbg.eu\/sl\/wp-json\/wp\/v2\/media\/60352"}],"wp:attachment":[{"href":"https:\/\/staging.nbg.eu\/sl\/wp-json\/wp\/v2\/media?parent=60351"}],"wp:term":[{"taxonomy":"product_brand","embeddable":true,"href":"https:\/\/staging.nbg.eu\/sl\/wp-json\/wp\/v2\/product_brand?post=60351"},{"taxonomy":"product_cat","embeddable":true,"href":"https:\/\/staging.nbg.eu\/sl\/wp-json\/wp\/v2\/product_cat?post=60351"},{"taxonomy":"product_tag","embeddable":true,"href":"https:\/\/staging.nbg.eu\/sl\/wp-json\/wp\/v2\/product_tag?post=60351"}],"curies":[{"name":"wp","href":"https:\/\/api.w.org\/{rel}","templated":true}]}}