{"id":59917,"date":"2024-02-15T10:31:20","date_gmt":"2024-09-13T16:05:53","guid":{"rendered":"https:\/\/staging.nbg.eu\/product\/geissele-super-configurable-safety-selector-black\/"},"modified":"2024-09-13T16:06:49","modified_gmt":"2024-09-13T16:06:49","slug":"geissele-super-nastavljiv-varnostni-izbirnik-crn","status":"publish","type":"product","link":"https:\/\/staging.nbg.eu\/sl\/izdelek\/geissele-super-nastavljiv-varnostni-izbirnik-crn\/","title":{"rendered":"Geissele Super Nastavljiv Varnostni Izbirnik &#8211; \u010crn"},"content":{"rendered":"<div class=\"product-description\">\n<h2>Geissele nastavljivi varnostni izbirnik &#8211; \u010crn<\/h2>\n<p>Varnostni izbirnik za pu\u0161ko, primeren za obe roki. Ima zamenljive ro\u010dice za prilagoditev. Zasnova z vzmetnim batom prepre\u010duje izgubo med \u010di\u0161\u010denjem. Cev iz nerjave\u010dega jekla je odporna na korozijo. Izbolj\u0161a varnost in uporabnost oro\u017eja.<\/p>\n<\/div>\n","protected":false},"excerpt":{"rendered":"<p>Obojero\u010dno, nastavljivo varnostno stikalo za AR-15. Trpe\u017eno jeklo.<\/p>\n","protected":false},"featured_media":59918,"template":"","meta":{"_acf_changed":false},"product_brand":[11389],"product_cat":[13432,13483],"product_tag":[],"class_list":{"0":"post-59917","1":"product","2":"type-product","3":"status-publish","4":"has-post-thumbnail","6":"product_brand-geissele","7":"product_cat-nastavitve-puske","8":"product_cat-puska","10":"first","11":"instock","12":"taxable","13":"shipping-taxable","14":"product-type-simple"},"acf":[],"_links":{"self":[{"href":"https:\/\/staging.nbg.eu\/sl\/wp-json\/wp\/v2\/product\/59917","targetHints":{"allow":["GET"]}}],"collection":[{"href":"https:\/\/staging.nbg.eu\/sl\/wp-json\/wp\/v2\/product"}],"about":[{"href":"https:\/\/staging.nbg.eu\/sl\/wp-json\/wp\/v2\/types\/product"}],"wp:featuredmedia":[{"embeddable":true,"href":"https:\/\/staging.nbg.eu\/sl\/wp-json\/wp\/v2\/media\/59918"}],"wp:attachment":[{"href":"https:\/\/staging.nbg.eu\/sl\/wp-json\/wp\/v2\/media?parent=59917"}],"wp:term":[{"taxonomy":"product_brand","embeddable":true,"href":"https:\/\/staging.nbg.eu\/sl\/wp-json\/wp\/v2\/product_brand?post=59917"},{"taxonomy":"product_cat","embeddable":true,"href":"https:\/\/staging.nbg.eu\/sl\/wp-json\/wp\/v2\/product_cat?post=59917"},{"taxonomy":"product_tag","embeddable":true,"href":"https:\/\/staging.nbg.eu\/sl\/wp-json\/wp\/v2\/product_tag?post=59917"}],"curies":[{"name":"wp","href":"https:\/\/api.w.org\/{rel}","templated":true}]}}