{"id":59803,"date":"2024-02-15T10:48:43","date_gmt":"2024-09-13T16:02:15","guid":{"rendered":"https:\/\/staging.nbg.eu\/product\/geissele-maritime-bolt-catch\/"},"modified":"2024-09-13T16:03:11","modified_gmt":"2024-09-13T16:03:11","slug":"geissele-maritime-lovnik-zaklepa","status":"publish","type":"product","link":"https:\/\/staging.nbg.eu\/sl\/izdelek\/geissele-maritime-lovnik-zaklepa\/","title":{"rendered":"Geissele Maritime Lovnik Zaklepa"},"content":{"rendered":"<p>\nGeissele Maritime Bolt Catch izbolj\u0161a funkcionalnost va\u0161ega AR-15:<\/p>\n<ul>\n<li>Zdru\u017eljiv z mil-spec M16\/M4 spodnjimi sprejemniki<\/li>\n<li>Pove\u010dana povr\u0161ina za la\u017eje upravljanje<\/li>\n<li>Podalj\u0161ani kontrolni elementi za levi\u010darje<\/li>\n<li>Grobo kariranje za bolj\u0161i oprijem<\/li>\n<li>Primeren za uporabo z rokavicami ali v slabih svetlobnih pogojih<\/li>\n<\/ul>\n<p>Nadgradite svojo pu\u0161ko s tem zadr\u017eevalom zaklepa.<\/p>\n","protected":false},"excerpt":{"rendered":"<p>Izbolj\u0161an zaustavljalnik zaklepa z ve\u010djo povr\u0161ino za la\u017eje upravljanje.<\/p>\n","protected":false},"featured_media":59804,"template":"","meta":{"_acf_changed":false},"product_brand":[11389],"product_cat":[13432,13483],"product_tag":[],"class_list":{"0":"post-59803","1":"product","2":"type-product","3":"status-publish","4":"has-post-thumbnail","6":"product_brand-geissele","7":"product_cat-nastavitve-puske","8":"product_cat-puska","10":"first","11":"instock","12":"taxable","13":"shipping-taxable","14":"product-type-simple"},"acf":[],"_links":{"self":[{"href":"https:\/\/staging.nbg.eu\/sl\/wp-json\/wp\/v2\/product\/59803","targetHints":{"allow":["GET"]}}],"collection":[{"href":"https:\/\/staging.nbg.eu\/sl\/wp-json\/wp\/v2\/product"}],"about":[{"href":"https:\/\/staging.nbg.eu\/sl\/wp-json\/wp\/v2\/types\/product"}],"wp:featuredmedia":[{"embeddable":true,"href":"https:\/\/staging.nbg.eu\/sl\/wp-json\/wp\/v2\/media\/59804"}],"wp:attachment":[{"href":"https:\/\/staging.nbg.eu\/sl\/wp-json\/wp\/v2\/media?parent=59803"}],"wp:term":[{"taxonomy":"product_brand","embeddable":true,"href":"https:\/\/staging.nbg.eu\/sl\/wp-json\/wp\/v2\/product_brand?post=59803"},{"taxonomy":"product_cat","embeddable":true,"href":"https:\/\/staging.nbg.eu\/sl\/wp-json\/wp\/v2\/product_cat?post=59803"},{"taxonomy":"product_tag","embeddable":true,"href":"https:\/\/staging.nbg.eu\/sl\/wp-json\/wp\/v2\/product_tag?post=59803"}],"curies":[{"name":"wp","href":"https:\/\/api.w.org\/{rel}","templated":true}]}}