{"id":59359,"date":"2024-02-15T11:15:35","date_gmt":"2024-09-13T15:20:41","guid":{"rendered":"https:\/\/staging.nbg.eu\/product\/geissele-rail-panels-black-ddc\/"},"modified":"2024-09-13T15:21:41","modified_gmt":"2024-09-13T15:21:41","slug":"geissele-tirne-obloge-crnaddc","status":"publish","type":"product","link":"https:\/\/staging.nbg.eu\/sl\/izdelek\/geissele-tirne-obloge-crnaddc\/","title":{"rendered":"Geissele Tirne Obloge (\u010crna\/DDC)"},"content":{"rendered":"<div class=\"product-description\">\n<h2>Geissele M-Lok Tirnice (\u010crne\/DDC)<\/h2>\n<p>Geissele M-Lok tirnice za URGI tirnico. Zna\u010dilnosti:<\/p>\n<ul>\n<li>Teksturirana povr\u0161ina za bolj\u0161i oprijem<\/li>\n<li>Izdelane iz polimera za obrambne namene<\/li>\n<li>Trpe\u017ene pri intenzivni uporabi<\/li>\n<li>U\u010dinkovita toplotna za\u0161\u010dita<\/li>\n<li>Na voljo v \u010drni in DDC barvi<\/li>\n<\/ul>\n<p>Izbolj\u0161ajte rokovanje s karabinko in za\u0161\u010ditite roke s temi tirnicami.<\/p>\n<\/div>\n","protected":false},"excerpt":{"rendered":"<p>Trpe\u017ene, teksturirane M-LOK tirne plo\u0161\u010de za izbolj\u0161an oprijem in toplotno za\u0161\u010dito.<\/p>\n","protected":false},"featured_media":59360,"template":"","meta":{"_acf_changed":false},"product_brand":[11389],"product_cat":[13483,13431],"product_tag":[],"class_list":{"0":"post-59359","1":"product","2":"type-product","3":"status-publish","4":"has-post-thumbnail","6":"product_brand-geissele","7":"product_cat-puska","8":"product_cat-tirnice","10":"first","11":"instock","12":"taxable","13":"shipping-taxable","14":"product-type-variable","15":"wvs-archive-product-wrapper"},"acf":[],"_links":{"self":[{"href":"https:\/\/staging.nbg.eu\/sl\/wp-json\/wp\/v2\/product\/59359","targetHints":{"allow":["GET"]}}],"collection":[{"href":"https:\/\/staging.nbg.eu\/sl\/wp-json\/wp\/v2\/product"}],"about":[{"href":"https:\/\/staging.nbg.eu\/sl\/wp-json\/wp\/v2\/types\/product"}],"wp:featuredmedia":[{"embeddable":true,"href":"https:\/\/staging.nbg.eu\/sl\/wp-json\/wp\/v2\/media\/59360"}],"wp:attachment":[{"href":"https:\/\/staging.nbg.eu\/sl\/wp-json\/wp\/v2\/media?parent=59359"}],"wp:term":[{"taxonomy":"product_brand","embeddable":true,"href":"https:\/\/staging.nbg.eu\/sl\/wp-json\/wp\/v2\/product_brand?post=59359"},{"taxonomy":"product_cat","embeddable":true,"href":"https:\/\/staging.nbg.eu\/sl\/wp-json\/wp\/v2\/product_cat?post=59359"},{"taxonomy":"product_tag","embeddable":true,"href":"https:\/\/staging.nbg.eu\/sl\/wp-json\/wp\/v2\/product_tag?post=59359"}],"curies":[{"name":"wp","href":"https:\/\/api.w.org\/{rel}","templated":true}]}}