{"id":58882,"date":"2024-02-15T19:41:39","date_gmt":"2024-09-13T15:17:44","guid":{"rendered":"https:\/\/staging.nbg.eu\/product\/geissele-super-gas-block-black\/"},"modified":"2024-09-13T15:18:42","modified_gmt":"2024-09-13T15:18:42","slug":"geissele-super-plinski-blok-crn","status":"publish","type":"product","link":"https:\/\/staging.nbg.eu\/sl\/izdelek\/geissele-super-plinski-blok-crn\/","title":{"rendered":"Geissele Super Plinski Blok &#8211; \u010crn"},"content":{"rendered":"<div class=\"product-description\">\n<h2>Geissele Super plinski blok &#8211; \u010crn<\/h2>\n<p>Geissele Super plinski blok je nizkoprofilna, natan\u010dno izdelana komponenta, zasnovana za namestitev pod ve\u010dino prosto plavajo\u010dih ro\u010dajev. Izdelan je iz precipitacijsko utrjenega nerjave\u010dega jekla 17-4, kar zagotavlja odpornost proti koroziji in trpe\u017enost.<\/p>\n<ul>\n<li>Vzdr\u017ei tiso\u010de strelov<\/li>\n<li>Vklju\u010duje standardni nastavitveni vijak in metode &#8220;Bombproof Installation&#8221;<\/li>\n<li>Vzmetni zati\u010d zaklene plinski blok na mestu za stabilnost<\/li>\n<li>SS moznik zagotavlja poravnavo z Geissele CHF cevmi<\/li>\n<\/ul>\n<p>Geissele Super plinski blok je zasnovan za zanesljivo delovanje v vseh pogojih uporabe.<\/p>\n<\/div>\n","protected":false},"excerpt":{"rendered":"<p>Nizko profilni, trpe\u017een plinski blok iz nerjave\u010dega jekla za AR-15 pu\u0161ke.<\/p>\n","protected":false},"featured_media":58883,"template":"","meta":{"_acf_changed":false},"product_brand":[11389],"product_cat":[13432,13483],"product_tag":[],"class_list":{"0":"post-58882","1":"product","2":"type-product","3":"status-publish","4":"has-post-thumbnail","6":"product_brand-geissele","7":"product_cat-nastavitve-puske","8":"product_cat-puska","10":"first","11":"instock","12":"taxable","13":"shipping-taxable","14":"product-type-simple"},"acf":[],"_links":{"self":[{"href":"https:\/\/staging.nbg.eu\/sl\/wp-json\/wp\/v2\/product\/58882","targetHints":{"allow":["GET"]}}],"collection":[{"href":"https:\/\/staging.nbg.eu\/sl\/wp-json\/wp\/v2\/product"}],"about":[{"href":"https:\/\/staging.nbg.eu\/sl\/wp-json\/wp\/v2\/types\/product"}],"wp:featuredmedia":[{"embeddable":true,"href":"https:\/\/staging.nbg.eu\/sl\/wp-json\/wp\/v2\/media\/58883"}],"wp:attachment":[{"href":"https:\/\/staging.nbg.eu\/sl\/wp-json\/wp\/v2\/media?parent=58882"}],"wp:term":[{"taxonomy":"product_brand","embeddable":true,"href":"https:\/\/staging.nbg.eu\/sl\/wp-json\/wp\/v2\/product_brand?post=58882"},{"taxonomy":"product_cat","embeddable":true,"href":"https:\/\/staging.nbg.eu\/sl\/wp-json\/wp\/v2\/product_cat?post=58882"},{"taxonomy":"product_tag","embeddable":true,"href":"https:\/\/staging.nbg.eu\/sl\/wp-json\/wp\/v2\/product_tag?post=58882"}],"curies":[{"name":"wp","href":"https:\/\/api.w.org\/{rel}","templated":true}]}}