{"id":584438,"date":"2025-09-05T18:16:13","date_gmt":"2025-09-05T15:16:13","guid":{"rendered":"https:\/\/staging.nbg.eu\/product\/mak-viper-fts-left\/"},"modified":"2025-10-16T16:00:55","modified_gmt":"2025-10-16T13:00:55","slug":"mak-viper-fts-levi","status":"publish","type":"product","link":"https:\/\/staging.nbg.eu\/sl\/izdelek\/mak-viper-fts-levi\/","title":{"rendered":"MAK Viper FTS levi"},"content":{"rendered":"<div class=\"product-description\">\n<h2>MAK Viper FTS Levi<\/h2>\n<p>MAK Viper FTS Levi je nosilec za strelni daljnogled, zasnovan za levi\u010darje. Ta nosilec ima naslednje lastnosti:<\/p>\n<ul>\n<li>Aluminijasta konstrukcija za lahkotnost in trdnost<\/li>\n<li>Sistem fiksnega navora (FTS) za dosledno monta\u017eo<\/li>\n<li>Ro\u010dica za hitro sprostitev za enostavno odstranjevanje in ponovno namestitev daljnogleda<\/li>\n<li>Konfiguracija za levi\u010darje za izbolj\u0161ano ergonomijo<\/li>\n<li>Zdru\u017eljiv s Picatinny in Weaver vodili<\/li>\n<li>Na voljo v razli\u010dnih velikostih obro\u010dev za razli\u010dne premere daljnogledov<\/li>\n<\/ul>\n<p>MAK Viper FTS Levi zagotavlja stabilnost in ohranja ni\u010delno to\u010dko tudi pri mo\u010dnem povratnem sunku. Ta nosilec za daljnogled je namenjen levi\u010darjem.<\/p>\n<\/div>\n","protected":false},"excerpt":{"rendered":"<p>MAK Viper FTS levo: Precizni takti\u010dni daljnogled za levi\u010darje.<\/p>\n","protected":false},"featured_media":0,"template":"","meta":{"_acf_changed":false},"product_brand":[],"product_cat":[],"product_tag":[],"class_list":{"0":"post-584438","1":"product","2":"type-product","3":"status-publish","6":"first","7":"instock","8":"taxable","9":"shipping-taxable","10":"purchasable","11":"product-type-simple"},"acf":[],"_links":{"self":[{"href":"https:\/\/staging.nbg.eu\/sl\/wp-json\/wp\/v2\/product\/584438","targetHints":{"allow":["GET"]}}],"collection":[{"href":"https:\/\/staging.nbg.eu\/sl\/wp-json\/wp\/v2\/product"}],"about":[{"href":"https:\/\/staging.nbg.eu\/sl\/wp-json\/wp\/v2\/types\/product"}],"wp:attachment":[{"href":"https:\/\/staging.nbg.eu\/sl\/wp-json\/wp\/v2\/media?parent=584438"}],"wp:term":[{"taxonomy":"product_brand","embeddable":true,"href":"https:\/\/staging.nbg.eu\/sl\/wp-json\/wp\/v2\/product_brand?post=584438"},{"taxonomy":"product_cat","embeddable":true,"href":"https:\/\/staging.nbg.eu\/sl\/wp-json\/wp\/v2\/product_cat?post=584438"},{"taxonomy":"product_tag","embeddable":true,"href":"https:\/\/staging.nbg.eu\/sl\/wp-json\/wp\/v2\/product_tag?post=584438"}],"curies":[{"name":"wp","href":"https:\/\/api.w.org\/{rel}","templated":true}]}}