{"id":583508,"date":"2025-10-08T23:38:14","date_gmt":"2025-10-08T20:38:14","guid":{"rendered":"https:\/\/staging.nbg.eu\/product\/bipod-harris-s-brm-notch-rotate-6-9\/"},"modified":"2025-10-16T14:45:39","modified_gmt":"2025-10-16T11:45:39","slug":"dvonozno-stojalo-harris-s-brm-notch-rotate-6-9","status":"publish","type":"product","link":"https:\/\/staging.nbg.eu\/sl\/izdelek\/dvonozno-stojalo-harris-s-brm-notch-rotate-6-9\/","title":{"rendered":"Dvono\u017eno stojalo Harris &#8211; S &#8211; BRM Notch Rotate 6-9&#8243;"},"content":{"rendered":"<div class=\"product-description\">\n<h2>Harris 6&#8243; &#8211; 9&#8243; vrtljivi dvono\u017enik z zarezami na nogah BRM-S<\/h2>\n<p>Harris 6&#8243; &#8211; 9&#8243; vrtljivi dvono\u017enik (BRM-S) ima naslednje lastnosti:<\/p>\n<ul>\n<li>Nastavljive noge od 6&#8243; do 9&#8243;<\/li>\n<li>Naslon za dodatno stabilnost<\/li>\n<li>Vrtljiva funkcija za neravne terene<\/li>\n<li>Zareze na nogah za natan\u010dno nastavitev vi\u0161ine<\/li>\n<\/ul>\n<p>Z zaprto \u0161irino 2 3\/4&#8243; in odprto \u0161irino 7 1\/4&#8243; je ta 8 oz. dvono\u017enik primeren za razli\u010dne strelske polo\u017eaje. Harris BRM-S dvono\u017enik je dodatek za lovce in tekmovalne strelce.<\/p>\n<p>SKU: Harris-BRM-S | UPC: 051156113090 | MPN: S-BRM<\/p>\n<\/div>\n","protected":false},"excerpt":{"rendered":"<p>Nastavljivo vrtljivo dvono\u017eno stojalo 15-23 cm z zarezanimi nogami. Pripravljeno za strelsko mizo.<\/p>\n","protected":false},"featured_media":583547,"template":"","meta":{"_acf_changed":false},"product_brand":[12009],"product_cat":[13476],"product_tag":[],"class_list":{"0":"post-583508","1":"product","2":"type-product","3":"status-publish","4":"has-post-thumbnail","6":"product_brand-harris-bipods","7":"product_cat-dvonozniki","9":"first","10":"outofstock","11":"taxable","12":"shipping-taxable","13":"purchasable","14":"product-type-simple"},"acf":[],"_links":{"self":[{"href":"https:\/\/staging.nbg.eu\/sl\/wp-json\/wp\/v2\/product\/583508","targetHints":{"allow":["GET"]}}],"collection":[{"href":"https:\/\/staging.nbg.eu\/sl\/wp-json\/wp\/v2\/product"}],"about":[{"href":"https:\/\/staging.nbg.eu\/sl\/wp-json\/wp\/v2\/types\/product"}],"wp:featuredmedia":[{"embeddable":true,"href":"https:\/\/staging.nbg.eu\/sl\/wp-json\/wp\/v2\/media\/583547"}],"wp:attachment":[{"href":"https:\/\/staging.nbg.eu\/sl\/wp-json\/wp\/v2\/media?parent=583508"}],"wp:term":[{"taxonomy":"product_brand","embeddable":true,"href":"https:\/\/staging.nbg.eu\/sl\/wp-json\/wp\/v2\/product_brand?post=583508"},{"taxonomy":"product_cat","embeddable":true,"href":"https:\/\/staging.nbg.eu\/sl\/wp-json\/wp\/v2\/product_cat?post=583508"},{"taxonomy":"product_tag","embeddable":true,"href":"https:\/\/staging.nbg.eu\/sl\/wp-json\/wp\/v2\/product_tag?post=583508"}],"curies":[{"name":"wp","href":"https:\/\/api.w.org\/{rel}","templated":true}]}}