{"id":582603,"date":"2025-10-10T18:10:11","date_gmt":"2025-10-10T15:10:11","guid":{"rendered":"https:\/\/staging.nbg.eu\/product\/daa-gripz-grip-enhancer-75-ml\/"},"modified":"2025-10-16T13:57:09","modified_gmt":"2025-10-16T10:57:09","slug":"daa-gripz-izboljsevalec-oprijema-75-ml","status":"publish","type":"product","link":"https:\/\/staging.nbg.eu\/sl\/izdelek\/daa-gripz-izboljsevalec-oprijema-75-ml\/","title":{"rendered":"DAA GRIPZ &#8211; izbolj\u0161evalec oprijema 75 ml"},"content":{"rendered":"<div class=\"product-description\">\n<h2>DAA GRIPZ &#8211; Izbolj\u0161evalec oprijema 75 ml<\/h2>\n<p>DAA GRIPZ je lotion za izbolj\u0161anje oprijema, namenjen IPSC in USPSA streljanju s pi\u0161tolo. Ta 75ml stekleni\u010dka zagotavlja varen oprijem v mokrih pogojih in ekstremni vro\u010dini.<\/p>\n<ul>\n<li>Formula na osnovi silicija z alkoholom in stabilizatorji za optimalno delovanje in trajnost<\/li>\n<li>Prakti\u010dno zapiranje &#8220;Snap-cap&#8221; za enostaven dostop z eno roko<\/li>\n<li>\u010cistej\u0161a aplikacija &#8211; se ne su\u0161i belo in se ne prena\u0161a zlahka na obla\u010dila in ro\u010daj pi\u0161tole<\/li>\n<li>Primerno za ohranjanje suhih dlani in varnega oprijema med hitrim in natan\u010dnim streljanjem<\/li>\n<\/ul>\n<p>Preizkusite DAA GRIPZ za izbolj\u0161anje va\u0161ega streljanja.<\/p>\n<\/div>\n","protected":false},"excerpt":{"rendered":"<p>DAA GRIPZ: Izbolj\u0161ajte oprijem za natan\u010dno streljanje. 75 ml stekleni\u010dka.<\/p>\n","protected":false},"featured_media":582666,"template":"","meta":{"_acf_changed":false},"product_brand":[],"product_cat":[13499],"product_tag":[],"class_list":{"0":"post-582603","1":"product","2":"type-product","3":"status-publish","4":"has-post-thumbnail","6":"product_cat-nekategorizirano","8":"first","9":"instock","10":"taxable","11":"shipping-taxable","12":"purchasable","13":"product-type-simple"},"acf":[],"_links":{"self":[{"href":"https:\/\/staging.nbg.eu\/sl\/wp-json\/wp\/v2\/product\/582603","targetHints":{"allow":["GET"]}}],"collection":[{"href":"https:\/\/staging.nbg.eu\/sl\/wp-json\/wp\/v2\/product"}],"about":[{"href":"https:\/\/staging.nbg.eu\/sl\/wp-json\/wp\/v2\/types\/product"}],"wp:featuredmedia":[{"embeddable":true,"href":"https:\/\/staging.nbg.eu\/sl\/wp-json\/wp\/v2\/media\/582666"}],"wp:attachment":[{"href":"https:\/\/staging.nbg.eu\/sl\/wp-json\/wp\/v2\/media?parent=582603"}],"wp:term":[{"taxonomy":"product_brand","embeddable":true,"href":"https:\/\/staging.nbg.eu\/sl\/wp-json\/wp\/v2\/product_brand?post=582603"},{"taxonomy":"product_cat","embeddable":true,"href":"https:\/\/staging.nbg.eu\/sl\/wp-json\/wp\/v2\/product_cat?post=582603"},{"taxonomy":"product_tag","embeddable":true,"href":"https:\/\/staging.nbg.eu\/sl\/wp-json\/wp\/v2\/product_tag?post=582603"}],"curies":[{"name":"wp","href":"https:\/\/api.w.org\/{rel}","templated":true}]}}