{"id":582274,"date":"2025-10-10T18:10:10","date_gmt":"2025-10-10T15:10:10","guid":{"rendered":"https:\/\/staging.nbg.eu\/product\/daa-magnet-inc-screw-and-thermal-nut-for-racer-pouch\/"},"modified":"2025-10-16T13:40:08","modified_gmt":"2025-10-16T10:40:08","slug":"daa-magnet-z-vijakom-in-termo-matico-za-tekmovalno-torbico","status":"publish","type":"product","link":"https:\/\/staging.nbg.eu\/sl\/izdelek\/daa-magnet-z-vijakom-in-termo-matico-za-tekmovalno-torbico\/","title":{"rendered":"DAA magnet z vijakom in termo matico za tekmovalno torbico"},"content":{"rendered":"<div class=\"product-description\">\n<h2>DAA Magnetni komplet za Single Stack Racer torbice<\/h2>\n<p>Nadgradite va\u0161o DAA Single Stack Racer torbico s to magnetno monta\u017eno re\u0161itvijo. Na\u0161 komplet vklju\u010duje:<\/p>\n<ul>\n<li>Velik 42mm N42 magnet<\/li>\n<li>Poglobljena M5 matica<\/li>\n<li>12mm M5 vijak<\/li>\n<\/ul>\n<p>Namestitev je hitra, z uporabo obstoje\u010de luknje na zunanji strani va\u0161e torbice. Za optimalne rezultate:<\/p>\n<ol>\n<li>Dolo\u010dite in zaklenite \u017eeleni kot torbice pred namestitvijo<\/li>\n<li>Namestite magnet z prilo\u017eeno opremo<\/li>\n<\/ol>\n<p><strong>Opomba:<\/strong> Po namestitvi bo dostop do sredi\u0161\u010dnega monta\u017enega vijaka morda omejen. Razmislite o izdelavi prilagojenega 3mm \u0161estrobnega klju\u010da s kratko ro\u010dico za prihodnje prilagoditve.<\/p>\n<p>Izbolj\u0161ajte prilagodljivost in priro\u010dnost va\u0161e torbice s tem magnetnim monta\u017enim kompletom.<\/p>\n<\/div>\n","protected":false},"excerpt":{"rendered":"<p>Komplet magnetnih nosilcev za DAA enoredne tekmovalne torbice. Enostavna namestitev.<\/p>\n","protected":false},"featured_media":582326,"template":"","meta":{"_acf_changed":false},"product_brand":[],"product_cat":[13450,13453,13441],"product_tag":[],"class_list":{"0":"post-582274","1":"product","2":"type-product","3":"status-publish","4":"has-post-thumbnail","6":"product_cat-oprema","7":"product_cat-sportni-pasovi","8":"product_cat-torbice","10":"first","11":"instock","12":"taxable","13":"shipping-taxable","14":"purchasable","15":"product-type-simple"},"acf":[],"_links":{"self":[{"href":"https:\/\/staging.nbg.eu\/sl\/wp-json\/wp\/v2\/product\/582274","targetHints":{"allow":["GET"]}}],"collection":[{"href":"https:\/\/staging.nbg.eu\/sl\/wp-json\/wp\/v2\/product"}],"about":[{"href":"https:\/\/staging.nbg.eu\/sl\/wp-json\/wp\/v2\/types\/product"}],"wp:featuredmedia":[{"embeddable":true,"href":"https:\/\/staging.nbg.eu\/sl\/wp-json\/wp\/v2\/media\/582326"}],"wp:attachment":[{"href":"https:\/\/staging.nbg.eu\/sl\/wp-json\/wp\/v2\/media?parent=582274"}],"wp:term":[{"taxonomy":"product_brand","embeddable":true,"href":"https:\/\/staging.nbg.eu\/sl\/wp-json\/wp\/v2\/product_brand?post=582274"},{"taxonomy":"product_cat","embeddable":true,"href":"https:\/\/staging.nbg.eu\/sl\/wp-json\/wp\/v2\/product_cat?post=582274"},{"taxonomy":"product_tag","embeddable":true,"href":"https:\/\/staging.nbg.eu\/sl\/wp-json\/wp\/v2\/product_tag?post=582274"}],"curies":[{"name":"wp","href":"https:\/\/api.w.org\/{rel}","templated":true}]}}