{"id":581905,"date":"2025-10-10T18:09:59","date_gmt":"2025-10-10T15:09:59","guid":{"rendered":"https:\/\/staging.nbg.eu\/product\/daa-max-rh-holster-sig-p320-black\/"},"modified":"2025-10-16T11:27:51","modified_gmt":"2025-10-16T08:27:51","slug":"daa-max-rh-torbica-sig-p320-crna","status":"publish","type":"product","link":"https:\/\/staging.nbg.eu\/sl\/izdelek\/daa-max-rh-torbica-sig-p320-crna\/","title":{"rendered":"DAA Max RH torbica SIG P320, \u010drna"},"content":{"rendered":"<div class=\"product-description\">\n<h2>DAA Max RH Tok za SIG P320, \u010crn<\/h2>\n<p>DAA MAX tok je zasnovan za desni\u010darje, ki uporabljajo serijo SIG P320, vklju\u010dno s P320 MAX, P320 X5\/Legion, P320RXP, P320 XFULL in drugimi.<\/p>\n<h2>Klju\u010dne lastnosti:<\/h2>\n<ul>\n<li><strong>Konstrukcija:<\/strong> Aluminijasto in jekleno obe\u0161alo za trdnost in togost<\/li>\n<li><strong>Prilagodljivost:<\/strong> Osrednji sklop s kroglastim zglobom za prilagajanje vi\u0161ine, nagiba in rotacije<\/li>\n<li><strong>Sistem zadr\u017eevanja:<\/strong> Vzmetene, nastavljive valj\u010dne sponke za zadr\u017eevanje oro\u017eja<\/li>\n<li><strong>Udobje:<\/strong> Zaobljena blazinica za stegno<\/li>\n<li><strong>Tekmovanja:<\/strong> Izpolnjuje zahteve za vse USPSA divizije<\/li>\n<li><strong>Zdru\u017eljivost s pasom:<\/strong> Za uporabo s tekmovalnimi pasovi \u0161irine 1,5&#8243;<\/li>\n<\/ul>\n<h2>Prilagodljivost<\/h2>\n<p>DAA MAX tok ponuja razli\u010dne nastavitve:<\/p>\n<ul>\n<li>Prilagajanje vi\u0161ine z nerjave\u010dimi palicami<\/li>\n<li>Prilagajanje nagiba in rotacije s kroglastim zglobom<\/li>\n<li>Mo\u017enost prilagajanja na telesu z dostopnim M6 vijakom<\/li>\n<\/ul>\n<h2>Sistem zadr\u017eevanja<\/h2>\n<p>DAA MAX tok uporablja inovativen sistem zadr\u017eevanja:<\/p>\n<ul>\n<li>Brizgano ohi\u0161je toka se tesno prilega oro\u017eju brez stiskanja<\/li>\n<li>Vzmetene valj\u010dne sponke se prilegajo sprednjem delu \u0161\u010ditnika spro\u017eilca<\/li>\n<li>\u0160irok razpon nastavitev napetosti<\/li>\n<\/ul>\n<p><strong>Opomba:<\/strong> Ta tok ne podpira naslonjal za palec.<\/p>\n<p>DAA Max RH tok za SIG P320 je nastavljiv in inovativen tok za tekmovanja.<\/p>\n<\/div>\n","protected":false},"excerpt":{"rendered":"<p>Inovativen zaprt tekmovalni tok za SIG P320. Nastavljiv, udoben, z varnim zadr\u017eanjem.<\/p>\n","protected":false},"featured_media":581930,"template":"","meta":{"_acf_changed":false},"product_brand":[],"product_cat":[13450,13453,13475,13441],"product_tag":[],"class_list":{"0":"post-581905","1":"product","2":"type-product","3":"status-publish","4":"has-post-thumbnail","6":"product_cat-oprema","7":"product_cat-sportni-pasovi","8":"product_cat-sportni-tok","9":"product_cat-torbice","11":"first","12":"outofstock","13":"taxable","14":"shipping-taxable","15":"purchasable","16":"product-type-simple"},"acf":[],"_links":{"self":[{"href":"https:\/\/staging.nbg.eu\/sl\/wp-json\/wp\/v2\/product\/581905","targetHints":{"allow":["GET"]}}],"collection":[{"href":"https:\/\/staging.nbg.eu\/sl\/wp-json\/wp\/v2\/product"}],"about":[{"href":"https:\/\/staging.nbg.eu\/sl\/wp-json\/wp\/v2\/types\/product"}],"wp:featuredmedia":[{"embeddable":true,"href":"https:\/\/staging.nbg.eu\/sl\/wp-json\/wp\/v2\/media\/581930"}],"wp:attachment":[{"href":"https:\/\/staging.nbg.eu\/sl\/wp-json\/wp\/v2\/media?parent=581905"}],"wp:term":[{"taxonomy":"product_brand","embeddable":true,"href":"https:\/\/staging.nbg.eu\/sl\/wp-json\/wp\/v2\/product_brand?post=581905"},{"taxonomy":"product_cat","embeddable":true,"href":"https:\/\/staging.nbg.eu\/sl\/wp-json\/wp\/v2\/product_cat?post=581905"},{"taxonomy":"product_tag","embeddable":true,"href":"https:\/\/staging.nbg.eu\/sl\/wp-json\/wp\/v2\/product_tag?post=581905"}],"curies":[{"name":"wp","href":"https:\/\/api.w.org\/{rel}","templated":true}]}}