{"id":581414,"date":"2025-10-10T18:09:53","date_gmt":"2025-10-10T15:09:53","guid":{"rendered":"https:\/\/staging.nbg.eu\/product\/jack-556x45mm-223-rem-wood\/"},"modified":"2025-10-17T17:34:17","modified_gmt":"2025-10-17T14:34:17","slug":"jack-556x45mm223-rem-les","status":"publish","type":"product","link":"https:\/\/staging.nbg.eu\/sl\/izdelek\/jack-556x45mm223-rem-les\/","title":{"rendered":"Jack 5,56x45mm\/.223 REM les"},"content":{"rendered":"<h2>Jack 5,56x45mm\/.223 REM Wood<\/h2>\n<p>Jack 5,56x45mm\/.223 REM wood je polavtomatska pu\u0161ka. Ta strelno oro\u017eje zdru\u017euje klasi\u010den videz z modernim delovanjem in je primerno za navdu\u0161ence in profesionalce.<\/p>\n<h2>Klju\u010dne lastnosti:<\/h2>\n<ul>\n<li>Kaliber: 5.56x45mm \/.223 Rem<\/li>\n<li>Dol\u017eina cevi: 415mm<\/li>\n<li>Korak navoja: 1:8<\/li>\n<li>Navoj na ustju cevi: 14\u00d71 levo<\/li>\n<li>Te\u017ea praznega oro\u017eja: 3.1kg<\/li>\n<li>Izstopna hitrost izstrelka: 920 m\/s<\/li>\n<li>Na\u010din delovanja: zaklep zaklenjen z rotacijo<\/li>\n<li>Tip: polavtomatsko (avtomatska razli\u010dica na voljo za poobla\u0161\u010dene subjekte)<\/li>\n<\/ul>\n<h2>Zasnova in funkcionalnost:<\/h2>\n<p>Jack 5,56x45mm\/.223 REM wood ima rezkano stransko tirnico za enostavno namestitev optike, ki je prikovi\u010dena neposredno na zaklep. Leseni deli, vklju\u010dno s kopitom, le\u017ei\u0161\u010dem in oblogo plinske cevi, zagotavljajo klasi\u010den videz ob ohranjanju modernih standardov delovanja.<\/p>\n<h2>Izbolj\u0161ana uporabnost:<\/h2>\n<ul>\n<li>Pove\u010dano stikalo za izbiro na\u010dina streljanja za hitrej\u0161e upravljanje<\/li>\n<li>Pove\u010dana odprtina za izmet nabojnika za hitrej\u0161e menjavanje<\/li>\n<li>Tirnica pod stranskim sklopom (lastovi\u010dji rep) za dodatne priklju\u010dke<\/li>\n<\/ul>\n","protected":false},"excerpt":{"rendered":"<p>Polavtomatska pu\u0161ka z lesenimi komponentami, 415 mm dolgo cevjo, te\u017eka 3,1 kg. Rezkana tirnica za optiko. Izstopna hitrost krogle 920 m\/s.<\/p>\n","protected":false},"featured_media":581476,"template":"","meta":{"_acf_changed":false},"product_brand":[],"product_cat":[13480,13483],"product_tag":[],"class_list":{"0":"post-581414","1":"product","2":"type-product","3":"status-publish","4":"has-post-thumbnail","6":"product_cat-karabinke","7":"product_cat-puska","9":"first","10":"outofstock","11":"taxable","12":"shipping-taxable","13":"product-type-simple"},"acf":[],"_links":{"self":[{"href":"https:\/\/staging.nbg.eu\/sl\/wp-json\/wp\/v2\/product\/581414","targetHints":{"allow":["GET"]}}],"collection":[{"href":"https:\/\/staging.nbg.eu\/sl\/wp-json\/wp\/v2\/product"}],"about":[{"href":"https:\/\/staging.nbg.eu\/sl\/wp-json\/wp\/v2\/types\/product"}],"wp:featuredmedia":[{"embeddable":true,"href":"https:\/\/staging.nbg.eu\/sl\/wp-json\/wp\/v2\/media\/581476"}],"wp:attachment":[{"href":"https:\/\/staging.nbg.eu\/sl\/wp-json\/wp\/v2\/media?parent=581414"}],"wp:term":[{"taxonomy":"product_brand","embeddable":true,"href":"https:\/\/staging.nbg.eu\/sl\/wp-json\/wp\/v2\/product_brand?post=581414"},{"taxonomy":"product_cat","embeddable":true,"href":"https:\/\/staging.nbg.eu\/sl\/wp-json\/wp\/v2\/product_cat?post=581414"},{"taxonomy":"product_tag","embeddable":true,"href":"https:\/\/staging.nbg.eu\/sl\/wp-json\/wp\/v2\/product_tag?post=581414"}],"curies":[{"name":"wp","href":"https:\/\/api.w.org\/{rel}","templated":true}]}}