{"id":581264,"date":"2025-10-10T18:09:52","date_gmt":"2025-10-10T15:09:52","guid":{"rendered":"https:\/\/staging.nbg.eu\/product\/jack-556x45mm-223-rem-polymer\/"},"modified":"2025-10-17T17:31:22","modified_gmt":"2025-10-17T14:31:22","slug":"jack-556x45mm223-rem-polimer","status":"publish","type":"product","link":"https:\/\/staging.nbg.eu\/sl\/izdelek\/jack-556x45mm223-rem-polimer\/","title":{"rendered":"Jack 5,56x45mm\/.223 REM Polimer"},"content":{"rendered":"<div class=\"product-description\">\n<h2>Jack 5,56x45mm\/.223 REM Polimer<\/h2>\n<p>Jack 5,56x45mm\/.223 REM Polimer je moderna pu\u0161ka, ki zdru\u017euje natan\u010dno in\u017eenirstvo, napredne materiale in ergonomsko oblikovanje za strelce.<\/p>\n<h2>Klju\u010dne lastnosti:<\/h2>\n<ul>\n<li>Kaliber: 5.56x45mm \/.223 Rem<\/li>\n<li>Dol\u017eina cevi: 415mm<\/li>\n<li>Korak navoja: 1:8<\/li>\n<li>Navoj na ustju: 14\u00d71 levo<\/li>\n<li>Te\u017ea prazne pu\u0161ke: 3,1kg<\/li>\n<li>Hitrost izstrelka: 920 m\/s<\/li>\n<li>Delovanje: Rotacijsko zaklepanje zaklepa<\/li>\n<li>Tip: Polavtomatska<\/li>\n<\/ul>\n<h2>Izbolj\u0161ano oblikovanje:<\/h2>\n<ul>\n<li>Rezkana stranska tirnica za namestitev optike<\/li>\n<li>Kovi\u010dena tirnica na zaklepi\u0161\u010du<\/li>\n<li>Polimerno ohi\u0161je za trpe\u017enost in zmanj\u0161anje te\u017ee<\/li>\n<li>Ergonomsko polimerno kopito<\/li>\n<li>Polimerna obloga plinske cevi za odvajanje toplote<\/li>\n<li>Pove\u010dano stikalo za izbiro ognja za bolj\u0161e rokovanje<\/li>\n<li>Pove\u010dana sprostitvena tipka za nabojnik za hitrej\u0161e menjavanje<\/li>\n<li>Spodnja tirnica (lastovi\u010dji rep) za namestitev dodatkov<\/li>\n<\/ul>\n<p>Jack 5,56x45mm\/.223 REM Polimer je pu\u0161ka, ki predstavlja ravnovesje med zanesljivostjo, natan\u010dnostjo in sodobnim oblikovanjem.<\/p>\n<\/div>\n","protected":false},"excerpt":{"rendered":"<p>Kompaktna, lahka pu\u0161ka kalibra 5,56 mm s polimernimi komponentami. Polavtomatska. Prilagodljiva z opti\u010dno tirnico.<\/p>\n","protected":false},"featured_media":581312,"template":"","meta":{"_acf_changed":false},"product_brand":[],"product_cat":[13480,13483],"product_tag":[],"class_list":{"0":"post-581264","1":"product","2":"type-product","3":"status-publish","4":"has-post-thumbnail","6":"product_cat-karabinke","7":"product_cat-puska","9":"first","10":"outofstock","11":"taxable","12":"shipping-taxable","13":"product-type-simple"},"acf":[],"_links":{"self":[{"href":"https:\/\/staging.nbg.eu\/sl\/wp-json\/wp\/v2\/product\/581264","targetHints":{"allow":["GET"]}}],"collection":[{"href":"https:\/\/staging.nbg.eu\/sl\/wp-json\/wp\/v2\/product"}],"about":[{"href":"https:\/\/staging.nbg.eu\/sl\/wp-json\/wp\/v2\/types\/product"}],"wp:featuredmedia":[{"embeddable":true,"href":"https:\/\/staging.nbg.eu\/sl\/wp-json\/wp\/v2\/media\/581312"}],"wp:attachment":[{"href":"https:\/\/staging.nbg.eu\/sl\/wp-json\/wp\/v2\/media?parent=581264"}],"wp:term":[{"taxonomy":"product_brand","embeddable":true,"href":"https:\/\/staging.nbg.eu\/sl\/wp-json\/wp\/v2\/product_brand?post=581264"},{"taxonomy":"product_cat","embeddable":true,"href":"https:\/\/staging.nbg.eu\/sl\/wp-json\/wp\/v2\/product_cat?post=581264"},{"taxonomy":"product_tag","embeddable":true,"href":"https:\/\/staging.nbg.eu\/sl\/wp-json\/wp\/v2\/product_tag?post=581264"}],"curies":[{"name":"wp","href":"https:\/\/api.w.org\/{rel}","templated":true}]}}