{"id":580965,"date":"2025-10-10T18:09:47","date_gmt":"2025-10-10T15:09:47","guid":{"rendered":"https:\/\/staging.nbg.eu\/product\/jack-762x39-mm-polymer\/"},"modified":"2025-10-17T17:28:52","modified_gmt":"2025-10-17T14:28:52","slug":"jack-762x39-mm-polimer","status":"publish","type":"product","link":"https:\/\/staging.nbg.eu\/sl\/izdelek\/jack-762x39-mm-polimer\/","title":{"rendered":"Jack 7,62&#215;39 mm Polimer"},"content":{"rendered":"<div class=\"product-description\">\n<h2>Jack 7,62&#215;39 mm Polimer<\/h2>\n<p>Jack 7,62&#215;39 mm Polimer je polavtomatska pu\u0161ka, zasnovana za natan\u010dnost in zanesljivost. To strelno oro\u017eje zdru\u017euje napredno tehnologijo z ergonomsko zasnovo in je primerno za profesionalne uporabnike in navdu\u0161ence.<\/p>\n<h2>Klju\u010dne lastnosti:<\/h2>\n<ul>\n<li>Kaliber: 7,62x39mm<\/li>\n<li>Dol\u017eina: 880mm<\/li>\n<li>Dol\u017eina cevi: 415mm<\/li>\n<li>Prazna te\u017ea: 3,1kg (nenapolnjena)<\/li>\n<li>Hitrost izstrelka: 715 m\/s<\/li>\n<li>Na\u010din delovanja: Zaklep zaklenjen z rotacijo<\/li>\n<li>Tip: Polavtomatski<\/li>\n<\/ul>\n<p>Jack 7,62&#215;39 mm Polimer ima rezkano stransko tirnico za enostavno namestitev optike, neposredno pritrjeno na zaklep za ve\u010djo stabilnost. Ta funkcija omogo\u010da hitro in varno pritrditev razli\u010dnih opti\u010dnih merkov, kar izbolj\u0161a natan\u010dnost in zaznavanje tar\u010de.<\/p>\n<h2>Izbolj\u0161ane komponente:<\/h2>\n<ul>\n<li>Polimerna kopito za lahkotnost in trpe\u017enost<\/li>\n<li>Polimerno le\u017ei\u0161\u010de za izbolj\u0161ano ergonomijo<\/li>\n<li>Polimerna prevleka plinske cevi za odvajanje toplote<\/li>\n<li>Pove\u010dano stikalo za izbiro na\u010dina streljanja za la\u017eje upravljanje<\/li>\n<li>Pove\u010dana odprtina za izmet nabojnika za hitrej\u0161e polnjenje<\/li>\n<li>Tirnica pod stranskim sklopom (lastovi\u010dji rep) za dodatno opremo<\/li>\n<\/ul>\n<\/div>\n","protected":false},"excerpt":{"rendered":"<p>Jack 7,62x39mm polimer: Polimerska pu\u0161ka, 880 mm, polavtomatska, rezkana tirnica za optiko.<\/p>\n","protected":false},"featured_media":581137,"template":"","meta":{"_acf_changed":false},"product_brand":[],"product_cat":[13480,13483],"product_tag":[],"class_list":{"0":"post-580965","1":"product","2":"type-product","3":"status-publish","4":"has-post-thumbnail","6":"product_cat-karabinke","7":"product_cat-puska","9":"first","10":"outofstock","11":"taxable","12":"shipping-taxable","13":"product-type-simple"},"acf":[],"_links":{"self":[{"href":"https:\/\/staging.nbg.eu\/sl\/wp-json\/wp\/v2\/product\/580965","targetHints":{"allow":["GET"]}}],"collection":[{"href":"https:\/\/staging.nbg.eu\/sl\/wp-json\/wp\/v2\/product"}],"about":[{"href":"https:\/\/staging.nbg.eu\/sl\/wp-json\/wp\/v2\/types\/product"}],"wp:featuredmedia":[{"embeddable":true,"href":"https:\/\/staging.nbg.eu\/sl\/wp-json\/wp\/v2\/media\/581137"}],"wp:attachment":[{"href":"https:\/\/staging.nbg.eu\/sl\/wp-json\/wp\/v2\/media?parent=580965"}],"wp:term":[{"taxonomy":"product_brand","embeddable":true,"href":"https:\/\/staging.nbg.eu\/sl\/wp-json\/wp\/v2\/product_brand?post=580965"},{"taxonomy":"product_cat","embeddable":true,"href":"https:\/\/staging.nbg.eu\/sl\/wp-json\/wp\/v2\/product_cat?post=580965"},{"taxonomy":"product_tag","embeddable":true,"href":"https:\/\/staging.nbg.eu\/sl\/wp-json\/wp\/v2\/product_tag?post=580965"}],"curies":[{"name":"wp","href":"https:\/\/api.w.org\/{rel}","templated":true}]}}