{"id":58050,"date":"2024-02-20T19:33:36","date_gmt":"2024-09-13T14:53:51","guid":{"rendered":"https:\/\/staging.nbg.eu\/product\/geissele-super-precision-compm5s-series-optic-mounts-black-1-93\/"},"modified":"2024-09-13T14:54:50","modified_gmt":"2024-09-13T14:54:50","slug":"geissele-super-precision-compm5s-serija-opticnih-nosilcev-crn-193","status":"publish","type":"product","link":"https:\/\/staging.nbg.eu\/sl\/izdelek\/geissele-super-precision-compm5s-serija-opticnih-nosilcev-crn-193\/","title":{"rendered":"Geissele Super Precision\u00ae &#8211; CompM5s Serija Opti\u010dnih Nosilcev, \u010crn (1.93&#8243;)"},"content":{"rendered":"<div class=\"product-description\">\n<h2>Geissele Super Precision\u00ae &#8211; Nosilec za optiko serije CompM5s, \u010drn (1,93&#8243;)<\/h2>\n<p>Geissele Super Precision\u00ae nosilec za optiko serije CompM5s. Zasnovan za Aimpoint CompM5s in podobne rde\u010de pike optike, ta nosilec nudi natan\u010dnost in vzdr\u017eljivost.<\/p>\n<ul>\n<li>Precizno izdelan iz enega kosa 7075-T6 aluminija visoke trdnosti<\/li>\n<li>Mo\u017enost vi\u0161ine 1,93&#8243; za optimalno sliko<\/li>\n<li>Inovativen na\u010din pritrditve z matico in vijakom s 1.400 lbs pritrdilne sile<\/li>\n<li>3 stri\u017eni jezi\u010dki za maksimalno togost in vrnitev na ni\u010dlo<\/li>\n<li>\u010crna Type 3 Hardcoat anodizirana povr\u0161ina<\/li>\n<\/ul>\n<p>Ta nosilec za optiko nudi zanesljivost in zmogljivost.<\/p>\n<\/div>\n","protected":false},"excerpt":{"rendered":"<p>Precizno izdelano dr\u017ealo za Aimpoint CompM5s, izjemno varno in trpe\u017eno.<\/p>\n","protected":false},"featured_media":58051,"template":"","meta":{"_acf_changed":false},"product_brand":[11389],"product_cat":[13483],"product_tag":[],"class_list":{"0":"post-58050","1":"product","2":"type-product","3":"status-publish","4":"has-post-thumbnail","6":"product_brand-geissele","7":"product_cat-puska","9":"first","10":"instock","11":"taxable","12":"shipping-taxable","13":"product-type-simple"},"acf":[],"_links":{"self":[{"href":"https:\/\/staging.nbg.eu\/sl\/wp-json\/wp\/v2\/product\/58050","targetHints":{"allow":["GET"]}}],"collection":[{"href":"https:\/\/staging.nbg.eu\/sl\/wp-json\/wp\/v2\/product"}],"about":[{"href":"https:\/\/staging.nbg.eu\/sl\/wp-json\/wp\/v2\/types\/product"}],"wp:featuredmedia":[{"embeddable":true,"href":"https:\/\/staging.nbg.eu\/sl\/wp-json\/wp\/v2\/media\/58051"}],"wp:attachment":[{"href":"https:\/\/staging.nbg.eu\/sl\/wp-json\/wp\/v2\/media?parent=58050"}],"wp:term":[{"taxonomy":"product_brand","embeddable":true,"href":"https:\/\/staging.nbg.eu\/sl\/wp-json\/wp\/v2\/product_brand?post=58050"},{"taxonomy":"product_cat","embeddable":true,"href":"https:\/\/staging.nbg.eu\/sl\/wp-json\/wp\/v2\/product_cat?post=58050"},{"taxonomy":"product_tag","embeddable":true,"href":"https:\/\/staging.nbg.eu\/sl\/wp-json\/wp\/v2\/product_tag?post=58050"}],"curies":[{"name":"wp","href":"https:\/\/api.w.org\/{rel}","templated":true}]}}