{"id":577944,"date":"2025-10-10T18:01:49","date_gmt":"2025-10-10T15:01:49","guid":{"rendered":"https:\/\/staging.nbg.eu\/product\/x-ray-pcc-spacer-rh\/"},"modified":"2025-10-15T12:42:37","modified_gmt":"2025-10-15T09:42:37","slug":"x-ray-pcc-distancnik-desni","status":"publish","type":"product","link":"https:\/\/staging.nbg.eu\/sl\/izdelek\/x-ray-pcc-distancnik-desni\/","title":{"rendered":"X-Ray PCC distan\u010dnik desni"},"content":{"rendered":"<h2>X-Ray PCC podalj\u0161an distan\u010dnik za okvirje, desna roka<\/h2>\n<p>X-Ray PCC podalj\u0161an distan\u010dnik za okvirje za desni\u010darje. Namenjen uporabi s podalj\u0161animi Glock okvirji v skeletnih DAA X-Ray torbicah. Ta distan\u010dnik nadomesti standardno razli\u010dico in omogo\u010da, da dolgi okvirji segajo skozi dno torbice za bolj\u0161e ravnote\u017eje in varnost.<\/p>\n<h2>Glavne zna\u010dilnosti:<\/h2>\n<ul>\n<li>Zdru\u017eljiv z aluminijastimi in polimernimi DAA X-Ray torbicami<\/li>\n<li>Posebej zasnovan za podalj\u0161ane Glock PCC okvirje<\/li>\n<li>Podporna roka name\u0161\u010dena za okvirjem<\/li>\n<li>Izbolj\u0161a ravnote\u017eje in zadr\u017eevanje za varno prileganje<\/li>\n<li>Hitra in enostavna namestitev<\/li>\n<\/ul>\n<p>Opomba: Priporo\u010den je srednji distan\u010dnik (vklju\u010den z X-Ray torbicami). Torbica za okvir in okvir nista vklju\u010dena. Samo en distan\u010dnik.<\/p>\n","protected":false},"excerpt":{"rendered":"<p>Pritrdite podalj\u0161ane PCC nabojnike v DAA X-Ray torbice. Desnoro\u010dna razli\u010dica.<\/p>\n","protected":false},"featured_media":578067,"template":"","meta":{"_acf_changed":false},"product_brand":[],"product_cat":[13450,13441],"product_tag":[],"class_list":{"0":"post-577944","1":"product","2":"type-product","3":"status-publish","4":"has-post-thumbnail","6":"product_cat-oprema","7":"product_cat-torbice","9":"first","10":"instock","11":"taxable","12":"shipping-taxable","13":"purchasable","14":"product-type-simple"},"acf":[],"_links":{"self":[{"href":"https:\/\/staging.nbg.eu\/sl\/wp-json\/wp\/v2\/product\/577944","targetHints":{"allow":["GET"]}}],"collection":[{"href":"https:\/\/staging.nbg.eu\/sl\/wp-json\/wp\/v2\/product"}],"about":[{"href":"https:\/\/staging.nbg.eu\/sl\/wp-json\/wp\/v2\/types\/product"}],"wp:featuredmedia":[{"embeddable":true,"href":"https:\/\/staging.nbg.eu\/sl\/wp-json\/wp\/v2\/media\/578067"}],"wp:attachment":[{"href":"https:\/\/staging.nbg.eu\/sl\/wp-json\/wp\/v2\/media?parent=577944"}],"wp:term":[{"taxonomy":"product_brand","embeddable":true,"href":"https:\/\/staging.nbg.eu\/sl\/wp-json\/wp\/v2\/product_brand?post=577944"},{"taxonomy":"product_cat","embeddable":true,"href":"https:\/\/staging.nbg.eu\/sl\/wp-json\/wp\/v2\/product_cat?post=577944"},{"taxonomy":"product_tag","embeddable":true,"href":"https:\/\/staging.nbg.eu\/sl\/wp-json\/wp\/v2\/product_tag?post=577944"}],"curies":[{"name":"wp","href":"https:\/\/api.w.org\/{rel}","templated":true}]}}