{"id":577759,"date":"2025-10-10T16:07:00","date_gmt":"2025-10-10T13:07:00","guid":{"rendered":"https:\/\/staging.nbg.eu\/product\/polymer-magazine-762x39-mm-for-akm-rifle-10-rounds\/"},"modified":"2025-10-15T12:35:54","modified_gmt":"2025-10-15T09:35:54","slug":"polimerski-nabojnik-762x39-mm-za-pusko-akm-10-nabojev","status":"publish","type":"product","link":"https:\/\/staging.nbg.eu\/sl\/izdelek\/polimerski-nabojnik-762x39-mm-za-pusko-akm-10-nabojev\/","title":{"rendered":"Polimerski nabojnik 7,62&#215;39 mm za pu\u0161ko AKM 10 nabojev"},"content":{"rendered":"<h2>Magpul PMAG 10 AK\/AKM MOE nabojnik<\/h2>\n<h2>7.62x39mm | 10 nabojev<\/h2>\n<p>Nabojnik <strong>Magpul PMAG 10 AK\/AKM MOE<\/strong> je namenjen za pu\u0161ke tipa AK v kalibru 7.62x39mm, vklju\u010dno z AK-47, AKM, AKS in SIG556R.<\/p>\n<h3>Glavne zna\u010dilnosti:<\/h3>\n<ul>\n<li>Polimerna konstrukcija<\/li>\n<li>Kapaciteta 10 nabojev<\/li>\n<li>Ukrivljena geometrija<\/li>\n<li>Vzmet iz nerjave\u010dega jekla<\/li>\n<li>Zanesljiv podajalnik z nizkim trenjem<\/li>\n<li>Odstranljivo dno<\/li>\n<li>Rebrasta povr\u0161ina za oprijem<\/li>\n<li>Matrica za ozna\u010devanje<\/li>\n<li>\u0160teje kot tri skladnostne komponente za 922(r)<\/li>\n<\/ul>\n<p>Ta kompaktni nabojnik je primeren za streljanje v le\u017ee\u010dem polo\u017eaju in s strelske mize.<\/p>\n<p><em>Izdelano v ZDA<\/em><\/p>\n","protected":false},"excerpt":{"rendered":"<p>Zanesljiv 10-strelni nabojnik za 7,62x39mm AKM. Lahek polimer, izdelano v ZDA.<\/p>\n","protected":false},"featured_media":577863,"template":"","meta":{"_acf_changed":false},"product_brand":[],"product_cat":[13466,13483],"product_tag":[],"class_list":{"0":"post-577759","1":"product","2":"type-product","3":"status-publish","4":"has-post-thumbnail","6":"product_cat-nabojniki-za-puske","7":"product_cat-puska","9":"first","10":"outofstock","11":"taxable","12":"shipping-taxable","13":"product-type-simple"},"acf":[],"_links":{"self":[{"href":"https:\/\/staging.nbg.eu\/sl\/wp-json\/wp\/v2\/product\/577759","targetHints":{"allow":["GET"]}}],"collection":[{"href":"https:\/\/staging.nbg.eu\/sl\/wp-json\/wp\/v2\/product"}],"about":[{"href":"https:\/\/staging.nbg.eu\/sl\/wp-json\/wp\/v2\/types\/product"}],"wp:featuredmedia":[{"embeddable":true,"href":"https:\/\/staging.nbg.eu\/sl\/wp-json\/wp\/v2\/media\/577863"}],"wp:attachment":[{"href":"https:\/\/staging.nbg.eu\/sl\/wp-json\/wp\/v2\/media?parent=577759"}],"wp:term":[{"taxonomy":"product_brand","embeddable":true,"href":"https:\/\/staging.nbg.eu\/sl\/wp-json\/wp\/v2\/product_brand?post=577759"},{"taxonomy":"product_cat","embeddable":true,"href":"https:\/\/staging.nbg.eu\/sl\/wp-json\/wp\/v2\/product_cat?post=577759"},{"taxonomy":"product_tag","embeddable":true,"href":"https:\/\/staging.nbg.eu\/sl\/wp-json\/wp\/v2\/product_tag?post=577759"}],"curies":[{"name":"wp","href":"https:\/\/api.w.org\/{rel}","templated":true}]}}