{"id":57717,"date":"2024-02-20T19:53:48","date_gmt":"2024-09-13T14:33:29","guid":{"rendered":"https:\/\/staging.nbg.eu\/product\/geissele-ar15-super-precision-30mm-extended\/"},"modified":"2024-09-13T14:34:31","modified_gmt":"2024-09-13T14:34:31","slug":"geissele-ar15-super-precision-30mm-podaljsan","status":"publish","type":"product","link":"https:\/\/staging.nbg.eu\/sl\/izdelek\/geissele-ar15-super-precision-30mm-podaljsan\/","title":{"rendered":"Geissele AR15 Super Precision\u00ae 30mm, Podalj\u0161an"},"content":{"rendered":"<div class=\"product-description\">\n<h2>Geissele AR15 Super Precision\u00ae 30mm, podalj\u0161an<\/h2>\n<p>Zasnovan za uporabo z AR-15\/M4 zgornjimi deli, Geissele Super Precision\u00ae 30mm podalj\u0161ani nosilec ponuja stabilnost in natan\u010dnost. Klju\u010dne lastnosti vklju\u010dujejo:<\/p>\n<ul>\n<li>7-delna picatinny tirnica s 4 stri\u017enimi nastavki za varno pritrditev<\/li>\n<li>Sistem pritrditve z matico in vijakom, ki zagotavlja 1.400 funtov sile na set<\/li>\n<li>Izdelan iz enega kosa 7075-T6 aluminijaste zlitine visoke trdnosti<\/li>\n<li>Izbolj\u0161ana trdnost in togost z uporabo \u017eepov in reber<\/li>\n<li>Natan\u010dno izvrtane kape za bolj\u0161e prileganje in za\u0161\u010dito optike<\/li>\n<li>Prilagodljive lokacije kap za razli\u010dne zasnove optik<\/li>\n<\/ul>\n<p>Ta nosilec optike omogo\u010da natan\u010dno vrnitev na ni\u010dlo in trpe\u017enost ter je zasnovan za uporabo v zahtevnih pogojih.<\/p>\n<\/div>\n","protected":false},"excerpt":{"rendered":"<p>Precizni 30 mm nosilec za optiko AR-15. Varen, trpe\u017een, iz aluminija 7075-T6.<\/p>\n","protected":false},"featured_media":57718,"template":"","meta":{"_acf_changed":false},"product_brand":[11389],"product_cat":[13483],"product_tag":[],"class_list":{"0":"post-57717","1":"product","2":"type-product","3":"status-publish","4":"has-post-thumbnail","6":"product_brand-geissele","7":"product_cat-puska","9":"first","10":"instock","11":"taxable","12":"shipping-taxable","13":"product-type-variable","14":"wvs-archive-product-wrapper"},"acf":[],"_links":{"self":[{"href":"https:\/\/staging.nbg.eu\/sl\/wp-json\/wp\/v2\/product\/57717","targetHints":{"allow":["GET"]}}],"collection":[{"href":"https:\/\/staging.nbg.eu\/sl\/wp-json\/wp\/v2\/product"}],"about":[{"href":"https:\/\/staging.nbg.eu\/sl\/wp-json\/wp\/v2\/types\/product"}],"wp:featuredmedia":[{"embeddable":true,"href":"https:\/\/staging.nbg.eu\/sl\/wp-json\/wp\/v2\/media\/57718"}],"wp:attachment":[{"href":"https:\/\/staging.nbg.eu\/sl\/wp-json\/wp\/v2\/media?parent=57717"}],"wp:term":[{"taxonomy":"product_brand","embeddable":true,"href":"https:\/\/staging.nbg.eu\/sl\/wp-json\/wp\/v2\/product_brand?post=57717"},{"taxonomy":"product_cat","embeddable":true,"href":"https:\/\/staging.nbg.eu\/sl\/wp-json\/wp\/v2\/product_cat?post=57717"},{"taxonomy":"product_tag","embeddable":true,"href":"https:\/\/staging.nbg.eu\/sl\/wp-json\/wp\/v2\/product_tag?post=57717"}],"curies":[{"name":"wp","href":"https:\/\/api.w.org\/{rel}","templated":true}]}}