{"id":576659,"date":"2025-10-10T15:52:39","date_gmt":"2025-10-10T12:52:39","guid":{"rendered":"https:\/\/staging.nbg.eu\/product\/adapter-single-arta435-52-52mm\/"},"modified":"2025-10-15T12:10:51","modified_gmt":"2025-10-15T09:10:51","slug":"adapter-enojni-arta435-52-52mm","status":"publish","type":"product","link":"https:\/\/staging.nbg.eu\/sl\/izdelek\/adapter-enojni-arta435-52-52mm\/","title":{"rendered":"Adapter enojni ARTA435-52, 52mm"},"content":{"rendered":"<div class=\"product-description\">\n<h2>Adapter enojni ARTA435-52, 52mm<\/h2>\n<p>ARTA435-52 je adapter z hitrim spro\u0161\u010danjem, zasnovan za termalne naprave Guide TA in TB. Ta 52mm adapter je re\u0161itev za povezavo dnevnega strelnega daljnogleda s termalno napravo.<\/p>\n<h2>Klju\u010dne lastnosti:<\/h2>\n<ul>\n<li>Zdru\u017eljiv z napravami z navojem M33.5&#215;0.75<\/li>\n<li>Izdelan iz aluminija<\/li>\n<li>Gibljivi deli iz kaljenega jekla<\/li>\n<li>Posebna notranja za\u0161\u010ditna prevleka<\/li>\n<li>Zagotavlja varen oprijem in \u0161\u010diti optiko<\/li>\n<li>Mehanizem za hitro spro\u0161\u010danje za enostavno pritrditev<\/li>\n<\/ul>\n<h2>Zdru\u017eljivost:<\/h2>\n<p>Ta adapter je zdru\u017eljiv z razli\u010dnimi termalnimi napravami, vklju\u010dno z:<\/p>\n<ul>\n<li>Guide TB in TA serije<\/li>\n<li>Athlon Cronus ATS Pro<\/li>\n<li>Burris BTC50, BTC35 v2 in v3<\/li>\n<li>Steiner Nighthunter C35 Gen I in Gen II<\/li>\n<li>Konus Fiery<\/li>\n<li>Nitehog Viper<\/li>\n<\/ul>\n<p>Pred nakupom se prepri\u010dajte, da ima objektiv va\u0161ega strelnega daljnogleda zunanji premer 52mm. Za alternativne mo\u017enosti monta\u017ee razmislite o na\u0161ih adapterjih za Picatinny vodilo, ki so na voljo v razli\u010dnih vi\u0161inah.<\/p>\n<p>Izdelal Rusan-Mikron, ta adapter zagotavlja prileganje in integracijo z va\u0161o termalno opremo. ARTA435-52 adapter za lov ali takti\u010dno uporabo.<\/p>\n<\/div>\n","protected":false},"excerpt":{"rendered":"<p>52-milimetrski Rusanov adapter za termi\u010dne nastavke Guide. Hitra sprostitev, aluminij.<\/p>\n","protected":false},"featured_media":576734,"template":"","meta":{"_acf_changed":false},"product_brand":[],"product_cat":[13459,13416,13414],"product_tag":[],"class_list":{"0":"post-576659","1":"product","2":"type-product","3":"status-publish","4":"has-post-thumbnail","6":"product_cat-meritev","7":"product_cat-pribor-za-meritev","8":"product_cat-termicni","10":"first","11":"outofstock","12":"taxable","13":"shipping-taxable","14":"purchasable","15":"product-type-simple"},"acf":[],"_links":{"self":[{"href":"https:\/\/staging.nbg.eu\/sl\/wp-json\/wp\/v2\/product\/576659","targetHints":{"allow":["GET"]}}],"collection":[{"href":"https:\/\/staging.nbg.eu\/sl\/wp-json\/wp\/v2\/product"}],"about":[{"href":"https:\/\/staging.nbg.eu\/sl\/wp-json\/wp\/v2\/types\/product"}],"wp:featuredmedia":[{"embeddable":true,"href":"https:\/\/staging.nbg.eu\/sl\/wp-json\/wp\/v2\/media\/576734"}],"wp:attachment":[{"href":"https:\/\/staging.nbg.eu\/sl\/wp-json\/wp\/v2\/media?parent=576659"}],"wp:term":[{"taxonomy":"product_brand","embeddable":true,"href":"https:\/\/staging.nbg.eu\/sl\/wp-json\/wp\/v2\/product_brand?post=576659"},{"taxonomy":"product_cat","embeddable":true,"href":"https:\/\/staging.nbg.eu\/sl\/wp-json\/wp\/v2\/product_cat?post=576659"},{"taxonomy":"product_tag","embeddable":true,"href":"https:\/\/staging.nbg.eu\/sl\/wp-json\/wp\/v2\/product_tag?post=576659"}],"curies":[{"name":"wp","href":"https:\/\/api.w.org\/{rel}","templated":true}]}}