{"id":575719,"date":"2025-10-10T12:35:10","date_gmt":"2025-10-10T09:35:10","guid":{"rendered":"https:\/\/staging.nbg.eu\/product\/grips-kmr-l-diamondcut-short-brass\/"},"modified":"2025-10-15T11:55:52","modified_gmt":"2025-10-15T08:55:52","slug":"rocaji-kmr-l-diamantni-rez-kratki-medenina","status":"publish","type":"product","link":"https:\/\/staging.nbg.eu\/sl\/izdelek\/rocaji-kmr-l-diamantni-rez-kratki-medenina\/","title":{"rendered":"Ro\u010daji KMR L diamantni rez kratki medenina"},"content":{"rendered":"<h2>RO\u010cAJI KMR L DIAMONDCUT KRATKI MEDENINA<\/h2>\n<p><strong>Referenca:<\/strong> 0611-05202-0316 | <strong>Znamka:<\/strong> KMR Precision Arms<\/p>\n<p>RO\u010cAJI KMR L DIAMONDCUT KRATKI MEDENINA so namenjeni modelom KMR L-02 SPECTRA in UMBRA (do leta 2023). Ti kratki ro\u010daji nudijo nadzor in udobje.<\/p>\n<p>Glavne zna\u010dilnosti:<\/p>\n<ul>\n<li>Izdelani za strelno oro\u017eje KMR<\/li>\n<li>Kratka dol\u017eina ro\u010daja za bolj\u0161o okretnost<\/li>\n<li>Diamantna tekstura za bolj\u0161i oprijem in nadzor<\/li>\n<li>Medeninasta konstrukcija za vzdr\u017eljivost<\/li>\n<li>Zdru\u017eljivi z modeli KMR L-02 SPECTRA in UMBRA do leta 2023<\/li>\n<\/ul>\n<p>Ti ro\u010daji so zasnovani za izbolj\u0161anje strelske zmogljivosti in udobja pri uporabi strelnega oro\u017eja KMR.<\/p>\n","protected":false},"excerpt":{"rendered":"<p>Kratki medeninasti ro\u010daji z diamantnim vzorcem za pu\u0161ke KMR L-02. Natan\u010dno prileganje.<\/p>\n","protected":false},"featured_media":575730,"template":"","meta":{"_acf_changed":false},"product_brand":[],"product_cat":[13435],"product_tag":[],"class_list":{"0":"post-575719","1":"product","2":"type-product","3":"status-publish","4":"has-post-thumbnail","6":"product_cat-kmr-deli","8":"first","9":"instock","10":"taxable","11":"shipping-taxable","12":"purchasable","13":"product-type-simple"},"acf":[],"_links":{"self":[{"href":"https:\/\/staging.nbg.eu\/sl\/wp-json\/wp\/v2\/product\/575719","targetHints":{"allow":["GET"]}}],"collection":[{"href":"https:\/\/staging.nbg.eu\/sl\/wp-json\/wp\/v2\/product"}],"about":[{"href":"https:\/\/staging.nbg.eu\/sl\/wp-json\/wp\/v2\/types\/product"}],"wp:featuredmedia":[{"embeddable":true,"href":"https:\/\/staging.nbg.eu\/sl\/wp-json\/wp\/v2\/media\/575730"}],"wp:attachment":[{"href":"https:\/\/staging.nbg.eu\/sl\/wp-json\/wp\/v2\/media?parent=575719"}],"wp:term":[{"taxonomy":"product_brand","embeddable":true,"href":"https:\/\/staging.nbg.eu\/sl\/wp-json\/wp\/v2\/product_brand?post=575719"},{"taxonomy":"product_cat","embeddable":true,"href":"https:\/\/staging.nbg.eu\/sl\/wp-json\/wp\/v2\/product_cat?post=575719"},{"taxonomy":"product_tag","embeddable":true,"href":"https:\/\/staging.nbg.eu\/sl\/wp-json\/wp\/v2\/product_tag?post=575719"}],"curies":[{"name":"wp","href":"https:\/\/api.w.org\/{rel}","templated":true}]}}