{"id":575618,"date":"2025-10-10T12:35:07","date_gmt":"2025-10-10T09:35:07","guid":{"rendered":"https:\/\/staging.nbg.eu\/product\/grips-kmr-l-dotmatrix-ergo-short-for-orca-emiq-pink\/"},"modified":"2025-10-15T11:49:18","modified_gmt":"2025-10-15T08:49:18","slug":"rocaji-kmr-l-tockasta-matrika-ergo-kratki-za-orca-emiq-roznati","status":"publish","type":"product","link":"https:\/\/staging.nbg.eu\/sl\/izdelek\/rocaji-kmr-l-tockasta-matrika-ergo-kratki-za-orca-emiq-roznati\/","title":{"rendered":"Ro\u010daji KMR L to\u010dkasta matrika ergo kratki za ORCA, EMIQ ro\u017enati"},"content":{"rendered":"<h2>RO\u010cAJI KMR L DOTMATRIX ERGO KRATKI za ORCA, EMIQ &#8211; ROZA<\/h2>\n<p>GRIPS KMR L DOTMATRIX ERGO KRATKI za ORCA, EMIQ v roza barvi. Ti ro\u010daji iz duraluminija imajo vzorec golfske \u017eogice za bolj\u0161i oprijem.<\/p>\n<h2>Klju\u010dne lastnosti:<\/h2>\n<ul>\n<li>Referenca: 0611-03204-0110<\/li>\n<li>Znamka: KMR Precision Arms<\/li>\n<li>Velikost: Kratki<\/li>\n<li>Material: Anodiziran duraluminij<\/li>\n<li>Vzorec: Golfska \u017eogica (Dotmatrix Ergo)<\/li>\n<li>Uporaba: Z vodilom za nabojnik<\/li>\n<li>Vklju\u010duje: Torx vijake<\/li>\n<\/ul>\n<p>Primerno za nadgradnjo obstoje\u010de pi\u0161tole ali oblikovanje tekmovalnega oro\u017eja. Zdru\u017eljivo z modeli KMR L-02 EMIQ, KMR L-02 EMIQ (OR) in KMR L-02 ORCA (do leta 2023).<\/p>\n","protected":false},"excerpt":{"rendered":"<p>Ro\u017enata aluminijasta ro\u010daja za ORCA\/EMIQ. Tekstura golfske \u017eogice. Kratka, ergonomska.<\/p>\n","protected":false},"featured_media":575632,"template":"","meta":{"_acf_changed":false},"product_brand":[],"product_cat":[13435],"product_tag":[],"class_list":{"0":"post-575618","1":"product","2":"type-product","3":"status-publish","4":"has-post-thumbnail","6":"product_cat-kmr-deli","8":"first","9":"outofstock","10":"taxable","11":"shipping-taxable","12":"purchasable","13":"product-type-simple"},"acf":[],"_links":{"self":[{"href":"https:\/\/staging.nbg.eu\/sl\/wp-json\/wp\/v2\/product\/575618","targetHints":{"allow":["GET"]}}],"collection":[{"href":"https:\/\/staging.nbg.eu\/sl\/wp-json\/wp\/v2\/product"}],"about":[{"href":"https:\/\/staging.nbg.eu\/sl\/wp-json\/wp\/v2\/types\/product"}],"wp:featuredmedia":[{"embeddable":true,"href":"https:\/\/staging.nbg.eu\/sl\/wp-json\/wp\/v2\/media\/575632"}],"wp:attachment":[{"href":"https:\/\/staging.nbg.eu\/sl\/wp-json\/wp\/v2\/media?parent=575618"}],"wp:term":[{"taxonomy":"product_brand","embeddable":true,"href":"https:\/\/staging.nbg.eu\/sl\/wp-json\/wp\/v2\/product_brand?post=575618"},{"taxonomy":"product_cat","embeddable":true,"href":"https:\/\/staging.nbg.eu\/sl\/wp-json\/wp\/v2\/product_cat?post=575618"},{"taxonomy":"product_tag","embeddable":true,"href":"https:\/\/staging.nbg.eu\/sl\/wp-json\/wp\/v2\/product_tag?post=575618"}],"curies":[{"name":"wp","href":"https:\/\/api.w.org\/{rel}","templated":true}]}}