{"id":575373,"date":"2025-10-10T12:34:58","date_gmt":"2025-10-10T09:34:58","guid":{"rendered":"https:\/\/staging.nbg.eu\/product\/grips-kmr-l-dotmatrix-short-for-orca-emiq-pink\/"},"modified":"2025-10-15T11:40:27","modified_gmt":"2025-10-15T08:40:27","slug":"rocaji-kmr-l-tockasta-matrika-kratki-za-orca-emiq-roznati","status":"publish","type":"product","link":"https:\/\/staging.nbg.eu\/sl\/izdelek\/rocaji-kmr-l-tockasta-matrika-kratki-za-orca-emiq-roznati\/","title":{"rendered":"Ro\u010daji KMR L to\u010dkasta matrika kratki za ORCA, EMIQ ro\u017enati"},"content":{"rendered":"<div class=\"product-description\">\n<h2>RO\u010cAJI KMR L DOTMATRIX KRATKI za ORCA, EMIQ &#8211; ROZA<\/h2>\n<p>Ro\u010daji iz duraluminija proizvajalca KMR Precision Arms. Imajo vzorec golfske \u017eogice, ki nudi dober oprijem.<\/p>\n<ul>\n<li>Referenca: 0611-03202-0110<\/li>\n<li>Barva: Roza<\/li>\n<li>Velikost: Kratki<\/li>\n<li>Material: Anodiziran duraluminij<\/li>\n<li>Vzorec: Dotmatrix (golfska \u017eogica)<\/li>\n<li>Uporaba: Z vodilom za nabojnik<\/li>\n<li>Vklju\u010duje: Torx vijake<\/li>\n<\/ul>\n<p>Primerni za nadgradnjo obstoje\u010de pi\u0161tole ali za tekmovalno oro\u017eje. Zdru\u017eljivi z modeli KMR L-02 EMIQ, KMR L-02 EMIQ (OR) in KMR L-02 ORCA (do 2023).<\/p>\n<p>Ro\u010daji imajo grobo teksturo za dober oprijem. Izdelani so s strani KMR Precision Arms.<\/p>\n<\/div>\n","protected":false},"excerpt":{"rendered":"<p>Ro\u017enate KMR duraluminijaste ro\u010dice za ORCA, EMIQ. Vzorec golfske \u017eogice, kratke.<\/p>\n","protected":false},"featured_media":575397,"template":"","meta":{"_acf_changed":false},"product_brand":[],"product_cat":[13435],"product_tag":[],"class_list":{"0":"post-575373","1":"product","2":"type-product","3":"status-publish","4":"has-post-thumbnail","6":"product_cat-kmr-deli","8":"first","9":"instock","10":"taxable","11":"shipping-taxable","12":"purchasable","13":"product-type-simple"},"acf":[],"_links":{"self":[{"href":"https:\/\/staging.nbg.eu\/sl\/wp-json\/wp\/v2\/product\/575373","targetHints":{"allow":["GET"]}}],"collection":[{"href":"https:\/\/staging.nbg.eu\/sl\/wp-json\/wp\/v2\/product"}],"about":[{"href":"https:\/\/staging.nbg.eu\/sl\/wp-json\/wp\/v2\/types\/product"}],"wp:featuredmedia":[{"embeddable":true,"href":"https:\/\/staging.nbg.eu\/sl\/wp-json\/wp\/v2\/media\/575397"}],"wp:attachment":[{"href":"https:\/\/staging.nbg.eu\/sl\/wp-json\/wp\/v2\/media?parent=575373"}],"wp:term":[{"taxonomy":"product_brand","embeddable":true,"href":"https:\/\/staging.nbg.eu\/sl\/wp-json\/wp\/v2\/product_brand?post=575373"},{"taxonomy":"product_cat","embeddable":true,"href":"https:\/\/staging.nbg.eu\/sl\/wp-json\/wp\/v2\/product_cat?post=575373"},{"taxonomy":"product_tag","embeddable":true,"href":"https:\/\/staging.nbg.eu\/sl\/wp-json\/wp\/v2\/product_tag?post=575373"}],"curies":[{"name":"wp","href":"https:\/\/api.w.org\/{rel}","templated":true}]}}