{"id":575169,"date":"2025-10-10T12:34:54","date_gmt":"2025-10-10T09:34:54","guid":{"rendered":"https:\/\/staging.nbg.eu\/product\/grips-kmr-l-waves-black\/"},"modified":"2025-10-15T11:31:18","modified_gmt":"2025-10-15T08:31:18","slug":"rocaji-kmr-l-valovi-crni","status":"publish","type":"product","link":"https:\/\/staging.nbg.eu\/sl\/izdelek\/rocaji-kmr-l-valovi-crni\/","title":{"rendered":"Ro\u010daji KMR L valovi \u010drni"},"content":{"rendered":"<div class=\"product-description\">\n<h2>RO\u010cAJI KMR L WAVES \u010cRNI<\/h2>\n<p>GRIPS KMR L WAVES BLACK od KMR Precision Arms. Ti ro\u010daji so namenjeni izbolj\u0161anju strelskih ve\u0161\u010din.<\/p>\n<h2>Klju\u010dne lastnosti:<\/h2>\n<ul>\n<li>Referenca: 0611-05001-0101<\/li>\n<li>Barva: \u010crna (Na voljo v 10 barvnih razli\u010dicah)<\/li>\n<li>Dol\u017eina ro\u010daja: Polna velikost &#8211; brez magwell<\/li>\n<li>Tekstura: Valovi<\/li>\n<li>Zdru\u017eljivi z modeli KMR L-02 SPECTRA in UMBRA<\/li>\n<\/ul>\n<p>Tekstura WAVES zagotavlja oprijem in nadzor. Ti ro\u010daji so namenjeni izbolj\u0161anju strelske izku\u0161nje za tekmovalne strelce in ljubitelje strelnega oro\u017eja.<\/p>\n<\/div>\n","protected":false},"excerpt":{"rendered":"<p>Revolucionarni \u010drni ro\u010daji WAVES za pu\u0161ke KMR. Najve\u010dji nadzor in natan\u010dnost.<\/p>\n","protected":false},"featured_media":575182,"template":"","meta":{"_acf_changed":false},"product_brand":[],"product_cat":[13435],"product_tag":[],"class_list":{"0":"post-575169","1":"product","2":"type-product","3":"status-publish","4":"has-post-thumbnail","6":"product_cat-kmr-deli","8":"first","9":"instock","10":"taxable","11":"shipping-taxable","12":"purchasable","13":"product-type-simple"},"acf":[],"_links":{"self":[{"href":"https:\/\/staging.nbg.eu\/sl\/wp-json\/wp\/v2\/product\/575169","targetHints":{"allow":["GET"]}}],"collection":[{"href":"https:\/\/staging.nbg.eu\/sl\/wp-json\/wp\/v2\/product"}],"about":[{"href":"https:\/\/staging.nbg.eu\/sl\/wp-json\/wp\/v2\/types\/product"}],"wp:featuredmedia":[{"embeddable":true,"href":"https:\/\/staging.nbg.eu\/sl\/wp-json\/wp\/v2\/media\/575182"}],"wp:attachment":[{"href":"https:\/\/staging.nbg.eu\/sl\/wp-json\/wp\/v2\/media?parent=575169"}],"wp:term":[{"taxonomy":"product_brand","embeddable":true,"href":"https:\/\/staging.nbg.eu\/sl\/wp-json\/wp\/v2\/product_brand?post=575169"},{"taxonomy":"product_cat","embeddable":true,"href":"https:\/\/staging.nbg.eu\/sl\/wp-json\/wp\/v2\/product_cat?post=575169"},{"taxonomy":"product_tag","embeddable":true,"href":"https:\/\/staging.nbg.eu\/sl\/wp-json\/wp\/v2\/product_tag?post=575169"}],"curies":[{"name":"wp","href":"https:\/\/api.w.org\/{rel}","templated":true}]}}