{"id":575072,"date":"2025-10-10T12:34:49","date_gmt":"2025-10-10T09:34:49","guid":{"rendered":"https:\/\/staging.nbg.eu\/product\/grips-kmr-l-modular-brass\/"},"modified":"2025-10-15T11:28:28","modified_gmt":"2025-10-15T08:28:28","slug":"rocaji-kmr-l-modularni-medenina","status":"publish","type":"product","link":"https:\/\/staging.nbg.eu\/sl\/izdelek\/rocaji-kmr-l-modularni-medenina\/","title":{"rendered":"Ro\u010daji KMR L modularni medenina"},"content":{"rendered":"<h2>RO\u010cAJI KMR L MODULARNI MEDENINA<\/h2>\n<p><strong>Referenca:<\/strong> 0611-04101-0316<\/p>\n<p>RO\u010cAJI KMR L MODULARNI MEDENINA so ro\u010daji polne velikosti, oblikovani za udobje in nadzor, ki se prilegajo va\u0161emu KMR brez magwella. Modularna tekstura omogo\u010da prilagodljiv in varen oprijem, kar vam omogo\u010da prilagajanje ro\u010daja va\u0161im \u017eeljam.<\/p>\n<h2>Zdru\u017eljivo oro\u017eje:<\/h2>\n<ul>\n<li>KMR L-02 SPECTRA (od 2024 naprej)<\/li>\n<li>KMR L-02 SPECTRA (do 2023)<\/li>\n<li>KMR L-02 UMBRA<\/li>\n<li>KMR L-02 UMBRA (od 2024 naprej)<\/li>\n<li>KMR L-02 UMBRA (do 2023)<\/li>\n<\/ul>\n<p>Ti ro\u010daji so zasnovani za izbolj\u0161ano rokovanje in delovanje va\u0161ega KMR.<\/p>\n","protected":false},"excerpt":{"rendered":"<p>Velik modularen medeninast ro\u010daj za modele KMR L-02 SPECTRA\/UMBRA.<\/p>\n","protected":false},"featured_media":575106,"template":"","meta":{"_acf_changed":false},"product_brand":[],"product_cat":[13435],"product_tag":[],"class_list":{"0":"post-575072","1":"product","2":"type-product","3":"status-publish","4":"has-post-thumbnail","6":"product_cat-kmr-deli","8":"first","9":"instock","10":"taxable","11":"shipping-taxable","12":"purchasable","13":"product-type-simple"},"acf":[],"_links":{"self":[{"href":"https:\/\/staging.nbg.eu\/sl\/wp-json\/wp\/v2\/product\/575072","targetHints":{"allow":["GET"]}}],"collection":[{"href":"https:\/\/staging.nbg.eu\/sl\/wp-json\/wp\/v2\/product"}],"about":[{"href":"https:\/\/staging.nbg.eu\/sl\/wp-json\/wp\/v2\/types\/product"}],"wp:featuredmedia":[{"embeddable":true,"href":"https:\/\/staging.nbg.eu\/sl\/wp-json\/wp\/v2\/media\/575106"}],"wp:attachment":[{"href":"https:\/\/staging.nbg.eu\/sl\/wp-json\/wp\/v2\/media?parent=575072"}],"wp:term":[{"taxonomy":"product_brand","embeddable":true,"href":"https:\/\/staging.nbg.eu\/sl\/wp-json\/wp\/v2\/product_brand?post=575072"},{"taxonomy":"product_cat","embeddable":true,"href":"https:\/\/staging.nbg.eu\/sl\/wp-json\/wp\/v2\/product_cat?post=575072"},{"taxonomy":"product_tag","embeddable":true,"href":"https:\/\/staging.nbg.eu\/sl\/wp-json\/wp\/v2\/product_tag?post=575072"}],"curies":[{"name":"wp","href":"https:\/\/api.w.org\/{rel}","templated":true}]}}