{"id":574877,"date":"2025-10-10T12:34:48","date_gmt":"2025-10-10T09:34:48","guid":{"rendered":"https:\/\/staging.nbg.eu\/product\/trigger-kmr-sa-da-from-2024\/"},"modified":"2025-10-15T11:24:59","modified_gmt":"2025-10-15T08:24:59","slug":"sprozilec-kmr-sada-od-2024","status":"publish","type":"product","link":"https:\/\/staging.nbg.eu\/sl\/izdelek\/sprozilec-kmr-sada-od-2024\/","title":{"rendered":"Spro\u017eilec KMR SA\/DA (od 2024)"},"content":{"rendered":"<h2>SPRO\u017dILEC KMR SA\/DA (od 2024)<\/h2>\n<h2>Referenca: 0861-01503-0900 | Znamka: KMR Precision Arms<\/h2>\n<p>Nadomestni spro\u017eilec za pi\u0161tole KMR. Zasnovan za vse pi\u0161tole KMR z aluminijastim in jeklenim ogrodjem, izdelane od leta 2024 naprej. Ta jekleni spro\u017eilec SA\/DA ponuja izbolj\u0161ano delovanje in zanesljivost.<\/p>\n<ul>\n<li>Zdru\u017eljiv s 3 mm zati\u010dem spro\u017eilca<\/li>\n<li>Deluje z ro\u010dico spro\u017eilca L SA\/DA ali W SA\/DA<\/li>\n<li>Tovarni\u0161ka oblika spro\u017eilca z utori za bolj\u0161i oprijem<\/li>\n<li>Primeren za modele KMR L-02 SPECTRA in UMBRA (od 2024)<\/li>\n<li>Zdru\u017eljiv s KMR S-01 LANCE (OR) in S-02 (do 2023)<\/li>\n<li>Primeren za KMR W-02 UMBRA<\/li>\n<\/ul>\n<p>Ta kakovosten spro\u017eilec KMR bo izbolj\u0161al va\u0161o strelsko izku\u0161njo.<\/p>\n","protected":false},"excerpt":{"rendered":"<p>Nadomestno jekleno spro\u017eilo SA\/DA za pi\u0161tole KMR, z utorjenim dizajnom.<\/p>\n","protected":false},"featured_media":574906,"template":"","meta":{"_acf_changed":false},"product_brand":[],"product_cat":[13435],"product_tag":[],"class_list":{"0":"post-574877","1":"product","2":"type-product","3":"status-publish","4":"has-post-thumbnail","6":"product_cat-kmr-deli","8":"first","9":"instock","10":"taxable","11":"shipping-taxable","12":"purchasable","13":"product-type-simple"},"acf":[],"_links":{"self":[{"href":"https:\/\/staging.nbg.eu\/sl\/wp-json\/wp\/v2\/product\/574877","targetHints":{"allow":["GET"]}}],"collection":[{"href":"https:\/\/staging.nbg.eu\/sl\/wp-json\/wp\/v2\/product"}],"about":[{"href":"https:\/\/staging.nbg.eu\/sl\/wp-json\/wp\/v2\/types\/product"}],"wp:featuredmedia":[{"embeddable":true,"href":"https:\/\/staging.nbg.eu\/sl\/wp-json\/wp\/v2\/media\/574906"}],"wp:attachment":[{"href":"https:\/\/staging.nbg.eu\/sl\/wp-json\/wp\/v2\/media?parent=574877"}],"wp:term":[{"taxonomy":"product_brand","embeddable":true,"href":"https:\/\/staging.nbg.eu\/sl\/wp-json\/wp\/v2\/product_brand?post=574877"},{"taxonomy":"product_cat","embeddable":true,"href":"https:\/\/staging.nbg.eu\/sl\/wp-json\/wp\/v2\/product_cat?post=574877"},{"taxonomy":"product_tag","embeddable":true,"href":"https:\/\/staging.nbg.eu\/sl\/wp-json\/wp\/v2\/product_tag?post=574877"}],"curies":[{"name":"wp","href":"https:\/\/api.w.org\/{rel}","templated":true}]}}