{"id":574734,"date":"2025-10-10T12:34:45","date_gmt":"2025-10-10T09:34:45","guid":{"rendered":"https:\/\/staging.nbg.eu\/product\/trigger-kmr-sa-da-straight-from-2024\/"},"modified":"2025-10-15T11:10:41","modified_gmt":"2025-10-15T08:10:41","slug":"sprozilec-kmr-sada-raven-od-2024","status":"publish","type":"product","link":"https:\/\/staging.nbg.eu\/sl\/izdelek\/sprozilec-kmr-sada-raven-od-2024\/","title":{"rendered":"Spro\u017eilec KMR SA\/DA raven (od 2024)"},"content":{"rendered":"<h2>SPRO\u017dILEC KMR SA\/DA RAVEN (od 2024)<\/h2>\n<h2>Referenca: 0861-02301-0900<\/h2>\n<h3>Znamka: KMR Precision Arms<\/h3>\n<p>SPRO\u017dILEC KMR SA\/DA RAVEN je namenjen pi\u0161tolam KMR, izdelanim od leta 2024 naprej. Ta nadomestni spro\u017eilec je zdru\u017eljiv z modeli z aluminijastim in jeklenim okvirjem.<\/p>\n<ul>\n<li>Raven dizajn spro\u017eilca<\/li>\n<li>Zdru\u017eljiv s 3 mm zati\u010dem spro\u017eilca<\/li>\n<li>Deluje z L SA\/DA ali W SA\/DA spro\u017eilno ro\u010dico<\/li>\n<li>Jeklena konstrukcija<\/li>\n<li>Primeren za modele KMR: L-02 SPECTRA, L-02 UMBRA, S-01 LANCE (OR), S-02 in W-02 UMBRA<\/li>\n<\/ul>\n<p>Ta raven spro\u017eilec je zasnovan za delovanje v enojnem in dvojnem na\u010dinu. Primeren je za pi\u0161tole KMR.<\/p>\n","protected":false},"excerpt":{"rendered":"<p>Ravni SA\/DA jekleni spro\u017eilec za pi\u0161tole KMR od leta 2024. Zdru\u017eljiv s 3mm zati\u010dem.<\/p>\n","protected":false},"featured_media":574763,"template":"","meta":{"_acf_changed":false},"product_brand":[],"product_cat":[13435],"product_tag":[],"class_list":{"0":"post-574734","1":"product","2":"type-product","3":"status-publish","4":"has-post-thumbnail","6":"product_cat-kmr-deli","8":"first","9":"instock","10":"taxable","11":"shipping-taxable","12":"purchasable","13":"product-type-simple"},"acf":[],"_links":{"self":[{"href":"https:\/\/staging.nbg.eu\/sl\/wp-json\/wp\/v2\/product\/574734","targetHints":{"allow":["GET"]}}],"collection":[{"href":"https:\/\/staging.nbg.eu\/sl\/wp-json\/wp\/v2\/product"}],"about":[{"href":"https:\/\/staging.nbg.eu\/sl\/wp-json\/wp\/v2\/types\/product"}],"wp:featuredmedia":[{"embeddable":true,"href":"https:\/\/staging.nbg.eu\/sl\/wp-json\/wp\/v2\/media\/574763"}],"wp:attachment":[{"href":"https:\/\/staging.nbg.eu\/sl\/wp-json\/wp\/v2\/media?parent=574734"}],"wp:term":[{"taxonomy":"product_brand","embeddable":true,"href":"https:\/\/staging.nbg.eu\/sl\/wp-json\/wp\/v2\/product_brand?post=574734"},{"taxonomy":"product_cat","embeddable":true,"href":"https:\/\/staging.nbg.eu\/sl\/wp-json\/wp\/v2\/product_cat?post=574734"},{"taxonomy":"product_tag","embeddable":true,"href":"https:\/\/staging.nbg.eu\/sl\/wp-json\/wp\/v2\/product_tag?post=574734"}],"curies":[{"name":"wp","href":"https:\/\/api.w.org\/{rel}","templated":true}]}}