{"id":572768,"date":"2025-10-10T23:44:24","date_gmt":"2025-10-10T20:44:24","guid":{"rendered":"https:\/\/staging.nbg.eu\/product\/e-arthur-brown-company-inc-knob-s-lever-for-harris-type-bipods\/"},"modified":"2025-10-15T00:50:03","modified_gmt":"2025-10-14T21:50:03","slug":"e-arthur-brown-company-inc-gumb-s-rocica-za-dvonozke-tipa-harris","status":"publish","type":"product","link":"https:\/\/staging.nbg.eu\/sl\/izdelek\/e-arthur-brown-company-inc-gumb-s-rocica-za-dvonozke-tipa-harris\/","title":{"rendered":"E. ARTHUR BROWN COMPANY, INC. gumb S-ro\u010dica za dvono\u017eke tipa HARRIS"},"content":{"rendered":"<h2>E. Arthur Brown Company S-Lever\u00ae Napenjalec<\/h2>\n<p>Nadgradite svoj dvono\u017enik tipa Harris ali Caldwell XLA z originalnim S-Lever\u00ae napenjalnikom. Ta nadomestek za standardni gumb s trenjem ponuja:<\/p>\n<ul>\n<li>Bolj\u0161i nadzor in vzvod za enostavno prilagajanje nagiba<\/li>\n<li>Mo\u017enost finega nastavljanja za natan\u010dno pozicioniranje<\/li>\n<li>Trpe\u017ena konstrukcija iz najlona, oja\u010danega z vlakni<\/li>\n<li>Varnostno zasnovan dizajn, ki se upogne ali zlomi pod ekstremno obremenitvijo<\/li>\n<li>Enostaven postopek namestitve s prilo\u017eenimi navodili<\/li>\n<li>Izdelano v ZDA<\/li>\n<\/ul>\n<p>Zasnovan za dvono\u017enike S-tipa Harris in Caldwell XLA, ta \u010drni aluminijasti vzvod omogo\u010da hitre in enostavne prilagoditve dvono\u017enika na terenu. S-Lever\u00ae napenjalec podjetja E. Arthur Brown Company izbolj\u0161a va\u0161o izku\u0161njo streljanja.<\/p>\n","protected":false},"excerpt":{"rendered":"<p>Ergonomi\u010dna S-ro\u010dica za enostavno prilagajanje naklona dvono\u017enega stojala na bipodih tipa Harris.<\/p>\n","protected":false},"featured_media":572904,"template":"","meta":{"_acf_changed":false},"product_brand":[],"product_cat":[13476],"product_tag":[],"class_list":{"0":"post-572768","1":"product","2":"type-product","3":"status-publish","4":"has-post-thumbnail","6":"product_cat-dvonozniki","8":"first","9":"instock","10":"taxable","11":"shipping-taxable","12":"purchasable","13":"product-type-simple"},"acf":[],"_links":{"self":[{"href":"https:\/\/staging.nbg.eu\/sl\/wp-json\/wp\/v2\/product\/572768","targetHints":{"allow":["GET"]}}],"collection":[{"href":"https:\/\/staging.nbg.eu\/sl\/wp-json\/wp\/v2\/product"}],"about":[{"href":"https:\/\/staging.nbg.eu\/sl\/wp-json\/wp\/v2\/types\/product"}],"wp:featuredmedia":[{"embeddable":true,"href":"https:\/\/staging.nbg.eu\/sl\/wp-json\/wp\/v2\/media\/572904"}],"wp:attachment":[{"href":"https:\/\/staging.nbg.eu\/sl\/wp-json\/wp\/v2\/media?parent=572768"}],"wp:term":[{"taxonomy":"product_brand","embeddable":true,"href":"https:\/\/staging.nbg.eu\/sl\/wp-json\/wp\/v2\/product_brand?post=572768"},{"taxonomy":"product_cat","embeddable":true,"href":"https:\/\/staging.nbg.eu\/sl\/wp-json\/wp\/v2\/product_cat?post=572768"},{"taxonomy":"product_tag","embeddable":true,"href":"https:\/\/staging.nbg.eu\/sl\/wp-json\/wp\/v2\/product_tag?post=572768"}],"curies":[{"name":"wp","href":"https:\/\/api.w.org\/{rel}","templated":true}]}}