{"id":57251,"date":"2024-02-20T20:01:55","date_gmt":"2024-09-13T14:29:46","guid":{"rendered":"https:\/\/staging.nbg.eu\/product\/geissele-ar15-super-precision-34mm-extended\/"},"modified":"2024-09-13T14:31:07","modified_gmt":"2024-09-13T14:31:07","slug":"geissele-ar15-super-precision-34mm-podaljsan","status":"publish","type":"product","link":"https:\/\/staging.nbg.eu\/sl\/izdelek\/geissele-ar15-super-precision-34mm-podaljsan\/","title":{"rendered":"Geissele AR15 Super Precision\u00ae 34mm, Podalj\u0161an"},"content":{"rendered":"<div class=\"product-description\">\n<h2>Geissele AR15 Super Precision\u00ae 34mm, podalj\u0161an<\/h2>\n<p>Geissele Super Precision\u00ae 34mm podalj\u0161an nosilec za optiko za AR-15\/M4. Zna\u010dilnosti tega nosilca so:<\/p>\n<ul>\n<li>7 picatinny odsekov s 4 stri\u017enimi nastavki za stabilnost<\/li>\n<li>Sistem pritrditve z matico in vijakom, ki zagotavlja 1.400 funtov sile na par<\/li>\n<li>Izdelan iz enega kosa 7075-T6 aluminijevega surovca<\/li>\n<li>Pove\u010dana togost z uporabljenimi \u017eepi in rebri<\/li>\n<li>Kape z izvrtanimi luknjami za natan\u010dno prileganje optike<\/li>\n<li>O\u0161tevil\u010dene kape za zagotovljeno poravnavo<\/li>\n<li>Zasnova, primerna za razli\u010dne vrste optik<\/li>\n<\/ul>\n<p>Geissele nosilec zagotavlja natan\u010dnost vrnitve na ni\u010dlo in trpe\u017enost.<\/p>\n<\/div>\n","protected":false},"excerpt":{"rendered":"<p>Precizno izdelan 34-milimetrski nosilec za optiko AR-15 za neprimerljivo stabilnost.<\/p>\n","protected":false},"featured_media":57253,"template":"","meta":{"_acf_changed":false},"product_brand":[11389],"product_cat":[13483],"product_tag":[],"class_list":{"0":"post-57251","1":"product","2":"type-product","3":"status-publish","4":"has-post-thumbnail","6":"product_brand-geissele","7":"product_cat-puska","9":"first","10":"instock","11":"taxable","12":"shipping-taxable","13":"product-type-variable","14":"wvs-archive-product-wrapper"},"acf":[],"_links":{"self":[{"href":"https:\/\/staging.nbg.eu\/sl\/wp-json\/wp\/v2\/product\/57251","targetHints":{"allow":["GET"]}}],"collection":[{"href":"https:\/\/staging.nbg.eu\/sl\/wp-json\/wp\/v2\/product"}],"about":[{"href":"https:\/\/staging.nbg.eu\/sl\/wp-json\/wp\/v2\/types\/product"}],"wp:featuredmedia":[{"embeddable":true,"href":"https:\/\/staging.nbg.eu\/sl\/wp-json\/wp\/v2\/media\/57253"}],"wp:attachment":[{"href":"https:\/\/staging.nbg.eu\/sl\/wp-json\/wp\/v2\/media?parent=57251"}],"wp:term":[{"taxonomy":"product_brand","embeddable":true,"href":"https:\/\/staging.nbg.eu\/sl\/wp-json\/wp\/v2\/product_brand?post=57251"},{"taxonomy":"product_cat","embeddable":true,"href":"https:\/\/staging.nbg.eu\/sl\/wp-json\/wp\/v2\/product_cat?post=57251"},{"taxonomy":"product_tag","embeddable":true,"href":"https:\/\/staging.nbg.eu\/sl\/wp-json\/wp\/v2\/product_tag?post=57251"}],"curies":[{"name":"wp","href":"https:\/\/api.w.org\/{rel}","templated":true}]}}