{"id":56812,"date":"2024-02-20T20:12:58","date_gmt":"2024-09-13T13:32:34","guid":{"rendered":"https:\/\/staging.nbg.eu\/product\/geissele-super-precision-scope-mount-30mm-for-ar-15-vortex-1-6\/"},"modified":"2024-09-13T13:33:35","modified_gmt":"2024-09-13T13:33:35","slug":"geissele-super-precision-nosilec-za-strelni-daljnogled-30mm-za-ar-15-vortex-1-6","status":"publish","type":"product","link":"https:\/\/staging.nbg.eu\/sl\/izdelek\/geissele-super-precision-nosilec-za-strelni-daljnogled-30mm-za-ar-15-vortex-1-6\/","title":{"rendered":"Geissele Super Precision Nosilec za Strelni Daljnogled 30mm, za AR-15 (Vortex 1-6)"},"content":{"rendered":"<div class=\"description-text\">\n<div class=\"exerpt\">\n<p>Ta AR-15 nosilec za optiko je del Geissele SOPMOD certificirane serije, ki vklju\u010duje Geissele izdelke, ki jih trenutno uporabljajo vrhunske voja\u0161ke in protiteroristi\u010dne enote v okviru Poveljstva za specialne operacije ZDA (USSOCOM). SOPMOD je USSOCOM program, ki omogo\u010da osebju specialnih operacij konfiguriranje oro\u017eja glede na individualne preference in zahteve misije. Program je odobren sistem dodatkov za karabinko M4A1, FN SCAR Mk 16\/17 in drugo oro\u017eje, ki ga uporablja USSOCOM. Vsak Geissele izdelek, ki je ponujen v liniji Geissele SOPMOD serije, je prestal strogo testiranje in certificiranje s strani USSOCOM-a. Ti nosilci za optiko so strojno obdelani iz enega 4,5 funtnega bloka letalskega aluminija 7075-T6.<\/p>\n<p>Posamezno o\u0161tevil\u010deni pokrov\u010dki za optiko so izvrtani v liniji s telesom in ustvarjeni v eni operaciji, kar zagotavlja najbolj\u0161e mo\u017eno prileganje telesu optike. Geissele nosilci so pritrjeni z uporabo klasi\u010dnega, preizku\u0161enega sistema matice in objemke, ki zagotavlja 1.400 funtov pritrdilne sile na matico. Ta sistem zagotavlja do 3-krat ve\u010djo pritrdilno silo kot kateri koli sistem z ro\u010dico, medtem ko precizno obdelani stri\u017eni nastavki pomagajo zakleniti optiko na mesto na sprejemniku med povratnim sunkom. Povr\u0161ina za pritrditev obsega 8 picatinny sekcij.<\/p>\n<h2 style=\"text-align: center\"><strong>&#8212; SPECIFIKACIJE &#8212;<\/strong><\/h2>\n<table border=\"1\">\n<tbody>\n<tr>\n<td><strong>MATERIAL: <\/strong><\/td>\n<td> 7075-T6<\/td>\n<\/tr>\n<tr>\n<td><strong>BARVA: <\/strong><\/td>\n<td> \u010crna<\/td>\n<\/tr>\n<tr>\n<td><strong>ZAKLJU\u010cEK: <\/strong><\/td>\n<td> Tip-3 trdo anodiziran<\/td>\n<\/tr>\n<tr>\n<td><strong>TE\u017dA: <\/strong><\/td>\n<td> 7,1 oz<\/td>\n<\/tr>\n<tr>\n<td><strong>VELIKOST OBRO\u010cA: <\/strong><\/td>\n<td> 30mm<\/td>\n<\/tr>\n<\/tbody>\n<\/table>\n<\/div>\n<\/div>\n","protected":false},"excerpt":{"rendered":"<p><strong>Del serije Geissele SOPMOD Certified<\/strong><\/p>\n","protected":false},"featured_media":56813,"template":"","meta":{"_acf_changed":false},"product_brand":[11389],"product_cat":[13483],"product_tag":[],"class_list":{"0":"post-56812","1":"product","2":"type-product","3":"status-publish","4":"has-post-thumbnail","6":"product_brand-geissele","7":"product_cat-puska","9":"first","10":"instock","11":"taxable","12":"shipping-taxable","13":"product-type-variable","14":"wvs-archive-product-wrapper"},"acf":[],"_links":{"self":[{"href":"https:\/\/staging.nbg.eu\/sl\/wp-json\/wp\/v2\/product\/56812","targetHints":{"allow":["GET"]}}],"collection":[{"href":"https:\/\/staging.nbg.eu\/sl\/wp-json\/wp\/v2\/product"}],"about":[{"href":"https:\/\/staging.nbg.eu\/sl\/wp-json\/wp\/v2\/types\/product"}],"wp:featuredmedia":[{"embeddable":true,"href":"https:\/\/staging.nbg.eu\/sl\/wp-json\/wp\/v2\/media\/56813"}],"wp:attachment":[{"href":"https:\/\/staging.nbg.eu\/sl\/wp-json\/wp\/v2\/media?parent=56812"}],"wp:term":[{"taxonomy":"product_brand","embeddable":true,"href":"https:\/\/staging.nbg.eu\/sl\/wp-json\/wp\/v2\/product_brand?post=56812"},{"taxonomy":"product_cat","embeddable":true,"href":"https:\/\/staging.nbg.eu\/sl\/wp-json\/wp\/v2\/product_cat?post=56812"},{"taxonomy":"product_tag","embeddable":true,"href":"https:\/\/staging.nbg.eu\/sl\/wp-json\/wp\/v2\/product_tag?post=56812"}],"curies":[{"name":"wp","href":"https:\/\/api.w.org\/{rel}","templated":true}]}}