{"id":56113,"date":"2024-01-30T18:03:59","date_gmt":"2024-09-13T13:19:33","guid":{"rendered":"https:\/\/staging.nbg.eu\/product\/fox-classic-hunter-30-multiple-gr\/"},"modified":"2024-09-13T13:20:42","modified_gmt":"2024-09-13T13:20:42","slug":"fox-classic-hunter-30-razlicne-tezine","status":"publish","type":"product","link":"https:\/\/staging.nbg.eu\/sl\/izdelek\/fox-classic-hunter-30-razlicne-tezine\/","title":{"rendered":"Fox Classic Hunter .30 (Razli\u010dne te\u017eine)"},"content":{"rendered":"<div class=\"product-description\">\n<h2>Fox Classic Hunter<\/h2>\n<p>Fox Classic Hunter je krogla brez svinca, namenjena evropskim lovcem za razli\u010dne lovske scenarije. Primerna je za lov na divje pra\u0161i\u010de ali gamse v gorah. Ta krogla iz bakrove in cinkove zlitine zagotavlja u\u010dinkovito delovanje.<\/p>\n<ul>\n<li>Sestava brez svinca za okoljevarstveno zavest<\/li>\n<li>U\u010dinkovita deformacija pri ni\u017ejih udarnih hitrostih (500 m\/s)<\/li>\n<li>Zarezana zasnova za zmanj\u0161an tlak v cevi in pove\u010dano hitrost<\/li>\n<li>Termostabilna plasti\u010dna konica izbolj\u0161a balistiko in kon\u010dni u\u010dinek<\/li>\n<li>Nadzorovana ekspanzija za optimalen prenos energije<\/li>\n<li>Deformacija v obliki gobe do dvakratnika premera kalibra<\/li>\n<li>Visoka ustavitvena mo\u010d z minimalnimi po\u0161kodbami mesa<\/li>\n<\/ul>\n<p>Fox Classic Hunter je izbira za eti\u010den in u\u010dinkovit lov po Evropi.<\/p>\n<\/div>\n","protected":false},"excerpt":{"rendered":"<p>Brezsvni\u010dna krogla iz bakra in cinka za vsestranski lov. Hitro \u0161irjenje, visoka natan\u010dnost.<\/p>\n","protected":false},"featured_media":56114,"template":"","meta":{"_acf_changed":false},"product_brand":[11343],"product_cat":[13479],"product_tag":[],"class_list":{"0":"post-56113","1":"product","2":"type-product","3":"status-publish","4":"has-post-thumbnail","6":"product_brand-fox-bullets","7":"product_cat-ponovno-polnjenje","9":"first","10":"instock","11":"taxable","12":"shipping-taxable","13":"purchasable","14":"product-type-variable","15":"wvs-archive-product-wrapper"},"acf":[],"_links":{"self":[{"href":"https:\/\/staging.nbg.eu\/sl\/wp-json\/wp\/v2\/product\/56113","targetHints":{"allow":["GET"]}}],"collection":[{"href":"https:\/\/staging.nbg.eu\/sl\/wp-json\/wp\/v2\/product"}],"about":[{"href":"https:\/\/staging.nbg.eu\/sl\/wp-json\/wp\/v2\/types\/product"}],"wp:featuredmedia":[{"embeddable":true,"href":"https:\/\/staging.nbg.eu\/sl\/wp-json\/wp\/v2\/media\/56114"}],"wp:attachment":[{"href":"https:\/\/staging.nbg.eu\/sl\/wp-json\/wp\/v2\/media?parent=56113"}],"wp:term":[{"taxonomy":"product_brand","embeddable":true,"href":"https:\/\/staging.nbg.eu\/sl\/wp-json\/wp\/v2\/product_brand?post=56113"},{"taxonomy":"product_cat","embeddable":true,"href":"https:\/\/staging.nbg.eu\/sl\/wp-json\/wp\/v2\/product_cat?post=56113"},{"taxonomy":"product_tag","embeddable":true,"href":"https:\/\/staging.nbg.eu\/sl\/wp-json\/wp\/v2\/product_tag?post=56113"}],"curies":[{"name":"wp","href":"https:\/\/api.w.org\/{rel}","templated":true}]}}