{"id":55739,"date":"2024-02-28T06:22:19","date_gmt":"2024-09-13T13:13:54","guid":{"rendered":"https:\/\/staging.nbg.eu\/product\/fox-ammunition-243win-80-gr\/"},"modified":"2024-09-13T13:14:59","modified_gmt":"2024-09-13T13:14:59","slug":"fox-strelivo-243win-80-gr","status":"publish","type":"product","link":"https:\/\/staging.nbg.eu\/sl\/izdelek\/fox-strelivo-243win-80-gr\/","title":{"rendered":"Fox strelivo .243win (80 gr)"},"content":{"rendered":"<div class=\"product-description\">\n<h2>Strelivo Fox Classic Hunter<\/h2>\n<p>Naboji Fox Classic Hunter so brez svinca, namenjeni za vse evropske lovske scenarije. Narejeni so iz zlitine bakra in cinka ter ponujajo:<\/p>\n<ul>\n<li>U\u010dinkovitost od lova na divje pra\u0161i\u010de na kratke razdalje do gorskih strelov na dolge razdalje<\/li>\n<li>Zanesljivo deformacijo pri ni\u017ejih udarnih hitrostih (500 m\/s)<\/li>\n<li>\u017dlebljeno zasnovo za zmanj\u0161an tlak v cevi in pove\u010dano hitrost<\/li>\n<li>Termostabilno plasti\u010dno konico za izbolj\u0161ano balistiko in kon\u010dni u\u010dinek<\/li>\n<li>Nadzorovano \u0161irjenje za u\u010dinkovit prenos energije in ustavljalno mo\u010d<\/li>\n<li>Deformacijo v obliki gobe do dvojnega premera kalibra<\/li>\n<li>95%+ ohranitev mase v normalnih pogojih penetracije<\/li>\n<li>Dobro ohranitev mesa<\/li>\n<\/ul>\n<p>Strelivo Fox Classic Hunter omogo\u010da u\u010dinkovit in eti\u010den lov.<\/p>\n<\/div>\n","protected":false},"excerpt":{"rendered":"<p>Strelivo brez svinca za vsestransko evropsko lov. Natan\u010dno in u\u010dinkovito.<\/p>\n","protected":false},"featured_media":55740,"template":"","meta":{"_acf_changed":false},"product_brand":[11343],"product_cat":[13458,13495],"product_tag":[],"class_list":{"0":"post-55739","1":"product","2":"type-product","3":"status-publish","4":"has-post-thumbnail","6":"product_brand-fox-bullets","7":"product_cat-strelivo","8":"product_cat-strelivo-za-puske","10":"first","11":"instock","12":"taxable","13":"shipping-taxable","14":"purchasable","15":"product-type-simple"},"acf":[],"_links":{"self":[{"href":"https:\/\/staging.nbg.eu\/sl\/wp-json\/wp\/v2\/product\/55739","targetHints":{"allow":["GET"]}}],"collection":[{"href":"https:\/\/staging.nbg.eu\/sl\/wp-json\/wp\/v2\/product"}],"about":[{"href":"https:\/\/staging.nbg.eu\/sl\/wp-json\/wp\/v2\/types\/product"}],"wp:featuredmedia":[{"embeddable":true,"href":"https:\/\/staging.nbg.eu\/sl\/wp-json\/wp\/v2\/media\/55740"}],"wp:attachment":[{"href":"https:\/\/staging.nbg.eu\/sl\/wp-json\/wp\/v2\/media?parent=55739"}],"wp:term":[{"taxonomy":"product_brand","embeddable":true,"href":"https:\/\/staging.nbg.eu\/sl\/wp-json\/wp\/v2\/product_brand?post=55739"},{"taxonomy":"product_cat","embeddable":true,"href":"https:\/\/staging.nbg.eu\/sl\/wp-json\/wp\/v2\/product_cat?post=55739"},{"taxonomy":"product_tag","embeddable":true,"href":"https:\/\/staging.nbg.eu\/sl\/wp-json\/wp\/v2\/product_tag?post=55739"}],"curies":[{"name":"wp","href":"https:\/\/api.w.org\/{rel}","templated":true}]}}