{"id":554506,"date":"2025-09-05T18:19:19","date_gmt":"2025-09-05T15:19:19","guid":{"rendered":"https:\/\/staging.nbg.eu\/product\/magpul-enhanced-ejection-port-cover-for-ar-15\/"},"modified":"2025-10-01T16:38:19","modified_gmt":"2025-10-01T13:38:19","slug":"magpul-ojacan-pokrov-izmetnega-okna-za-ar-15","status":"publish","type":"product","link":"https:\/\/staging.nbg.eu\/sl\/izdelek\/magpul-ojacan-pokrov-izmetnega-okna-za-ar-15\/","title":{"rendered":"MAGPUL OJA\u010cAN POKROV IZMETNEGA OKNA ZA AR-15"},"content":{"rendered":"<div class=\"product-description\">\n<h2>Magpul Izbolj\u0161ani Pokrov Izmetnega Okna za AR-15<\/h2>\n<p>Nadgradite svoj AR-15 z <strong>Magpul Izbolj\u0161anim Pokrovom Izmetnega Okna<\/strong>, komponento, zasnovano za vzdr\u017eljivost in enostavno uporabo. Ta pokrov ima naslednje lastnosti:<\/p>\n<ul>\n<li>Odporen na korozijo in udarce, izdelan iz brizganega polimera<\/li>\n<li>Enostavna namestitev brez odstranjevanja ro\u010daja, matice cevi, c-sponk ali vzmeti<\/li>\n<li>Zdru\u017eljivost s platformami AR-15 kalibra .223 Remington\/5.56<\/li>\n<li>\u010crna barva<\/li>\n<\/ul>\n<p>Zamenjajte kovinske pokrove, ki so nagnjeni k rjavenju, in se izognite zahtevnim namestitvam. Magpul Izbolj\u0161ani Pokrov Izmetnega Okna ponuja enostavno vzdr\u017eevanje za va\u0161o naslednjo sestavo ali nadgradnjo. Ta dodatek za AR-15 zdru\u017euje funkcionalnost in preprostost.<\/p>\n<\/div>\n","protected":false},"excerpt":{"rendered":"<p>Snemljiv, korozijsko odporen pokrov za prah za AR-15. Enostavna namestitev.<\/p>\n","protected":false},"featured_media":499456,"template":"","meta":{"_acf_changed":false},"product_brand":[],"product_cat":[13444,13432,13483],"product_tag":[],"class_list":{"0":"post-554506","1":"product","2":"type-product","3":"status-publish","4":"has-post-thumbnail","6":"product_cat-ar-nastavitve","7":"product_cat-nastavitve-puske","8":"product_cat-puska","10":"first","11":"instock","12":"taxable","13":"shipping-taxable","14":"purchasable","15":"product-type-simple"},"acf":[],"_links":{"self":[{"href":"https:\/\/staging.nbg.eu\/sl\/wp-json\/wp\/v2\/product\/554506","targetHints":{"allow":["GET"]}}],"collection":[{"href":"https:\/\/staging.nbg.eu\/sl\/wp-json\/wp\/v2\/product"}],"about":[{"href":"https:\/\/staging.nbg.eu\/sl\/wp-json\/wp\/v2\/types\/product"}],"wp:featuredmedia":[{"embeddable":true,"href":"https:\/\/staging.nbg.eu\/sl\/wp-json\/wp\/v2\/media\/499456"}],"wp:attachment":[{"href":"https:\/\/staging.nbg.eu\/sl\/wp-json\/wp\/v2\/media?parent=554506"}],"wp:term":[{"taxonomy":"product_brand","embeddable":true,"href":"https:\/\/staging.nbg.eu\/sl\/wp-json\/wp\/v2\/product_brand?post=554506"},{"taxonomy":"product_cat","embeddable":true,"href":"https:\/\/staging.nbg.eu\/sl\/wp-json\/wp\/v2\/product_cat?post=554506"},{"taxonomy":"product_tag","embeddable":true,"href":"https:\/\/staging.nbg.eu\/sl\/wp-json\/wp\/v2\/product_tag?post=554506"}],"curies":[{"name":"wp","href":"https:\/\/api.w.org\/{rel}","templated":true}]}}