{"id":554297,"date":"2025-09-06T16:21:27","date_gmt":"2025-09-06T13:21:27","guid":{"rendered":"https:\/\/staging.nbg.eu\/product\/armazone-q-r-viper-30mm\/"},"modified":"2025-10-01T16:26:43","modified_gmt":"2025-10-01T13:26:43","slug":"okvir-q-r-viper-30mm","status":"publish","type":"product","link":"https:\/\/staging.nbg.eu\/sl\/izdelek\/okvir-q-r-viper-30mm\/","title":{"rendered":"Okvir Q-R Viper 30mm"},"content":{"rendered":"<h2>Armazone Q-R Viper 30mm<\/h2>\n<p>Armazone Q-R Viper 30mm je prilagodljiv QR adapter zasnovan za naprave z navojem M33.5\u00d70.75. Ta enodelni vpenjalni adapter omogo\u010da integracijo naprav za no\u010dno videnje ali termovizijskih dodatkov s \u0161irokim naborom dnevnih opti\u010dnih naprav.<\/p>\n<h2>Klju\u010dne lastnosti:<\/h2>\n<ul>\n<li>Hitro zaklepna ro\u010dica za enostavno namestitev in odstranitev<\/li>\n<li>Nastavitev in namestitev brez orodja<\/li>\n<li>Poseben ArmaZone trak za zmanj\u0161anje hrupa med namestitvijo in streljanjem<\/li>\n<li>Zdru\u017eljiv z Nitehog termovizijskimi pripomo\u010dki<\/li>\n<li>Kompenzira do 1mm navzdolnjega odklona<\/li>\n<\/ul>\n<p>Armazone Q-R Viper 30mm je re\u0161itev za profesionalne strelce in lovce, ki i\u0161\u010dejo izbolj\u0161ane no\u010dne zmogljivosti.<\/p>\n","protected":false},"excerpt":{"rendered":"<p>Hitri adapter za termalne naprave na daljnogledih Nitehog. Brez orodja.<\/p>\n","protected":false},"featured_media":499545,"template":"","meta":{"_acf_changed":false},"product_brand":[],"product_cat":[13459,13416,13414],"product_tag":[],"class_list":{"0":"post-554297","1":"product","2":"type-product","3":"status-publish","4":"has-post-thumbnail","6":"product_cat-meritev","7":"product_cat-pribor-za-meritev","8":"product_cat-termicni","10":"first","11":"instock","12":"taxable","13":"shipping-taxable","14":"purchasable","15":"product-type-simple"},"acf":[],"_links":{"self":[{"href":"https:\/\/staging.nbg.eu\/sl\/wp-json\/wp\/v2\/product\/554297","targetHints":{"allow":["GET"]}}],"collection":[{"href":"https:\/\/staging.nbg.eu\/sl\/wp-json\/wp\/v2\/product"}],"about":[{"href":"https:\/\/staging.nbg.eu\/sl\/wp-json\/wp\/v2\/types\/product"}],"wp:featuredmedia":[{"embeddable":true,"href":"https:\/\/staging.nbg.eu\/sl\/wp-json\/wp\/v2\/media\/499545"}],"wp:attachment":[{"href":"https:\/\/staging.nbg.eu\/sl\/wp-json\/wp\/v2\/media?parent=554297"}],"wp:term":[{"taxonomy":"product_brand","embeddable":true,"href":"https:\/\/staging.nbg.eu\/sl\/wp-json\/wp\/v2\/product_brand?post=554297"},{"taxonomy":"product_cat","embeddable":true,"href":"https:\/\/staging.nbg.eu\/sl\/wp-json\/wp\/v2\/product_cat?post=554297"},{"taxonomy":"product_tag","embeddable":true,"href":"https:\/\/staging.nbg.eu\/sl\/wp-json\/wp\/v2\/product_tag?post=554297"}],"curies":[{"name":"wp","href":"https:\/\/api.w.org\/{rel}","templated":true}]}}