{"id":55232,"date":"2024-01-30T18:04:43","date_gmt":"2024-09-13T13:11:24","guid":{"rendered":"https:\/\/staging.nbg.eu\/product\/fox-ammunition-308win\/"},"modified":"2024-09-13T13:12:33","modified_gmt":"2024-09-13T13:12:33","slug":"fox-strelivo-308win","status":"publish","type":"product","link":"https:\/\/staging.nbg.eu\/sl\/izdelek\/fox-strelivo-308win\/","title":{"rendered":"Fox strelivo 308win"},"content":{"rendered":"<div class=\"product-description\">\n<h2>Strelivo Fox Classic Hunter<\/h2>\n<p>Naboji Fox Classic Hunter so brez svinca, namenjeni vsem evropskim lovskim scenarijem. Narejeni so iz zlitine bakra in cinka ter ponujajo:<\/p>\n<ul>\n<li>U\u010dinkovitost od lova na divje pra\u0161i\u010de na kratke razdalje do gorskih strelov na dolge razdalje<\/li>\n<li>Zanesljivo deformacijo pri ni\u017ejih udarnih hitrostih (500 m\/s)<\/li>\n<li>\u017dlebasta zasnova za zmanj\u0161an pritisk v cevi in pove\u010dano hitrost<\/li>\n<li>Termostabilna plasti\u010dna konica za izbolj\u0161ano balistiko in kon\u010dni u\u010dinek<\/li>\n<li>Nadzorovana ekspanzija za u\u010dinkovit prenos energije in ustavitveno mo\u010d<\/li>\n<li>Gobasta deformacija do dvojnega premera kalibra<\/li>\n<li>95%+ ohranitev mase pri obi\u010dajnih pogojih penetracije<\/li>\n<li>Odli\u010dna ohranitev mesa<\/li>\n<\/ul>\n<p>Fox Classic Hunter strelivo zagotavlja u\u010dinkovitost in eti\u010dni lov.<\/p>\n<\/div>\n","protected":false},"excerpt":{"rendered":"<p>Strelivo brez svinca za vsestransko evropsko lovstvo. Natan\u010dno in u\u010dinkovito.<\/p>\n","protected":false},"featured_media":55233,"template":"","meta":{"_acf_changed":false},"product_brand":[11343],"product_cat":[13458,13495],"product_tag":[],"class_list":{"0":"post-55232","1":"product","2":"type-product","3":"status-publish","4":"has-post-thumbnail","6":"product_brand-fox-bullets","7":"product_cat-strelivo","8":"product_cat-strelivo-za-puske","10":"first","11":"instock","12":"taxable","13":"shipping-taxable","14":"purchasable","15":"product-type-variable","16":"wvs-archive-product-wrapper"},"acf":[],"_links":{"self":[{"href":"https:\/\/staging.nbg.eu\/sl\/wp-json\/wp\/v2\/product\/55232","targetHints":{"allow":["GET"]}}],"collection":[{"href":"https:\/\/staging.nbg.eu\/sl\/wp-json\/wp\/v2\/product"}],"about":[{"href":"https:\/\/staging.nbg.eu\/sl\/wp-json\/wp\/v2\/types\/product"}],"wp:featuredmedia":[{"embeddable":true,"href":"https:\/\/staging.nbg.eu\/sl\/wp-json\/wp\/v2\/media\/55233"}],"wp:attachment":[{"href":"https:\/\/staging.nbg.eu\/sl\/wp-json\/wp\/v2\/media?parent=55232"}],"wp:term":[{"taxonomy":"product_brand","embeddable":true,"href":"https:\/\/staging.nbg.eu\/sl\/wp-json\/wp\/v2\/product_brand?post=55232"},{"taxonomy":"product_cat","embeddable":true,"href":"https:\/\/staging.nbg.eu\/sl\/wp-json\/wp\/v2\/product_cat?post=55232"},{"taxonomy":"product_tag","embeddable":true,"href":"https:\/\/staging.nbg.eu\/sl\/wp-json\/wp\/v2\/product_tag?post=55232"}],"curies":[{"name":"wp","href":"https:\/\/api.w.org\/{rel}","templated":true}]}}