{"id":54894,"date":"2024-03-01T10:55:25","date_gmt":"2024-09-13T13:05:30","guid":{"rendered":"https:\/\/staging.nbg.eu\/product\/fox-ammunition-30-06-spring-165-180-gr\/"},"modified":"2024-09-13T13:06:34","modified_gmt":"2024-09-13T13:06:34","slug":"fox-strelivo-30-06-spring-165180-gr","status":"publish","type":"product","link":"https:\/\/staging.nbg.eu\/sl\/izdelek\/fox-strelivo-30-06-spring-165180-gr\/","title":{"rendered":"Fox strelivo 30-06 Spring. (165\/180 gr)"},"content":{"rendered":"<div class=\"product-description\">\n<h2>Strelivo Fox Classic Hunter<\/h2>\n<p>Naboji Fox Classic Hunter so brez svinca, namenjeni vsem evropskim lovskim scenarijem. Narejeni so iz zlitine bakra in cinka ter ponujajo:<\/p>\n<ul>\n<li>U\u010dinkovitost od lova na divje pra\u0161i\u010de na kratke razdalje do gorskih strelov na dolge razdalje<\/li>\n<li>Zanesljivo deformacijo pri ni\u017ejih udarnih hitrostih (500 m\/s)<\/li>\n<li>Utorjeno zasnovo za zmanj\u0161an pritisk v cevi in pove\u010dano hitrost<\/li>\n<li>Termostabilno plasti\u010dno konico za izbolj\u0161ano balistiko in kon\u010dni u\u010dinek<\/li>\n<li>Nadzorovano \u0161irjenje za u\u010dinkovit prenos energije in ustavljalno mo\u010d<\/li>\n<li>Gobasto deformacijo do dvakratnika premera kalibra<\/li>\n<li>95%+ ohranitev mase pri normalnih pogojih penetracije<\/li>\n<li>Dobro ohranjanje mesa<\/li>\n<\/ul>\n<p>Strelivo Fox Classic Hunter omogo\u010da u\u010dinkovito in eti\u010dno lovljenje.<\/p>\n<\/div>\n","protected":false},"excerpt":{"rendered":"<p>Strelivo brez svinca za vsestransko evropsko lov. Natan\u010dno in u\u010dinkovito.<\/p>\n","protected":false},"featured_media":54895,"template":"","meta":{"_acf_changed":false},"product_brand":[11343],"product_cat":[13468,13458,13495],"product_tag":[],"class_list":{"0":"post-54894","1":"product","2":"type-product","3":"status-publish","4":"has-post-thumbnail","6":"product_brand-fox-bullets","7":"product_cat-licencirano","8":"product_cat-strelivo","9":"product_cat-strelivo-za-puske","11":"first","12":"instock","13":"taxable","14":"shipping-taxable","15":"purchasable","16":"product-type-variable","17":"wvs-archive-product-wrapper"},"acf":[],"_links":{"self":[{"href":"https:\/\/staging.nbg.eu\/sl\/wp-json\/wp\/v2\/product\/54894","targetHints":{"allow":["GET"]}}],"collection":[{"href":"https:\/\/staging.nbg.eu\/sl\/wp-json\/wp\/v2\/product"}],"about":[{"href":"https:\/\/staging.nbg.eu\/sl\/wp-json\/wp\/v2\/types\/product"}],"wp:featuredmedia":[{"embeddable":true,"href":"https:\/\/staging.nbg.eu\/sl\/wp-json\/wp\/v2\/media\/54895"}],"wp:attachment":[{"href":"https:\/\/staging.nbg.eu\/sl\/wp-json\/wp\/v2\/media?parent=54894"}],"wp:term":[{"taxonomy":"product_brand","embeddable":true,"href":"https:\/\/staging.nbg.eu\/sl\/wp-json\/wp\/v2\/product_brand?post=54894"},{"taxonomy":"product_cat","embeddable":true,"href":"https:\/\/staging.nbg.eu\/sl\/wp-json\/wp\/v2\/product_cat?post=54894"},{"taxonomy":"product_tag","embeddable":true,"href":"https:\/\/staging.nbg.eu\/sl\/wp-json\/wp\/v2\/product_tag?post=54894"}],"curies":[{"name":"wp","href":"https:\/\/api.w.org\/{rel}","templated":true}]}}