{"id":547168,"date":"2025-09-05T18:15:58","date_gmt":"2025-09-05T15:15:58","guid":{"rendered":"https:\/\/staging.nbg.eu\/product\/mount-arta435-34-34mm\/"},"modified":"2025-10-01T11:13:11","modified_gmt":"2025-10-01T08:13:11","slug":"montaza-arta435-34-34mm","status":"publish","type":"product","link":"https:\/\/staging.nbg.eu\/sl\/izdelek\/montaza-arta435-34-34mm\/","title":{"rendered":"Monta\u017ea ARTA435-34, 34mm"},"content":{"rendered":"<div class=\"product-description\">\n<h2>XSKEL34TW Gen 2 Podalj\u0161ano skeletno 34mm MSR dr\u017ealo<\/h2>\n<p>XSKEL34TW Gen 2 je podalj\u0161ano skeletno 34mm MSR dr\u017ealo, zasnovano za pu\u0161ke AR15, AR10 in \u0161portne pu\u0161ke z 2,75&#8243; ali dalj\u0161o Picatinny tirnico.<\/p>\n<h2>Glavne lastnosti:<\/h2>\n<ul>\n<li>MSR idealna vi\u0161ina za poravnavo<\/li>\n<li>Ve\u010d kot 2 in\u010da naprej nagnjenega dela za izbolj\u0161ano ravnote\u017eje<\/li>\n<li>Jekleni navojni vstavki za vijake<\/li>\n<li>Lahka skeletna zasnova<\/li>\n<li>Izdelano iz aluminija 6061 s CNC obdelavo<\/li>\n<li>Enodelna stranska zaponka za dodatno trdnost<\/li>\n<\/ul>\n<p>XSKEL34TW je namenjen ve\u010djim in te\u017ejim 34mm daljnogledom, vklju\u010dno z optiko spremenljive mo\u010di in optiko za dolge razdalje z objektivi do 56mm. Zasnova postavlja optiko na idealno vi\u0161ino in polo\u017eaj na AR platformi.<\/p>\n<p>Zdru\u017eljiv z AR-15, M-4, SR-25, LR308, PTR-91 in drugimi MSR s Picatinny tirnico dol\u017eine vsaj 3 in\u010de. Priljubljen je tudi na takti\u010dnih repetirkah.<\/p>\n<p>XSKEL34TW MSR\/AR dr\u017ealo uporabljajo strelci v 3-gun tekmovanjih, tekmovalni strelci in takti\u010dni navdu\u0161enci za tekmovanja, takti\u010dne misije in lov z AR pu\u0161ko.<\/p>\n<p>XSKEL34TW Gen 2 podalj\u0161ano skeletno 34mm MSR dr\u017ealo zdru\u017euje lahko zasnovo in trpe\u017enost za monta\u017eo optike.<\/p>\n<\/div>\n","protected":false},"excerpt":{"rendered":"<p>Lahek, trpe\u017een 34mm AR nosilec za daljnogled. Idealna vi\u0161ina, 2&#8243; previs.<\/p>\n","protected":false},"featured_media":499261,"template":"","meta":{"_acf_changed":false},"product_brand":[],"product_cat":[13459,13416,13414],"product_tag":[],"class_list":{"0":"post-547168","1":"product","2":"type-product","3":"status-publish","4":"has-post-thumbnail","6":"product_cat-meritev","7":"product_cat-pribor-za-meritev","8":"product_cat-termicni","10":"first","11":"instock","12":"taxable","13":"shipping-taxable","14":"purchasable","15":"product-type-simple"},"acf":[],"_links":{"self":[{"href":"https:\/\/staging.nbg.eu\/sl\/wp-json\/wp\/v2\/product\/547168","targetHints":{"allow":["GET"]}}],"collection":[{"href":"https:\/\/staging.nbg.eu\/sl\/wp-json\/wp\/v2\/product"}],"about":[{"href":"https:\/\/staging.nbg.eu\/sl\/wp-json\/wp\/v2\/types\/product"}],"wp:featuredmedia":[{"embeddable":true,"href":"https:\/\/staging.nbg.eu\/sl\/wp-json\/wp\/v2\/media\/499261"}],"wp:attachment":[{"href":"https:\/\/staging.nbg.eu\/sl\/wp-json\/wp\/v2\/media?parent=547168"}],"wp:term":[{"taxonomy":"product_brand","embeddable":true,"href":"https:\/\/staging.nbg.eu\/sl\/wp-json\/wp\/v2\/product_brand?post=547168"},{"taxonomy":"product_cat","embeddable":true,"href":"https:\/\/staging.nbg.eu\/sl\/wp-json\/wp\/v2\/product_cat?post=547168"},{"taxonomy":"product_tag","embeddable":true,"href":"https:\/\/staging.nbg.eu\/sl\/wp-json\/wp\/v2\/product_tag?post=547168"}],"curies":[{"name":"wp","href":"https:\/\/api.w.org\/{rel}","templated":true}]}}