{"id":546130,"date":"2025-09-05T18:15:45","date_gmt":"2025-09-05T15:15:45","guid":{"rendered":"https:\/\/staging.nbg.eu\/product\/rrs-sc-arc-harris-bipod-adapter-black\/"},"modified":"2025-10-01T10:58:43","modified_gmt":"2025-10-01T07:58:43","slug":"rrs-sc-arc-harris-adapter-za-dvonoznik-crn","status":"publish","type":"product","link":"https:\/\/staging.nbg.eu\/sl\/izdelek\/rrs-sc-arc-harris-adapter-za-dvonoznik-crn\/","title":{"rendered":"RRS SC-ARC Harris Adapter za Dvono\u017enik \u010crn"},"content":{"rendered":"<div class=\"product-description\">\n<h2>RRS SC-ARC adapter za Harris bipod, \u010drn<\/h2>\n<h2>Adapter za Harris bipod<\/h2>\n<p>RRS SC-ARC adapter za Harris bipod. Ta nadgradnja se integrira s Harris &#8216;S&#8217; bipodi in ponuja dodatne funkcije ter prednosti.<\/p>\n<h3>Klju\u010dne prednosti:<\/h3>\n<ul>\n<li><strong>Hitro menjavanje opreme:<\/strong> Hiter prehod med nastavitvami.<\/li>\n<li><strong>Trdnej\u0161a podpora:<\/strong> Ve\u010dja stabilnost in zanesljivost.<\/li>\n<li><strong>\u0160iroka zdru\u017eljivost:<\/strong> Deluje z RRS sponkami, kot sta BTC-Pro in SC-ARC.<\/li>\n<\/ul>\n<p>Adapter za Harris bipod povezuje va\u0161o trenutno opremo z RRS opremo. Nadgradite svojo opremo in izbolj\u0161ajte zmogljivosti.<\/p>\n<h3>Specifikacije:<\/h3>\n<table>\n<tr>\n<td><strong>Dol\u017eina:<\/strong><\/td>\n<td>1,4 palca (35,6 mm)<\/td>\n<\/tr>\n<tr>\n<td><strong>\u0160irina:<\/strong><\/td>\n<td>1,3 palca (33,8 mm)<\/td>\n<\/tr>\n<tr>\n<td><strong>Vi\u0161ina:<\/strong><\/td>\n<td>1,35 palca (34,3 mm)<\/td>\n<\/tr>\n<tr>\n<td><strong>Te\u017ea:<\/strong><\/td>\n<td>1,2 un\u010de (34,7 g)<\/td>\n<\/tr>\n<\/table>\n<p>RRS SC-ARC adapter za Harris bipod. Ta dodatek je zasnovan za izbolj\u0161anje funkcionalnosti Harris &#8216;S&#8217; bipodov in omogo\u010da integracijo z RRS sponkami. Adapter ponuja prilagodljivost in stabilnost za natan\u010dne strele in hitre prilagoditve na terenu.<\/p>\n<\/div>\n","protected":false},"excerpt":{"rendered":"<p>Izbolj\u0161ajte stabilnost in vsestranskost s tem lahkim adapterjem za bipod Harris.<\/p>\n","protected":false},"featured_media":499238,"template":"","meta":{"_acf_changed":false},"product_brand":[],"product_cat":[13476,13483],"product_tag":[],"class_list":{"0":"post-546130","1":"product","2":"type-product","3":"status-publish","4":"has-post-thumbnail","6":"product_cat-dvonozniki","7":"product_cat-puska","9":"first","10":"instock","11":"taxable","12":"shipping-taxable","13":"purchasable","14":"product-type-simple"},"acf":[],"_links":{"self":[{"href":"https:\/\/staging.nbg.eu\/sl\/wp-json\/wp\/v2\/product\/546130","targetHints":{"allow":["GET"]}}],"collection":[{"href":"https:\/\/staging.nbg.eu\/sl\/wp-json\/wp\/v2\/product"}],"about":[{"href":"https:\/\/staging.nbg.eu\/sl\/wp-json\/wp\/v2\/types\/product"}],"wp:featuredmedia":[{"embeddable":true,"href":"https:\/\/staging.nbg.eu\/sl\/wp-json\/wp\/v2\/media\/499238"}],"wp:attachment":[{"href":"https:\/\/staging.nbg.eu\/sl\/wp-json\/wp\/v2\/media?parent=546130"}],"wp:term":[{"taxonomy":"product_brand","embeddable":true,"href":"https:\/\/staging.nbg.eu\/sl\/wp-json\/wp\/v2\/product_brand?post=546130"},{"taxonomy":"product_cat","embeddable":true,"href":"https:\/\/staging.nbg.eu\/sl\/wp-json\/wp\/v2\/product_cat?post=546130"},{"taxonomy":"product_tag","embeddable":true,"href":"https:\/\/staging.nbg.eu\/sl\/wp-json\/wp\/v2\/product_tag?post=546130"}],"curies":[{"name":"wp","href":"https:\/\/api.w.org\/{rel}","templated":true}]}}