{"id":546022,"date":"2025-09-05T18:15:44","date_gmt":"2025-09-05T15:15:44","guid":{"rendered":"https:\/\/staging.nbg.eu\/product\/area-419-diving-board-for-tactical-one-piece-scope-mount\/"},"modified":"2025-10-01T10:49:43","modified_gmt":"2025-10-01T07:49:43","slug":"area-419-potapljaska-deska-za-tactical-one-piece-montazo-strelnega-daljnogleda","status":"publish","type":"product","link":"https:\/\/staging.nbg.eu\/sl\/izdelek\/area-419-potapljaska-deska-za-tactical-one-piece-montazo-strelnega-daljnogleda\/","title":{"rendered":"AREA 419 POTAPLJA\u0160KA DESKA ZA TACTICAL ONE PIECE MONTA\u017dO STRELNEGA DALJNOGLEDA"},"content":{"rendered":"<div class=\"product-description\">\n<h2>AREA 419 DODATEK ZA TAKTI\u010cNO ENODELNO MONTA\u017dO DALJNOGLEDA<\/h2>\n<p>AREA 419 dodatek za takti\u010dno enodelno monta\u017eo daljnogleda. Ta dodatek prina\u0161a dodatno funkcionalnost va\u0161i takti\u010dni enodelni monta\u017ei daljnogleda.<\/p>\n<h2>Klju\u010dne lastnosti:<\/h2>\n<ul>\n<li>Patentirana dvojna koni\u010dna pritrdilna to\u010dka za varno pritrditev<\/li>\n<li>Prilagodljiva platforma za libele, kartice z balisti\u010dnimi podatki, rde\u010de pike in laserske merilnike razdalje<\/li>\n<li>Trpe\u017enost in togost za izbolj\u0161ano vrnitev na ni\u010dlo<\/li>\n<li>Na voljo v standardni in nizki vi\u0161ini<\/li>\n<li>MIL-STD-1913 specifikacija tirnice (10 re\u017e za standardno, 6 za nizko vi\u0161ino)<\/li>\n<li>Tip III trdo anodiziran \u010drn zaklju\u010dek<\/li>\n<li>CNC rezkano v Ameriki iz ameri\u0161kega 7075 aluminija<\/li>\n<li>Prilo\u017eeni pritrdilni vijaki za enostavno namestitev<\/li>\n<\/ul>\n<p>Izbirate lahko med standardno vi\u0161ino (2,82 cm visoko, 70,9 g) ali nizko vi\u0161ino (1,78 cm visoko, 42,5 g). Obe mo\u017enosti imata ve\u010d 1\/4 x 20 lukenj za prilagodljivo monta\u017eo dodatkov.<\/p>\n<p>AREA 419 dodatek &#8211; dodatek za va\u0161o monta\u017eo daljnogleda.<\/p>\n<\/div>\n","protected":false},"excerpt":{"rendered":"<p>Varna, vsestranska tirnica za takti\u010dno enodelno namestitev optike.<\/p>\n","protected":false},"featured_media":499169,"template":"","meta":{"_acf_changed":false},"product_brand":[11041,11052],"product_cat":[13459,13416],"product_tag":[],"class_list":{"0":"post-546022","1":"product","2":"type-product","3":"status-publish","4":"has-post-thumbnail","6":"product_brand-area-419","8":"product_cat-meritev","9":"product_cat-pribor-za-meritev","11":"first","12":"instock","13":"taxable","14":"shipping-taxable","15":"purchasable","16":"product-type-simple"},"acf":[],"_links":{"self":[{"href":"https:\/\/staging.nbg.eu\/sl\/wp-json\/wp\/v2\/product\/546022","targetHints":{"allow":["GET"]}}],"collection":[{"href":"https:\/\/staging.nbg.eu\/sl\/wp-json\/wp\/v2\/product"}],"about":[{"href":"https:\/\/staging.nbg.eu\/sl\/wp-json\/wp\/v2\/types\/product"}],"wp:featuredmedia":[{"embeddable":true,"href":"https:\/\/staging.nbg.eu\/sl\/wp-json\/wp\/v2\/media\/499169"}],"wp:attachment":[{"href":"https:\/\/staging.nbg.eu\/sl\/wp-json\/wp\/v2\/media?parent=546022"}],"wp:term":[{"taxonomy":"product_brand","embeddable":true,"href":"https:\/\/staging.nbg.eu\/sl\/wp-json\/wp\/v2\/product_brand?post=546022"},{"taxonomy":"product_cat","embeddable":true,"href":"https:\/\/staging.nbg.eu\/sl\/wp-json\/wp\/v2\/product_cat?post=546022"},{"taxonomy":"product_tag","embeddable":true,"href":"https:\/\/staging.nbg.eu\/sl\/wp-json\/wp\/v2\/product_tag?post=546022"}],"curies":[{"name":"wp","href":"https:\/\/api.w.org\/{rel}","templated":true}]}}