{"id":545575,"date":"2025-09-05T18:15:43","date_gmt":"2025-09-05T15:15:43","guid":{"rendered":"https:\/\/staging.nbg.eu\/product\/kmr-baseball-cap\/"},"modified":"2025-10-01T10:41:21","modified_gmt":"2025-10-01T07:41:21","slug":"kmr-bejzbolska-kapa","status":"publish","type":"product","link":"https:\/\/staging.nbg.eu\/sl\/izdelek\/kmr-bejzbolska-kapa\/","title":{"rendered":"KMR Bejzbolska Kapa"},"content":{"rendered":"<h2>KMR Bejzbolska Kapa<\/h2>\n<h2>Referenca: 0380-00501-0000<\/h2>\n<p>Bejzbolska kapa KMR Precision Arms. Ta kapa je namenjena za uporabo na streli\u0161\u010du ali na terenu. Ima logotip KMR in je primerna za tekmovalne strelce in ljubitelje strelnega oro\u017eja. Kapa ima nastavljiv trak za prilagajanje velikosti in je izdelana iz zra\u010dnega materiala. Je dodatek KMR.<\/p>\n","protected":false},"excerpt":{"rendered":"<p>KMR bejzbolska kapa: Elegantno tekmovalno pokrivalo za natan\u010dne strelce.<\/p>\n","protected":false},"featured_media":499077,"template":"","meta":{"_acf_changed":false},"product_brand":[],"product_cat":[13499],"product_tag":[],"class_list":{"0":"post-545575","1":"product","2":"type-product","3":"status-publish","4":"has-post-thumbnail","6":"product_cat-nekategorizirano","8":"first","9":"instock","10":"taxable","11":"shipping-taxable","12":"purchasable","13":"product-type-simple"},"acf":[],"_links":{"self":[{"href":"https:\/\/staging.nbg.eu\/sl\/wp-json\/wp\/v2\/product\/545575","targetHints":{"allow":["GET"]}}],"collection":[{"href":"https:\/\/staging.nbg.eu\/sl\/wp-json\/wp\/v2\/product"}],"about":[{"href":"https:\/\/staging.nbg.eu\/sl\/wp-json\/wp\/v2\/types\/product"}],"wp:featuredmedia":[{"embeddable":true,"href":"https:\/\/staging.nbg.eu\/sl\/wp-json\/wp\/v2\/media\/499077"}],"wp:attachment":[{"href":"https:\/\/staging.nbg.eu\/sl\/wp-json\/wp\/v2\/media?parent=545575"}],"wp:term":[{"taxonomy":"product_brand","embeddable":true,"href":"https:\/\/staging.nbg.eu\/sl\/wp-json\/wp\/v2\/product_brand?post=545575"},{"taxonomy":"product_cat","embeddable":true,"href":"https:\/\/staging.nbg.eu\/sl\/wp-json\/wp\/v2\/product_cat?post=545575"},{"taxonomy":"product_tag","embeddable":true,"href":"https:\/\/staging.nbg.eu\/sl\/wp-json\/wp\/v2\/product_tag?post=545575"}],"curies":[{"name":"wp","href":"https:\/\/api.w.org\/{rel}","templated":true}]}}