{"id":545391,"date":"2025-09-05T18:15:06","date_gmt":"2025-09-05T15:15:06","guid":{"rendered":"https:\/\/staging.nbg.eu\/product\/surefire-csp-09-weaponlight-switch\/"},"modified":"2025-10-01T10:33:27","modified_gmt":"2025-10-01T07:33:27","slug":"surefire-csp-09-stikalo-za-orozno-svetilko","status":"publish","type":"product","link":"https:\/\/staging.nbg.eu\/sl\/izdelek\/surefire-csp-09-stikalo-za-orozno-svetilko\/","title":{"rendered":"Surefire CSP-09 Stikalo za Oro\u017eno Svetilko"},"content":{"rendered":"<div class=\"product-description\">\n<h2>Surefire CSP-09 stikalo za oro\u017eno svetilko<\/h2>\n<h2>Daljinsko stikalo za oro\u017ene svetilke s Picatinny namestitvijo<\/h2>\n<p>Surefire CSP-09 stikalo za oro\u017eno svetilko je daljinsko stikalo, zasnovano za aktivacijo katere koli SureFire oro\u017ene svetilke, opremljene s priklju\u010dkom za stikalo.<\/p>\n<h3>Klju\u010dne lastnosti:<\/h3>\n<ul>\n<li>Dvofunkcijsko stikalo za trenutno in stalno delovanje<\/li>\n<li>Pritrditev na Picatinny tirnico s sponko<\/li>\n<li>Kompaktna zasnova<\/li>\n<li>Izdelano iz trpe\u017enega polimera<\/li>\n<li>9-pal\u010dni kabel primeren za ve\u010dino pu\u0161k in karabink<\/li>\n<\/ul>\n<p>CSP-09 omogo\u010da enostavno uporabo: rahel pritisk za trenutno aktivacijo ali klik za stalno delovanje. Namestitev brez orodja in pritrditev na Picatinny tirnico zagotavljata enostavno namestitev in zanesljivo delovanje.<\/p>\n<p>CSP-09 stikalo za oro\u017eno svetilko je zdru\u017eljivo z vsemi SureFire oro\u017enimi svetilkami, ki imajo priklju\u010dek za stikalo.<\/p>\n<\/div>\n","protected":false},"excerpt":{"rendered":"<p>Kompaktno daljinsko stikalo za SureFire WeaponLights. Enostavna namestitev na Picatinny vodilo.<\/p>\n","protected":false},"featured_media":499054,"template":"","meta":{"_acf_changed":false},"product_brand":[],"product_cat":[13498,13474,13434],"product_tag":[],"class_list":{"0":"post-545391","1":"product","2":"type-product","3":"status-publish","4":"has-post-thumbnail","6":"product_cat-dodatki-za-luci","7":"product_cat-luci","8":"product_cat-luci-za-puske","10":"first","11":"instock","12":"taxable","13":"shipping-taxable","14":"purchasable","15":"product-type-simple"},"acf":[],"_links":{"self":[{"href":"https:\/\/staging.nbg.eu\/sl\/wp-json\/wp\/v2\/product\/545391","targetHints":{"allow":["GET"]}}],"collection":[{"href":"https:\/\/staging.nbg.eu\/sl\/wp-json\/wp\/v2\/product"}],"about":[{"href":"https:\/\/staging.nbg.eu\/sl\/wp-json\/wp\/v2\/types\/product"}],"wp:featuredmedia":[{"embeddable":true,"href":"https:\/\/staging.nbg.eu\/sl\/wp-json\/wp\/v2\/media\/499054"}],"wp:attachment":[{"href":"https:\/\/staging.nbg.eu\/sl\/wp-json\/wp\/v2\/media?parent=545391"}],"wp:term":[{"taxonomy":"product_brand","embeddable":true,"href":"https:\/\/staging.nbg.eu\/sl\/wp-json\/wp\/v2\/product_brand?post=545391"},{"taxonomy":"product_cat","embeddable":true,"href":"https:\/\/staging.nbg.eu\/sl\/wp-json\/wp\/v2\/product_cat?post=545391"},{"taxonomy":"product_tag","embeddable":true,"href":"https:\/\/staging.nbg.eu\/sl\/wp-json\/wp\/v2\/product_tag?post=545391"}],"curies":[{"name":"wp","href":"https:\/\/api.w.org\/{rel}","templated":true}]}}