{"id":54524,"date":"2024-03-02T07:29:43","date_gmt":"2024-09-13T13:02:32","guid":{"rendered":"https:\/\/staging.nbg.eu\/product\/bore-tech-proof-positive-rifle-jag-multiple-calibers\/"},"modified":"2024-09-13T13:03:38","modified_gmt":"2024-09-13T13:03:38","slug":"bore-tech-proof-positive-puscni-jag-razlicni-kalibri","status":"publish","type":"product","link":"https:\/\/staging.nbg.eu\/sl\/izdelek\/bore-tech-proof-positive-puscni-jag-razlicni-kalibri\/","title":{"rendered":"Bore Tech Proof-Positive pu\u0161\u010dni jag (razli\u010dni kalibri)"},"content":{"rendered":"<div class=\"product-description\">\n<h2>Bore Tech Proof-Positive nastavek za \u010di\u0161\u010denje pu\u0161ke (ve\u010d kalibrov)<\/h2>\n<p>Odpravite la\u017ene indikacije bakrove onesna\u017eenosti z Bore Tech Proof-Positive nastavki za \u010di\u0161\u010denje pu\u0161ke. Izdelani so iz zlitine brez medenine, varni za cev in imajo visoko natezno trdnost. Zna\u010dilnosti vklju\u010dujejo:<\/p>\n<ul>\n<li>Dvojni set 4 kontaktnih obro\u010dev za izbolj\u0161ano \u010di\u0161\u010denje<\/li>\n<li>Natan\u010dno strojno obdelani za enakomeren pritisk<\/li>\n<li>Obratno zo\u017eeni dizajn za za\u0161\u010dito ustja cevi<\/li>\n<\/ul>\n<p>Dose\u017eite \u010diste cevi z manj odpadka.<\/p>\n<\/div>\n","protected":false},"excerpt":{"rendered":"<p>Inovativni \u010distilni nastavek za pu\u0161ko odpravlja la\u017ene indikacije oblog bakra.<\/p>\n","protected":false},"featured_media":54525,"template":"","meta":{"_acf_changed":false},"product_brand":[11159],"product_cat":[13464,13491],"product_tag":[],"class_list":{"0":"post-54524","1":"product","2":"type-product","3":"status-publish","4":"has-post-thumbnail","6":"product_brand-boretech","7":"product_cat-ciscenje-orozja","8":"product_cat-krtace","10":"first","11":"instock","12":"taxable","13":"shipping-taxable","14":"purchasable","15":"product-type-variable","16":"wvs-archive-product-wrapper"},"acf":[],"_links":{"self":[{"href":"https:\/\/staging.nbg.eu\/sl\/wp-json\/wp\/v2\/product\/54524","targetHints":{"allow":["GET"]}}],"collection":[{"href":"https:\/\/staging.nbg.eu\/sl\/wp-json\/wp\/v2\/product"}],"about":[{"href":"https:\/\/staging.nbg.eu\/sl\/wp-json\/wp\/v2\/types\/product"}],"wp:featuredmedia":[{"embeddable":true,"href":"https:\/\/staging.nbg.eu\/sl\/wp-json\/wp\/v2\/media\/54525"}],"wp:attachment":[{"href":"https:\/\/staging.nbg.eu\/sl\/wp-json\/wp\/v2\/media?parent=54524"}],"wp:term":[{"taxonomy":"product_brand","embeddable":true,"href":"https:\/\/staging.nbg.eu\/sl\/wp-json\/wp\/v2\/product_brand?post=54524"},{"taxonomy":"product_cat","embeddable":true,"href":"https:\/\/staging.nbg.eu\/sl\/wp-json\/wp\/v2\/product_cat?post=54524"},{"taxonomy":"product_tag","embeddable":true,"href":"https:\/\/staging.nbg.eu\/sl\/wp-json\/wp\/v2\/product_tag?post=54524"}],"curies":[{"name":"wp","href":"https:\/\/api.w.org\/{rel}","templated":true}]}}