{"id":545123,"date":"2025-09-05T18:09:58","date_gmt":"2025-09-05T15:09:58","guid":{"rendered":"https:\/\/staging.nbg.eu\/product\/muzzle-break-vanward-pro-break-for-qd55\/"},"modified":"2025-10-01T10:24:20","modified_gmt":"2025-10-01T07:24:20","slug":"ustna-zavora-vanward-pro-break-za-qd55","status":"publish","type":"product","link":"https:\/\/staging.nbg.eu\/sl\/izdelek\/ustna-zavora-vanward-pro-break-za-qd55\/","title":{"rendered":"Ustna Zavora Vanward Pro-Break za QD55"},"content":{"rendered":"<div class=\"product-description\">\n<h2>Ustna zavora Vanward Pro-Break za QD55<\/h2>\n<p>Vanward Pro-Brake je napredna razli\u010dica Salamander Tactical-ovega Fafnirja. Ta ustna zavora ponuja:<\/p>\n<ul>\n<li>78% zmanj\u0161anje povratnega sunka (testirano s strani Vaapentidingen)<\/li>\n<li>Zdru\u017eljivost z du\u0161ilcem zvoka Vanward QD55<\/li>\n<li>Enostavno name\u0161\u010danje in indeksiranje s prilo\u017eeno zaklepno matico<\/li>\n<li>Te\u017ea 174 gramov<\/li>\n<\/ul>\n<p>Lahko uravnote\u017ei tulec med strelom kalibra 6.5&#215;47. Namenjeno strelcem, ki i\u0161\u010dejo visoko zmogljivost in zdru\u017eljivost z du\u0161ilcem zvoka.<\/p>\n<\/div>\n","protected":false},"excerpt":{"rendered":"<p>Napredna bla\u017eilna zavora za QD55, 78% zmanj\u0161anje odsuna. Zdru\u017eljiva z du\u0161ilcem zvoka.<\/p>\n","protected":false},"featured_media":498985,"template":"","meta":{"_acf_changed":false},"product_brand":[],"product_cat":[13436,13432,13455,13483],"product_tag":[],"class_list":{"0":"post-545123","1":"product","2":"type-product","3":"status-publish","4":"has-post-thumbnail","6":"product_cat-dusilci-za-puske","7":"product_cat-nastavitve-puske","8":"product_cat-pribor-za-dusilce","9":"product_cat-puska","11":"first","12":"outofstock","13":"taxable","14":"shipping-taxable","15":"product-type-simple"},"acf":[],"_links":{"self":[{"href":"https:\/\/staging.nbg.eu\/sl\/wp-json\/wp\/v2\/product\/545123","targetHints":{"allow":["GET"]}}],"collection":[{"href":"https:\/\/staging.nbg.eu\/sl\/wp-json\/wp\/v2\/product"}],"about":[{"href":"https:\/\/staging.nbg.eu\/sl\/wp-json\/wp\/v2\/types\/product"}],"wp:featuredmedia":[{"embeddable":true,"href":"https:\/\/staging.nbg.eu\/sl\/wp-json\/wp\/v2\/media\/498985"}],"wp:attachment":[{"href":"https:\/\/staging.nbg.eu\/sl\/wp-json\/wp\/v2\/media?parent=545123"}],"wp:term":[{"taxonomy":"product_brand","embeddable":true,"href":"https:\/\/staging.nbg.eu\/sl\/wp-json\/wp\/v2\/product_brand?post=545123"},{"taxonomy":"product_cat","embeddable":true,"href":"https:\/\/staging.nbg.eu\/sl\/wp-json\/wp\/v2\/product_cat?post=545123"},{"taxonomy":"product_tag","embeddable":true,"href":"https:\/\/staging.nbg.eu\/sl\/wp-json\/wp\/v2\/product_tag?post=545123"}],"curies":[{"name":"wp","href":"https:\/\/api.w.org\/{rel}","templated":true}]}}