{"id":544918,"date":"2025-09-05T18:09:58","date_gmt":"2025-09-05T15:09:58","guid":{"rendered":"https:\/\/staging.nbg.eu\/product\/magpul-rubber-butt-pad-0-70\/"},"modified":"2025-10-01T10:16:19","modified_gmt":"2025-10-01T07:16:19","slug":"magpul-gumijasta-ploscica-za-kopito-070","status":"publish","type":"product","link":"https:\/\/staging.nbg.eu\/sl\/izdelek\/magpul-gumijasta-ploscica-za-kopito-070\/","title":{"rendered":"Magpul &#8211; Gumijasta Plo\u0161\u010dica za Kopito &#8211; 0.70&#8243;"},"content":{"rendered":"<div class=\"product-description\">\n<h2>Magpul gumijasta plo\u0161\u010dica za kopito &#8211; 0,70&#8243;<\/h2>\n<p>Gumijasta plo\u0161\u010dica za kopito Magpul debeline 0,70&#8243; je zdru\u017eljiva z razli\u010dnimi Magpul kopiti, vklju\u010dno s CTR\u00ae, MOE\u00ae Carbine Mil-Spec, UBR\u00ae, STR\u00ae, ACS-L\u2122 in ACS modeli.<\/p>\n<ul>\n<li>Izbolj\u0161ana podpora ramenu in zmanj\u0161anje odsuna<\/li>\n<li>Debelej\u0161a, prezra\u010devana konstrukcija<\/li>\n<li>Vklju\u010duje vse potrebno za monta\u017eo<\/li>\n<li>Dimenzije: 13 x 4 x 1,6 cm (pribli\u017eno)<\/li>\n<li>Te\u017ea: 62 g (pribli\u017eno)<\/li>\n<li>Izdelano v ZDA<\/li>\n<\/ul>\n<p><strong>Opomba:<\/strong> Ni zdru\u017eljivo z MOE\u00ae Fixed Carbine Stock. Lahko omeji popolno zlaganje na Commercial MOE\u00ae\/CTR\u00ae kopitiih zaradi podalj\u0161anega, po\u0161evnega hrbta.<\/p>\n<\/div>\n","protected":false},"excerpt":{"rendered":"<p>Izbolj\u0161ana 0,70-pal\u010dna gumijasta plo\u0161\u010dica za kopito za pu\u0161kinih kopita Magpul. Izbolj\u0161ana podpora.<\/p>\n","protected":false},"featured_media":498960,"template":"","meta":{"_acf_changed":false},"product_brand":[11542,11543],"product_cat":[13450],"product_tag":[],"class_list":{"0":"post-544918","1":"product","2":"type-product","3":"status-publish","4":"has-post-thumbnail","6":"product_brand-magpul","8":"product_cat-oprema","10":"first","11":"instock","12":"taxable","13":"shipping-taxable","14":"purchasable","15":"product-type-simple"},"acf":[],"_links":{"self":[{"href":"https:\/\/staging.nbg.eu\/sl\/wp-json\/wp\/v2\/product\/544918","targetHints":{"allow":["GET"]}}],"collection":[{"href":"https:\/\/staging.nbg.eu\/sl\/wp-json\/wp\/v2\/product"}],"about":[{"href":"https:\/\/staging.nbg.eu\/sl\/wp-json\/wp\/v2\/types\/product"}],"wp:featuredmedia":[{"embeddable":true,"href":"https:\/\/staging.nbg.eu\/sl\/wp-json\/wp\/v2\/media\/498960"}],"wp:attachment":[{"href":"https:\/\/staging.nbg.eu\/sl\/wp-json\/wp\/v2\/media?parent=544918"}],"wp:term":[{"taxonomy":"product_brand","embeddable":true,"href":"https:\/\/staging.nbg.eu\/sl\/wp-json\/wp\/v2\/product_brand?post=544918"},{"taxonomy":"product_cat","embeddable":true,"href":"https:\/\/staging.nbg.eu\/sl\/wp-json\/wp\/v2\/product_cat?post=544918"},{"taxonomy":"product_tag","embeddable":true,"href":"https:\/\/staging.nbg.eu\/sl\/wp-json\/wp\/v2\/product_tag?post=544918"}],"curies":[{"name":"wp","href":"https:\/\/api.w.org\/{rel}","templated":true}]}}