{"id":54108,"date":"2024-03-02T10:05:47","date_gmt":"2024-09-13T12:58:23","guid":{"rendered":"https:\/\/staging.nbg.eu\/product\/bore-tech-proof-positive-shotgun-jag-12-16-20-ga\/"},"modified":"2024-09-13T12:59:24","modified_gmt":"2024-09-13T12:59:24","slug":"bore-tech-proof-positive-lovska-puska-jag-121620-ga","status":"publish","type":"product","link":"https:\/\/staging.nbg.eu\/sl\/izdelek\/bore-tech-proof-positive-lovska-puska-jag-121620-ga\/","title":{"rendered":"Bore Tech Proof-Positive lovska pu\u0161ka jag (12\/16\/20 GA)"},"content":{"rendered":"<div class=\"product-description\">\n<h2>Bore Tech \u010distilni nastavek za \u0161ibrenico (12\/16\/20 GA)<\/h2>\n<p>Bore Tech patentiran \u010distilni nastavek. Zna\u010dilnosti:<\/p>\n<ul>\n<li>4 prilagodljivi listki za prileganje cevi<\/li>\n<li>Izdelan iz trpe\u017enega najlona<\/li>\n<li>Se stisne za prehod skozi \u010doke<\/li>\n<li>Ustreza standardnim palicam z navojem 5\/16-27<\/li>\n<\/ul>\n<p>Za hitro in u\u010dinkovito vzdr\u017eevanje \u0161ibrenic. Pomembno za lastnike \u0161ibrenic.<\/p>\n<p><strong>Cena: 14,99 $<\/strong><\/p>\n<\/div>\n","protected":false},"excerpt":{"rendered":"<p>Prilagodljiv \u010distilec s 4 kraki za u\u010dinkovito \u010di\u0161\u010denje \u0161ibrenice. Primeren za uporabo s \u010doki.<\/p>\n","protected":false},"featured_media":54109,"template":"","meta":{"_acf_changed":false},"product_brand":[11159],"product_cat":[13464,13491],"product_tag":[],"class_list":{"0":"post-54108","1":"product","2":"type-product","3":"status-publish","4":"has-post-thumbnail","6":"product_brand-boretech","7":"product_cat-ciscenje-orozja","8":"product_cat-krtace","10":"first","11":"instock","12":"taxable","13":"shipping-taxable","14":"purchasable","15":"product-type-variable","16":"wvs-archive-product-wrapper"},"acf":[],"_links":{"self":[{"href":"https:\/\/staging.nbg.eu\/sl\/wp-json\/wp\/v2\/product\/54108","targetHints":{"allow":["GET"]}}],"collection":[{"href":"https:\/\/staging.nbg.eu\/sl\/wp-json\/wp\/v2\/product"}],"about":[{"href":"https:\/\/staging.nbg.eu\/sl\/wp-json\/wp\/v2\/types\/product"}],"wp:featuredmedia":[{"embeddable":true,"href":"https:\/\/staging.nbg.eu\/sl\/wp-json\/wp\/v2\/media\/54109"}],"wp:attachment":[{"href":"https:\/\/staging.nbg.eu\/sl\/wp-json\/wp\/v2\/media?parent=54108"}],"wp:term":[{"taxonomy":"product_brand","embeddable":true,"href":"https:\/\/staging.nbg.eu\/sl\/wp-json\/wp\/v2\/product_brand?post=54108"},{"taxonomy":"product_cat","embeddable":true,"href":"https:\/\/staging.nbg.eu\/sl\/wp-json\/wp\/v2\/product_cat?post=54108"},{"taxonomy":"product_tag","embeddable":true,"href":"https:\/\/staging.nbg.eu\/sl\/wp-json\/wp\/v2\/product_tag?post=54108"}],"curies":[{"name":"wp","href":"https:\/\/api.w.org\/{rel}","templated":true}]}}