{"id":540852,"date":"2025-09-05T18:09:45","date_gmt":"2025-09-05T15:09:45","guid":{"rendered":"https:\/\/staging.nbg.eu\/product\/bullet-berger-cal-6-5-creedmoor-elite-hunter-140gr-100pcs\/"},"modified":"2025-09-30T17:22:53","modified_gmt":"2025-09-30T14:22:53","slug":"krogla-berger-kal-65-creedmoor-elite-hunter-140gr100kos","status":"publish","type":"product","link":"https:\/\/staging.nbg.eu\/sl\/izdelek\/krogla-berger-kal-65-creedmoor-elite-hunter-140gr100kos\/","title":{"rendered":"Krogla Berger kal. 6.5 Creedmoor Elite Hunter 140gr.\/100kos."},"content":{"rendered":"<h2>Krogla Berger kal. 6.5 Creedmoor Elite Hunter 140gr.\/100 kosov<\/h2>\n<p>Berger 6.5 Creedmoor 140 Grain Elite Hunter strelivo za pu\u0161ke. Namenjeno za lov srednje velikih \u017eivali, ta krogla ponuja:<\/p>\n<ul>\n<li><strong>Doslednost:<\/strong> Uporablja J4 natan\u010dne ovojnice krogel s +\/-.0003&#8243; skupnim indiciranim odstopanjem (TIR)<\/li>\n<li><strong>Hibridni ogive:<\/strong> Zdru\u017euje tangentne in sekantne oblike nosu za la\u017eje nastavljanje in bolj ravno trajektorijo<\/li>\n<li><strong>Dosleden jedro:<\/strong> Odpravlja potrebo po sortiranju te\u017ee, zagotavlja zanesljiv padec in dosleden BC<\/li>\n<li><strong>Zasnova \u010dolnastega repa:<\/strong> Zagotavlja aerodinami\u010dno prednost na dalj\u0161ih razdaljah<\/li>\n<li><strong>J4 lovska ovojnica:<\/strong> Omogo\u010da 2-3&#8243; penetracijo pred hitro ekspanzijo, ustvarja hidrostati\u010dni \u0161ok<\/li>\n<\/ul>\n<p>Primerno za tekmovalno streljanje in lov, 6.5 Creedmoor Elite Hunter ponuja zunanje balisti\u010dne lastnosti, terminalno u\u010dinkovitost in optimalen odsun. Z G1 BC 0.606 in hitrostjo izstrelka 2750 fps to strelivo zagotavlja natan\u010dnost in zanesljivost na dolgih razdaljah.<\/p>\n<p>Specifikacije:<\/p>\n<ul>\n<li>Te\u017ea: 140 Grain<\/li>\n<li>G7 BC: 0.31<\/li>\n<li>Minimalni zasuk: 1:8&#8243; ali hitrej\u0161i<\/li>\n<li>Maksimalna COAL: 2.825&#8243;<\/li>\n<li>Energija izstrelka: 2351 ft-lb<\/li>\n<\/ul>\n<p>Izberite Berger Elite Hunter za va\u0161 naslednji lov ali tekmovalno streljanje.<\/p>\n","protected":false},"excerpt":{"rendered":"<p>Elite Hunter 6.5 Creedmoor: Natan\u010den, zanesljiv 140gr izstrelek za srednje veliko divjad.<\/p>\n","protected":false},"featured_media":498860,"template":"","meta":{"_acf_changed":false},"product_brand":[],"product_cat":[13479,13458],"product_tag":[],"class_list":{"0":"post-540852","1":"product","2":"type-product","3":"status-publish","4":"has-post-thumbnail","6":"product_cat-ponovno-polnjenje","7":"product_cat-strelivo","9":"first","10":"instock","11":"taxable","12":"shipping-taxable","13":"product-type-simple"},"acf":[],"_links":{"self":[{"href":"https:\/\/staging.nbg.eu\/sl\/wp-json\/wp\/v2\/product\/540852","targetHints":{"allow":["GET"]}}],"collection":[{"href":"https:\/\/staging.nbg.eu\/sl\/wp-json\/wp\/v2\/product"}],"about":[{"href":"https:\/\/staging.nbg.eu\/sl\/wp-json\/wp\/v2\/types\/product"}],"wp:featuredmedia":[{"embeddable":true,"href":"https:\/\/staging.nbg.eu\/sl\/wp-json\/wp\/v2\/media\/498860"}],"wp:attachment":[{"href":"https:\/\/staging.nbg.eu\/sl\/wp-json\/wp\/v2\/media?parent=540852"}],"wp:term":[{"taxonomy":"product_brand","embeddable":true,"href":"https:\/\/staging.nbg.eu\/sl\/wp-json\/wp\/v2\/product_brand?post=540852"},{"taxonomy":"product_cat","embeddable":true,"href":"https:\/\/staging.nbg.eu\/sl\/wp-json\/wp\/v2\/product_cat?post=540852"},{"taxonomy":"product_tag","embeddable":true,"href":"https:\/\/staging.nbg.eu\/sl\/wp-json\/wp\/v2\/product_tag?post=540852"}],"curies":[{"name":"wp","href":"https:\/\/api.w.org\/{rel}","templated":true}]}}