{"id":540164,"date":"2025-09-05T17:41:44","date_gmt":"2025-09-05T14:41:44","guid":{"rendered":"https:\/\/staging.nbg.eu\/product\/two-4-waist-pack-for-plate-carriers-2\/"},"modified":"2025-09-30T16:13:28","modified_gmt":"2025-09-30T13:13:28","slug":"pasna-torbica-two-4-za-ploscate-nosilce","status":"publish","type":"product","link":"https:\/\/staging.nbg.eu\/sl\/izdelek\/pasna-torbica-two-4-za-ploscate-nosilce\/","title":{"rendered":"Pasna Torbica Two-4 za Plo\u0161\u010date Nosilce"},"content":{"rendered":"<div class=\"product-description\">\n<h2>Pas za opremo Two-4 za balisti\u010dne jopi\u010de<\/h2>\n<p>Two-4 pas za opremo se pritrdi na pas ali balisti\u010dni jopi\u010d in omogo\u010da hiter dostop do opreme.<\/p>\n<h3>Klju\u010dne lastnosti:<\/h3>\n<ul>\n<li>Izdelan iz 500D Cordura materiala<\/li>\n<li>MOLLE sistem za pritrditev<\/li>\n<li>Glavni predal z notranjo organizacijo<\/li>\n<li>Sprednji \u017eep za manj\u0161e predmete<\/li>\n<li>Zasnova za uporabo z levo ali desno roko<\/li>\n<li>Na voljo v ve\u010d barvah<\/li>\n<\/ul>\n<p>Two-4 pas za opremo je namenjen za voja\u0161ko in policijsko uporabo ter za takti\u010dne navdu\u0161ence. Omogo\u010da shranjevanje medicinske opreme, streliva ali osebnih predmetov. Zasnovan je za uporabo v zahtevnih situacijah.<\/p>\n<\/div>\n","protected":false},"excerpt":{"rendered":"<p>Two-4 pas za okoli pasu: Vsestranska oprema za shranjevanje, zdru\u017eljiva z MOLLE sistemom, za nosilce plo\u0161\u010d.<\/p>\n","protected":false},"featured_media":497744,"template":"","meta":{"_acf_changed":false},"product_brand":[11138,11139],"product_cat":[574,13450,575,13441],"product_tag":[],"class_list":{"0":"post-540164","1":"product","2":"type-product","3":"status-publish","4":"has-post-thumbnail","6":"product_brand-blue-force-gear","8":"product_cat-gear-pt-pt","9":"product_cat-oprema","10":"product_cat-pouches-pt-pt","11":"product_cat-torbice","13":"first","14":"instock","15":"taxable","16":"shipping-taxable","17":"purchasable","18":"product-type-simple"},"acf":[],"_links":{"self":[{"href":"https:\/\/staging.nbg.eu\/sl\/wp-json\/wp\/v2\/product\/540164","targetHints":{"allow":["GET"]}}],"collection":[{"href":"https:\/\/staging.nbg.eu\/sl\/wp-json\/wp\/v2\/product"}],"about":[{"href":"https:\/\/staging.nbg.eu\/sl\/wp-json\/wp\/v2\/types\/product"}],"wp:featuredmedia":[{"embeddable":true,"href":"https:\/\/staging.nbg.eu\/sl\/wp-json\/wp\/v2\/media\/497744"}],"wp:attachment":[{"href":"https:\/\/staging.nbg.eu\/sl\/wp-json\/wp\/v2\/media?parent=540164"}],"wp:term":[{"taxonomy":"product_brand","embeddable":true,"href":"https:\/\/staging.nbg.eu\/sl\/wp-json\/wp\/v2\/product_brand?post=540164"},{"taxonomy":"product_cat","embeddable":true,"href":"https:\/\/staging.nbg.eu\/sl\/wp-json\/wp\/v2\/product_cat?post=540164"},{"taxonomy":"product_tag","embeddable":true,"href":"https:\/\/staging.nbg.eu\/sl\/wp-json\/wp\/v2\/product_tag?post=540164"}],"curies":[{"name":"wp","href":"https:\/\/api.w.org\/{rel}","templated":true}]}}