{"id":539582,"date":"2025-09-05T17:38:18","date_gmt":"2025-09-05T14:38:18","guid":{"rendered":"https:\/\/staging.nbg.eu\/product\/or-leupold-delta-point-mounting-kit-for-l-02-w-02-steel-black\/"},"modified":"2025-09-30T14:24:43","modified_gmt":"2025-09-30T11:24:43","slug":"or-leupold-delta-point-komplet-za-montazo-za-l-02-w-02-jeklo-crno","status":"publish","type":"product","link":"https:\/\/staging.nbg.eu\/sl\/izdelek\/or-leupold-delta-point-komplet-za-montazo-za-l-02-w-02-jeklo-crno\/","title":{"rendered":"OR LEUPOLD DELTA POINT KOMPLET ZA MONTA\u017dO ZA L-02, W-02, JEKLO \u010cRNO"},"content":{"rendered":"<div class=\"product-description\">\n<h2>OR LEUPOLD DELTA POINT PRO MONTA\u017dNI KOMPLET LW64<\/h2>\n<p><strong>Referenca:<\/strong> 0091-01207-0001<\/p>\n<p><strong>Znamka:<\/strong> KMR Precision Arms<\/p>\n<h2>Opis<\/h2>\n<p>OR LEUPOLD DELTA POINT PRO MONTA\u017dNI KOMPLET LW64 je namenjen za KMR L-02 ali W-02 pi\u0161tolo. Ta osnovna plo\u0161\u010da je zasnovana za modele pi\u0161tol KMR L-02 in W-02, pripravljene za optiko (OR), in je primerna za optiko z odtisom Leupold DeltaPoint Pro.<\/p>\n<h2>Podrobnosti izdelka<\/h2>\n<ul>\n<li>Material: Jeklo<\/li>\n<li>Barva: \u010crna<\/li>\n<li>Vklju\u010duje dva M4 vijaka za namestitev<\/li>\n<\/ul>\n<h2>Namestitev<\/h2>\n<ol>\n<li>Odvijte originalno osnovno plo\u0161\u010do s pi\u0161tole<\/li>\n<li>Previdno o\u010distite obmo\u010dje monta\u017ee plo\u0161\u010de<\/li>\n<li>Namestite novo osnovno plo\u0161\u010do<\/li>\n<li>Privijte dva prilo\u017eena M4 vijaka z uporabo sredstva za za\u0161\u010dito navoja<\/li>\n<\/ol>\n<p><strong>Pomembno:<\/strong> NE UPORABLJAJTE RDE\u010cEGA LOCTITE!<\/p>\n<h2>Zdru\u017eljivi rde\u010di pik\u010dasti merilniki<\/h2>\n<p>Ta monta\u017eni komplet je zdru\u017eljiv z razli\u010dnimi rde\u010dimi pik\u010dastimi merilniki, ki uporabljajo Leupold DeltaPoint Pro monta\u017eni standard, vklju\u010dno z:<\/p>\n<ul>\n<li>Leupold DeltaPoint Pro<\/li>\n<li>Vortex Defender XL<\/li>\n<li>Eotech Eflx<\/li>\n<li>Holosun SCS 320<\/li>\n<li>In \u0161tevilni drugi<\/li>\n<\/ul>\n<p>Ta monta\u017eni komplet omogo\u010da namestitev va\u0161ega izbranega rde\u010dega pik\u010dastega merilnika na pi\u0161tolo KMR L-02 ali W-02.<\/p>\n<\/div>\n","protected":false},"excerpt":{"rendered":"<p>Jeklena osnovna plo\u0161\u010da za pi\u0161tole KMR L-02\/W-02, primerna za optiko DeltaPoint Pro<\/p>\n","protected":false},"featured_media":497559,"template":"","meta":{"_acf_changed":false},"product_brand":[11507,11509],"product_cat":[13435],"product_tag":[],"class_list":{"0":"post-539582","1":"product","2":"type-product","3":"status-publish","4":"has-post-thumbnail","6":"product_brand-kmr-precision","8":"product_cat-kmr-deli","10":"first","11":"instock","12":"taxable","13":"shipping-taxable","14":"purchasable","15":"product-type-simple"},"acf":[],"_links":{"self":[{"href":"https:\/\/staging.nbg.eu\/sl\/wp-json\/wp\/v2\/product\/539582","targetHints":{"allow":["GET"]}}],"collection":[{"href":"https:\/\/staging.nbg.eu\/sl\/wp-json\/wp\/v2\/product"}],"about":[{"href":"https:\/\/staging.nbg.eu\/sl\/wp-json\/wp\/v2\/types\/product"}],"wp:featuredmedia":[{"embeddable":true,"href":"https:\/\/staging.nbg.eu\/sl\/wp-json\/wp\/v2\/media\/497559"}],"wp:attachment":[{"href":"https:\/\/staging.nbg.eu\/sl\/wp-json\/wp\/v2\/media?parent=539582"}],"wp:term":[{"taxonomy":"product_brand","embeddable":true,"href":"https:\/\/staging.nbg.eu\/sl\/wp-json\/wp\/v2\/product_brand?post=539582"},{"taxonomy":"product_cat","embeddable":true,"href":"https:\/\/staging.nbg.eu\/sl\/wp-json\/wp\/v2\/product_cat?post=539582"},{"taxonomy":"product_tag","embeddable":true,"href":"https:\/\/staging.nbg.eu\/sl\/wp-json\/wp\/v2\/product_tag?post=539582"}],"curies":[{"name":"wp","href":"https:\/\/api.w.org\/{rel}","templated":true}]}}